{"id":4370,"date":"2017-04-12T14:05:13","date_gmt":"2017-04-12T12:05:13","guid":{"rendered":"http:\/\/grossklein-immobilien.de\/de\/?post_type=product&#038;p=4370"},"modified":"2023-05-12T12:38:52","modified_gmt":"2023-05-12T10:38:52","slug":"zwei-haushaelften-mit-remise-und-pool-in-ahrensfelde-bei-berlin","status":"publish","type":"product","link":"https:\/\/grossklein-immobilien.de\/de\/produkt\/zwei-haushaelften-mit-remise-und-pool-in-ahrensfelde-bei-berlin\/","title":{"rendered":"ZWEIFAMILIENHAUS MIT REMISE IN AHRENSFELDE BEI BERLIN"},"content":{"rendered":"<p style=\"text-align: justify;\">Die hier angebotenen zwei Doppelhaush\u00e4lften mit Remise in Ahrensfelde bei Berlin bieten insgesamt Platz f\u00fcr zwei Familien. Die eine und gr\u00f6\u00dfere Haush\u00e4lfte biete ca. 140m\u00b2 Wohn-und Nutzfl\u00e4che verteilt auf 4 Zimmer, davon eins im Erdgescho\u00df und 3 weitere im Obergescho\u00df. Dazu findet man ein Badezimmer im EG und ein G\u00e4ste-WC mit Dusche im OG. Am Wohnzimmer direkt angebunden befindet sich eine gro\u00dfz\u00fcgige Terrasse mit Blick und Zugang zu dem beheitzbaren Au\u00dfenpool und zu der gro\u00dfen Remise. Die kleinere Haush\u00e4lfte hat insgesamt ca. 80m\u00b2 Wohn-und Nutzfl\u00e4che, die auf 3-Zimmer verteilt sind. Dazu ein Duschbad, dass sich im Obergescho\u00df befindet. Dieses kleine Mehrfamilienhaus wurde in 1970 erbaut und ist im Jahr 2000 und 2012 kernsaniert worden und befindet sich somit in einem guten Zustand. Durch etwaige kleinere Anpassungen kann man sich hier sehr gem\u00fctlich machen und qualitativ wohnen. F\u00fcr kreative K\u00f6pfe bietet die noch nicht komplett ausgebaute Remise viel Platz f\u00fcr weitere Gestaltungsm\u00f6glichkeiten. Hierbei kann z.B. auch weitere Wohnfl\u00e4che neu gestaltet werden.<\/p>\n<p style=\"text-align: justify;\">Das Grundst\u00fcck selber grenzt nach hinten an ein Naturschutzgebiet und kann deshalb auch nicht zugebaut werden. Die Gemeinde Ahrensfelde liegt direkt an der Stadtgrenze zu Berlin-Marzahn und ist ideal f\u00fcr Familien, die gerne fern von Trubel der Stadt und Wohnen im Gr\u00fcnen bevorzugen. Dabei sorgt der naheliegende Autobahnanschlu\u00df an den Berliner Ring und die A10 f\u00fcr optimale Verkehrsanbindung. Das weinge Minuten entfernte Shoppingzentrum Eastgate in Berlin-Marzah bietet viele Gesch\u00e4fte, die zum Shoppen einladen. Das Stadtzentrum bzw. Mitte und Alexanderplatz sind mit dem PKW in ca. 25-30 Minuten erreichbar. Weitere diverse Bussverbindungen befinden sich in unmittelbarer N\u00e4he. F\u00fcr eine Gro\u00dffamilie oder zwei Familien, die gerne nauturverbunden und stadtnah wohnen ist diese Immobilie eine sehr interessante L\u00f6sung. F\u00fcr weitere Fragen dazu stehen wir Ihnen jederzeit gerne zur Verf\u00fcgung.<\/p>\n","protected":false},"excerpt":{"rendered":"<p>Hierbei handelt es sich um eine kleines Mehrfamilienhaus bestehend aus zwei H\u00e4userh\u00e4lften, die ideal f\u00fcr zwei Familien sind.<\/p>\n","protected":false},"featured_media":5998,"template":"","meta":{"_uag_custom_page_level_css":"","ngg_post_thumbnail":0},"product_cat":[26],"product_tag":[],"class_list":{"0":"post-4370","1":"product","2":"type-product","3":"status-publish","4":"has-post-thumbnail","6":"product_cat-einfamilienhaeuser","7":"pa_adresse-berliner-str-34-16356-ahrensfelde","8":"pa_balkon-2x-terrasse","9":"pa_baujahr-207","10":"pa_befeuerung-gas","11":"pa_courtage-45-zzgl-gesetz-mwst-vom-beurk-kaufpreis","12":"pa_etagen-198","13":"pa_gaeste-wc-vorhanden","14":"pa_heizungsart-zh","15":"pa_objektzustand-gepflegt","16":"pa_standort-ahrensfelde-barnim","17":"pa_wohnflaeche-204","18":"pa_zimmer-203","20":"first","21":"outofstock","22":"shipping-taxable","23":"purchasable","24":"product-type-simple"},"yoast_head":"<!-- This site is optimized with the Yoast SEO plugin v26.8 - https:\/\/yoast.com\/product\/yoast-seo-wordpress\/ -->\n<title>Zwei Haush\u00e4lften mit Remise und Pool in Ahrensfelde bei Berlin<\/title>\n<meta name=\"description\" content=\"Zwei Haush\u00e4lften mit Remise und Pool in Ahhrensfelde bei Berlin bieten viel Platz f\u00fcr zwei Familien, die gerne stadnah und im Gr\u00fcnen wohnen.\" \/>\n<meta name=\"robots\" content=\"index, follow, max-snippet:-1, max-image-preview:large, max-video-preview:-1\" \/>\n<link rel=\"canonical\" href=\"https:\/\/grossklein-immobilien.de\/de\/produkt\/zwei-haushaelften-mit-remise-und-pool-in-ahrensfelde-bei-berlin\/\" \/>\n<meta property=\"og:locale\" content=\"de_DE\" \/>\n<meta property=\"og:type\" content=\"article\" \/>\n<meta property=\"og:title\" content=\"Zwei Haush\u00e4lften mit Remise und Pool in Ahrensfelde bei Berlin\" \/>\n<meta property=\"og:description\" content=\"Zwei Haush\u00e4lften mit Remise und Pool in Ahhrensfelde bei Berlin bieten viel Platz f\u00fcr zwei Familien, die gerne stadnah und im Gr\u00fcnen wohnen.\" \/>\n<meta property=\"og:url\" content=\"https:\/\/grossklein-immobilien.de\/de\/produkt\/zwei-haushaelften-mit-remise-und-pool-in-ahrensfelde-bei-berlin\/\" \/>\n<meta property=\"article:publisher\" content=\"https:\/\/www.facebook.com\/TOMIC-IMMOBILIEN-110945718988806\/\" \/>\n<meta property=\"article:modified_time\" content=\"2023-05-12T10:38:52+00:00\" \/>\n<meta property=\"og:image\" content=\"https:\/\/grossklein-immobilien.de\/de\/wp-content\/uploads\/2017\/04\/zwei-haush\u00e4lften-mit-remise.jpg\" \/>\n\t<meta property=\"og:image:width\" content=\"1024\" \/>\n\t<meta property=\"og:image:height\" content=\"683\" \/>\n\t<meta property=\"og:image:type\" content=\"image\/jpeg\" \/>\n<meta name=\"twitter:card\" content=\"summary_large_image\" \/>\n<meta name=\"twitter:site\" content=\"@draz_tomic\" \/>\n<meta name=\"twitter:label1\" content=\"Gesch\u00e4tzte Lesezeit\" \/>\n\t<meta name=\"twitter:data1\" content=\"2\u00a0Minuten\" \/>\n<script type=\"application\/ld+json\" class=\"yoast-schema-graph\">{\"@context\":\"https:\/\/schema.org\",\"@graph\":[{\"@type\":\"WebPage\",\"@id\":\"https:\/\/grossklein-immobilien.de\/de\/produkt\/zwei-haushaelften-mit-remise-und-pool-in-ahrensfelde-bei-berlin\/\",\"url\":\"https:\/\/grossklein-immobilien.de\/de\/produkt\/zwei-haushaelften-mit-remise-und-pool-in-ahrensfelde-bei-berlin\/\",\"name\":\"Zwei Haush\u00e4lften mit Remise und Pool in Ahrensfelde bei Berlin\",\"isPartOf\":{\"@id\":\"https:\/\/grossklein-immobilien.de\/de\/#website\"},\"primaryImageOfPage\":{\"@id\":\"https:\/\/grossklein-immobilien.de\/de\/produkt\/zwei-haushaelften-mit-remise-und-pool-in-ahrensfelde-bei-berlin\/#primaryimage\"},\"image\":{\"@id\":\"https:\/\/grossklein-immobilien.de\/de\/produkt\/zwei-haushaelften-mit-remise-und-pool-in-ahrensfelde-bei-berlin\/#primaryimage\"},\"thumbnailUrl\":\"https:\/\/grossklein-immobilien.de\/de\/wp-content\/uploads\/2017\/04\/zwei-haush\u00e4lften-mit-remise.jpg\",\"datePublished\":\"2017-04-12T12:05:13+00:00\",\"dateModified\":\"2023-05-12T10:38:52+00:00\",\"description\":\"Zwei Haush\u00e4lften mit Remise und Pool in Ahhrensfelde bei Berlin bieten viel Platz f\u00fcr zwei Familien, die gerne stadnah und im Gr\u00fcnen wohnen.\",\"breadcrumb\":{\"@id\":\"https:\/\/grossklein-immobilien.de\/de\/produkt\/zwei-haushaelften-mit-remise-und-pool-in-ahrensfelde-bei-berlin\/#breadcrumb\"},\"inLanguage\":\"de\",\"potentialAction\":[{\"@type\":\"ReadAction\",\"target\":[\"https:\/\/grossklein-immobilien.de\/de\/produkt\/zwei-haushaelften-mit-remise-und-pool-in-ahrensfelde-bei-berlin\/\"]}]},{\"@type\":\"ImageObject\",\"inLanguage\":\"de\",\"@id\":\"https:\/\/grossklein-immobilien.de\/de\/produkt\/zwei-haushaelften-mit-remise-und-pool-in-ahrensfelde-bei-berlin\/#primaryimage\",\"url\":\"https:\/\/grossklein-immobilien.de\/de\/wp-content\/uploads\/2017\/04\/zwei-haush\u00e4lften-mit-remise.jpg\",\"contentUrl\":\"https:\/\/grossklein-immobilien.de\/de\/wp-content\/uploads\/2017\/04\/zwei-haush\u00e4lften-mit-remise.jpg\",\"width\":1024,\"height\":683},{\"@type\":\"BreadcrumbList\",\"@id\":\"https:\/\/grossklein-immobilien.de\/de\/produkt\/zwei-haushaelften-mit-remise-und-pool-in-ahrensfelde-bei-berlin\/#breadcrumb\",\"itemListElement\":[{\"@type\":\"ListItem\",\"position\":1,\"name\":\"Home\",\"item\":\"https:\/\/grossklein-immobilien.de\/de\/\"},{\"@type\":\"ListItem\",\"position\":2,\"name\":\"Immobilienangebote\",\"item\":\"https:\/\/grossklein-immobilien.de\/de\/immobilien-berlin\/\"},{\"@type\":\"ListItem\",\"position\":3,\"name\":\"ZWEIFAMILIENHAUS MIT REMISE IN AHRENSFELDE BEI BERLIN\"}]},{\"@type\":\"WebSite\",\"@id\":\"https:\/\/grossklein-immobilien.de\/de\/#website\",\"url\":\"https:\/\/grossklein-immobilien.de\/de\/\",\"name\":\"\",\"description\":\"\",\"potentialAction\":[{\"@type\":\"SearchAction\",\"target\":{\"@type\":\"EntryPoint\",\"urlTemplate\":\"https:\/\/grossklein-immobilien.de\/de\/?s={search_term_string}\"},\"query-input\":{\"@type\":\"PropertyValueSpecification\",\"valueRequired\":true,\"valueName\":\"search_term_string\"}}],\"inLanguage\":\"de\"}]}<\/script>\n<!-- \/ Yoast SEO plugin. -->","yoast_head_json":{"title":"Zwei Haush\u00e4lften mit Remise und Pool in Ahrensfelde bei Berlin","description":"Zwei Haush\u00e4lften mit Remise und Pool in Ahhrensfelde bei Berlin bieten viel Platz f\u00fcr zwei Familien, die gerne stadnah und im Gr\u00fcnen wohnen.","robots":{"index":"index","follow":"follow","max-snippet":"max-snippet:-1","max-image-preview":"max-image-preview:large","max-video-preview":"max-video-preview:-1"},"canonical":"https:\/\/grossklein-immobilien.de\/de\/produkt\/zwei-haushaelften-mit-remise-und-pool-in-ahrensfelde-bei-berlin\/","og_locale":"de_DE","og_type":"article","og_title":"Zwei Haush\u00e4lften mit Remise und Pool in Ahrensfelde bei Berlin","og_description":"Zwei Haush\u00e4lften mit Remise und Pool in Ahhrensfelde bei Berlin bieten viel Platz f\u00fcr zwei Familien, die gerne stadnah und im Gr\u00fcnen wohnen.","og_url":"https:\/\/grossklein-immobilien.de\/de\/produkt\/zwei-haushaelften-mit-remise-und-pool-in-ahrensfelde-bei-berlin\/","article_publisher":"https:\/\/www.facebook.com\/TOMIC-IMMOBILIEN-110945718988806\/","article_modified_time":"2023-05-12T10:38:52+00:00","og_image":[{"width":1024,"height":683,"url":"https:\/\/grossklein-immobilien.de\/de\/wp-content\/uploads\/2017\/04\/zwei-haush\u00e4lften-mit-remise.jpg","type":"image\/jpeg"}],"twitter_card":"summary_large_image","twitter_site":"@draz_tomic","twitter_misc":{"Gesch\u00e4tzte Lesezeit":"2\u00a0Minuten"},"schema":{"@context":"https:\/\/schema.org","@graph":[{"@type":"WebPage","@id":"https:\/\/grossklein-immobilien.de\/de\/produkt\/zwei-haushaelften-mit-remise-und-pool-in-ahrensfelde-bei-berlin\/","url":"https:\/\/grossklein-immobilien.de\/de\/produkt\/zwei-haushaelften-mit-remise-und-pool-in-ahrensfelde-bei-berlin\/","name":"Zwei Haush\u00e4lften mit Remise und Pool in Ahrensfelde bei Berlin","isPartOf":{"@id":"https:\/\/grossklein-immobilien.de\/de\/#website"},"primaryImageOfPage":{"@id":"https:\/\/grossklein-immobilien.de\/de\/produkt\/zwei-haushaelften-mit-remise-und-pool-in-ahrensfelde-bei-berlin\/#primaryimage"},"image":{"@id":"https:\/\/grossklein-immobilien.de\/de\/produkt\/zwei-haushaelften-mit-remise-und-pool-in-ahrensfelde-bei-berlin\/#primaryimage"},"thumbnailUrl":"https:\/\/grossklein-immobilien.de\/de\/wp-content\/uploads\/2017\/04\/zwei-haush\u00e4lften-mit-remise.jpg","datePublished":"2017-04-12T12:05:13+00:00","dateModified":"2023-05-12T10:38:52+00:00","description":"Zwei Haush\u00e4lften mit Remise und Pool in Ahhrensfelde bei Berlin bieten viel Platz f\u00fcr zwei Familien, die gerne stadnah und im Gr\u00fcnen wohnen.","breadcrumb":{"@id":"https:\/\/grossklein-immobilien.de\/de\/produkt\/zwei-haushaelften-mit-remise-und-pool-in-ahrensfelde-bei-berlin\/#breadcrumb"},"inLanguage":"de","potentialAction":[{"@type":"ReadAction","target":["https:\/\/grossklein-immobilien.de\/de\/produkt\/zwei-haushaelften-mit-remise-und-pool-in-ahrensfelde-bei-berlin\/"]}]},{"@type":"ImageObject","inLanguage":"de","@id":"https:\/\/grossklein-immobilien.de\/de\/produkt\/zwei-haushaelften-mit-remise-und-pool-in-ahrensfelde-bei-berlin\/#primaryimage","url":"https:\/\/grossklein-immobilien.de\/de\/wp-content\/uploads\/2017\/04\/zwei-haush\u00e4lften-mit-remise.jpg","contentUrl":"https:\/\/grossklein-immobilien.de\/de\/wp-content\/uploads\/2017\/04\/zwei-haush\u00e4lften-mit-remise.jpg","width":1024,"height":683},{"@type":"BreadcrumbList","@id":"https:\/\/grossklein-immobilien.de\/de\/produkt\/zwei-haushaelften-mit-remise-und-pool-in-ahrensfelde-bei-berlin\/#breadcrumb","itemListElement":[{"@type":"ListItem","position":1,"name":"Home","item":"https:\/\/grossklein-immobilien.de\/de\/"},{"@type":"ListItem","position":2,"name":"Immobilienangebote","item":"https:\/\/grossklein-immobilien.de\/de\/immobilien-berlin\/"},{"@type":"ListItem","position":3,"name":"ZWEIFAMILIENHAUS MIT REMISE IN AHRENSFELDE BEI BERLIN"}]},{"@type":"WebSite","@id":"https:\/\/grossklein-immobilien.de\/de\/#website","url":"https:\/\/grossklein-immobilien.de\/de\/","name":"","description":"","potentialAction":[{"@type":"SearchAction","target":{"@type":"EntryPoint","urlTemplate":"https:\/\/grossklein-immobilien.de\/de\/?s={search_term_string}"},"query-input":{"@type":"PropertyValueSpecification","valueRequired":true,"valueName":"search_term_string"}}],"inLanguage":"de"}]}},"uagb_featured_image_src":{"full":["https:\/\/grossklein-immobilien.de\/de\/wp-content\/uploads\/2017\/04\/zwei-haush\u00e4lften-mit-remise.jpg",1024,683,false],"thumbnail":["https:\/\/grossklein-immobilien.de\/de\/wp-content\/uploads\/2017\/04\/zwei-haush\u00e4lften-mit-remise-150x150.jpg",150,150,true],"medium":["https:\/\/grossklein-immobilien.de\/de\/wp-content\/uploads\/2017\/04\/zwei-haush\u00e4lften-mit-remise-300x200.jpg",300,200,true],"medium_large":["https:\/\/grossklein-immobilien.de\/de\/wp-content\/uploads\/2017\/04\/zwei-haush\u00e4lften-mit-remise.jpg",1024,683,false],"large":["https:\/\/grossklein-immobilien.de\/de\/wp-content\/uploads\/2017\/04\/zwei-haush\u00e4lften-mit-remise-1024x683.jpg",604,403,true],"1536x1536":["https:\/\/grossklein-immobilien.de\/de\/wp-content\/uploads\/2017\/04\/zwei-haush\u00e4lften-mit-remise.jpg",1024,683,false],"2048x2048":["https:\/\/grossklein-immobilien.de\/de\/wp-content\/uploads\/2017\/04\/zwei-haush\u00e4lften-mit-remise.jpg",1024,683,false],"post-thumbnail":["https:\/\/grossklein-immobilien.de\/de\/wp-content\/uploads\/2017\/04\/zwei-haush\u00e4lften-mit-remise-604x270.jpg",604,270,true],"woocommerce_thumbnail":["https:\/\/grossklein-immobilien.de\/de\/wp-content\/uploads\/2017\/04\/zwei-haush\u00e4lften-mit-remise-300x300.jpg",300,300,true],"woocommerce_single":["https:\/\/grossklein-immobilien.de\/de\/wp-content\/uploads\/2017\/04\/zwei-haush\u00e4lften-mit-remise.jpg",1024,683,false],"woocommerce_gallery_thumbnail":["https:\/\/grossklein-immobilien.de\/de\/wp-content\/uploads\/2017\/04\/zwei-haush\u00e4lften-mit-remise-100x100.jpg",100,100,true]},"uagb_author_info":{"display_name":"Drazan Tomic","author_link":"https:\/\/grossklein-immobilien.de\/de\/author\/"},"uagb_comment_info":0,"uagb_excerpt":"Hierbei handelt es sich um eine kleines Mehrfamilienhaus bestehend aus zwei H\u00e4userh\u00e4lften, die ideal f\u00fcr zwei Familien sind.","_links":{"self":[{"href":"https:\/\/grossklein-immobilien.de\/de\/wp-json\/wp\/v2\/product\/4370","targetHints":{"allow":["GET"]}}],"collection":[{"href":"https:\/\/grossklein-immobilien.de\/de\/wp-json\/wp\/v2\/product"}],"about":[{"href":"https:\/\/grossklein-immobilien.de\/de\/wp-json\/wp\/v2\/types\/product"}],"wp:featuredmedia":[{"embeddable":true,"href":"https:\/\/grossklein-immobilien.de\/de\/wp-json\/wp\/v2\/media\/5998"}],"wp:attachment":[{"href":"https:\/\/grossklein-immobilien.de\/de\/wp-json\/wp\/v2\/media?parent=4370"}],"wp:term":[{"taxonomy":"product_cat","embeddable":true,"href":"https:\/\/grossklein-immobilien.de\/de\/wp-json\/wp\/v2\/product_cat?post=4370"},{"taxonomy":"product_tag","embeddable":true,"href":"https:\/\/grossklein-immobilien.de\/de\/wp-json\/wp\/v2\/product_tag?post=4370"}],"curies":[{"name":"wp","href":"https:\/\/api.w.org\/{rel}","templated":true}]}}