{"id":4897,"date":"2017-08-15T17:49:35","date_gmt":"2017-08-15T15:49:35","guid":{"rendered":"http:\/\/grossklein-immobilien.de\/de\/?post_type=product&#038;p=4897"},"modified":"2026-02-06T10:12:33","modified_gmt":"2026-02-06T09:12:33","slug":"luxurioeses-penthouse-in-mitte","status":"publish","type":"product","link":"https:\/\/grossklein-immobilien.de\/de\/produkt\/luxurioeses-penthouse-in-mitte\/","title":{"rendered":"LUXURI\u00d6SES PENTHOUSE IN BERLIN-MITTE!"},"content":{"rendered":"<p style=\"text-align: justify;\">Hierbei handelt es sich um ein Penthouse der Extraklasse, dass bequem mit dem Aufzug zu erreichen ist. Der moderne Charackter dieser Wohnung \u00fcberzeugt in allen Details.&nbsp; Die Wohnung verf\u00fcgt \u00fcber 7 Zimmer davon 6 Schlafzimmer, 2 B\u00e4der, zwei Balkone und eine gro\u00dfz\u00fcgige Wohnk\u00fcche. In der Wohnk\u00fcche ist eine hochwertige Einbauk\u00fcche verbaut. Die B\u00e4der sind mit den besten Desigerfliesen &#8211; und hochmodernen Objekten ausgestattet. Eine hoch exklusive Sauna l\u00e4dt zum Entspannen ein und f\u00fcr die kalten Wintertage sorgt ein Ethanolkamin f\u00fcr angenehme Wohlf\u00fchlatmosph\u00e4re. In allen R\u00e4umen ist hochwertiges Eichenparkett verlegt. Die Beiheizung der Wohnung erfolgt \u00fcber eine zentrale Heizungsanlage die an Fernw\u00e4rme angebunden ist. Den Fernsehturm und weitere bekannte Sehensw\u00fcrdigkeiten behalten Sie bei dieser Traumwohnung immer fest im Blick. Zudem ist es m\u00f6glich die beiden Etagen als zwei separate Wohnungen zu nutzten. Eine Erlaubnis zur Errichtung einer Dachterrasse mit ca. 18m\u00b2 liegt ebenfalls vom Bauamt vor und umrundet dieses traumhafte Penthouse Wohnung.<\/p>\n<p>Vermittelt durch Gross &amp; Klein Immobilien, Ihrem <a href=\"https:\/\/grossklein-immobilien.de\/de\/immobilienmakler-berlin-mitte\/\">Immobilienmakler in Berlin-Mitte<\/a>.<\/p>\n","protected":false},"excerpt":{"rendered":"<p>Edles und luxuri\u00f6se Penthouse-Maisonette mit Aufzug und modernster Ausstattung unweit Potsdamer Platz in Mitte. 7 Zimmer davon 6 Schlafzimmer, zwei B\u00e4der, Sauna und Ethanolkamin sorgen f\u00fcr Wohlf\u00fchlfaktor durchs ganze Jahr.<\/p>\n","protected":false},"featured_media":4898,"template":"","meta":{"_uag_custom_page_level_css":"","ngg_post_thumbnail":0},"product_cat":[24,231,424,427],"product_tag":[],"class_list":{"0":"post-4897","1":"product","2":"type-product","3":"status-publish","4":"has-post-thumbnail","6":"product_cat-eigentumswohnungen","7":"product_cat-mitte","8":"product_cat-200-und-groesser","9":"product_cat-6-und-mehr","10":"pa_adresse-10117-berlin","11":"pa_balkon-67","12":"pa_baujahr-83","13":"pa_befeuerung-fernwaerme","14":"pa_courtage-595-vom-beurk-kaufpreis","15":"pa_etage-dg","16":"pa_etagen-6-und-6","17":"pa_gaeste-wc-ja","18":"pa_heizungsart-zentralheizung","19":"pa_objektzustand-neuwertig-luxurioes","20":"pa_standort-berlin-mitte","21":"pa_wohnflaeche-21700m","22":"pa_zimmer-226","24":"first","25":"outofstock","26":"shipping-taxable","27":"purchasable","28":"product-type-simple"},"yoast_head":"<!-- This site is optimized with the Yoast SEO plugin v26.8 - https:\/\/yoast.com\/product\/yoast-seo-wordpress\/ -->\n<title>luxurioeses penthouse in mitte<\/title>\n<meta name=\"robots\" content=\"index, follow, max-snippet:-1, max-image-preview:large, max-video-preview:-1\" \/>\n<link rel=\"canonical\" href=\"https:\/\/grossklein-immobilien.de\/de\/produkt\/luxurioeses-penthouse-in-mitte\/\" \/>\n<meta property=\"og:locale\" content=\"de_DE\" \/>\n<meta property=\"og:type\" content=\"article\" \/>\n<meta property=\"og:title\" content=\"luxurioeses penthouse in mitte\" \/>\n<meta property=\"og:description\" content=\"Edles und luxuri\u00f6se Penthouse-Maisonette mit Aufzug und modernster Ausstattung unweit Potsdamer Platz in Mitte. 7 Zimmer davon 6 Schlafzimmer, zwei B\u00e4der, Sauna und Ethanolkamin sorgen f\u00fcr Wohlf\u00fchlfaktor durchs ganze Jahr.\" \/>\n<meta property=\"og:url\" content=\"https:\/\/grossklein-immobilien.de\/de\/produkt\/luxurioeses-penthouse-in-mitte\/\" \/>\n<meta property=\"article:publisher\" content=\"https:\/\/www.facebook.com\/TOMIC-IMMOBILIEN-110945718988806\/\" \/>\n<meta property=\"article:modified_time\" content=\"2026-02-06T09:12:33+00:00\" \/>\n<meta property=\"og:image\" content=\"https:\/\/grossklein-immobilien.de\/de\/wp-content\/uploads\/2017\/08\/IMG_1568.jpg\" \/>\n\t<meta property=\"og:image:width\" content=\"1024\" \/>\n\t<meta property=\"og:image:height\" content=\"683\" \/>\n\t<meta property=\"og:image:type\" content=\"image\/jpeg\" \/>\n<meta name=\"twitter:card\" content=\"summary_large_image\" \/>\n<meta name=\"twitter:site\" content=\"@draz_tomic\" \/>\n<meta name=\"twitter:label1\" content=\"Gesch\u00e4tzte Lesezeit\" \/>\n\t<meta name=\"twitter:data1\" content=\"2\u00a0Minuten\" \/>\n<script type=\"application\/ld+json\" class=\"yoast-schema-graph\">{\"@context\":\"https:\/\/schema.org\",\"@graph\":[{\"@type\":\"WebPage\",\"@id\":\"https:\/\/grossklein-immobilien.de\/de\/produkt\/luxurioeses-penthouse-in-mitte\/\",\"url\":\"https:\/\/grossklein-immobilien.de\/de\/produkt\/luxurioeses-penthouse-in-mitte\/\",\"name\":\"luxurioeses penthouse in mitte\",\"isPartOf\":{\"@id\":\"https:\/\/grossklein-immobilien.de\/de\/#website\"},\"primaryImageOfPage\":{\"@id\":\"https:\/\/grossklein-immobilien.de\/de\/produkt\/luxurioeses-penthouse-in-mitte\/#primaryimage\"},\"image\":{\"@id\":\"https:\/\/grossklein-immobilien.de\/de\/produkt\/luxurioeses-penthouse-in-mitte\/#primaryimage\"},\"thumbnailUrl\":\"https:\/\/grossklein-immobilien.de\/de\/wp-content\/uploads\/2017\/08\/IMG_1568.jpg\",\"datePublished\":\"2017-08-15T15:49:35+00:00\",\"dateModified\":\"2026-02-06T09:12:33+00:00\",\"breadcrumb\":{\"@id\":\"https:\/\/grossklein-immobilien.de\/de\/produkt\/luxurioeses-penthouse-in-mitte\/#breadcrumb\"},\"inLanguage\":\"de\",\"potentialAction\":[{\"@type\":\"ReadAction\",\"target\":[\"https:\/\/grossklein-immobilien.de\/de\/produkt\/luxurioeses-penthouse-in-mitte\/\"]}]},{\"@type\":\"ImageObject\",\"inLanguage\":\"de\",\"@id\":\"https:\/\/grossklein-immobilien.de\/de\/produkt\/luxurioeses-penthouse-in-mitte\/#primaryimage\",\"url\":\"https:\/\/grossklein-immobilien.de\/de\/wp-content\/uploads\/2017\/08\/IMG_1568.jpg\",\"contentUrl\":\"https:\/\/grossklein-immobilien.de\/de\/wp-content\/uploads\/2017\/08\/IMG_1568.jpg\",\"width\":1024,\"height\":683},{\"@type\":\"BreadcrumbList\",\"@id\":\"https:\/\/grossklein-immobilien.de\/de\/produkt\/luxurioeses-penthouse-in-mitte\/#breadcrumb\",\"itemListElement\":[{\"@type\":\"ListItem\",\"position\":1,\"name\":\"Home\",\"item\":\"https:\/\/grossklein-immobilien.de\/de\/\"},{\"@type\":\"ListItem\",\"position\":2,\"name\":\"Immobilienangebote\",\"item\":\"https:\/\/grossklein-immobilien.de\/de\/immobilien-berlin\/\"},{\"@type\":\"ListItem\",\"position\":3,\"name\":\"LUXURI\u00d6SES PENTHOUSE IN BERLIN-MITTE!\"}]},{\"@type\":\"WebSite\",\"@id\":\"https:\/\/grossklein-immobilien.de\/de\/#website\",\"url\":\"https:\/\/grossklein-immobilien.de\/de\/\",\"name\":\"\",\"description\":\"\",\"potentialAction\":[{\"@type\":\"SearchAction\",\"target\":{\"@type\":\"EntryPoint\",\"urlTemplate\":\"https:\/\/grossklein-immobilien.de\/de\/?s={search_term_string}\"},\"query-input\":{\"@type\":\"PropertyValueSpecification\",\"valueRequired\":true,\"valueName\":\"search_term_string\"}}],\"inLanguage\":\"de\"}]}<\/script>\n<!-- \/ Yoast SEO plugin. -->","yoast_head_json":{"title":"luxurioeses penthouse in mitte","robots":{"index":"index","follow":"follow","max-snippet":"max-snippet:-1","max-image-preview":"max-image-preview:large","max-video-preview":"max-video-preview:-1"},"canonical":"https:\/\/grossklein-immobilien.de\/de\/produkt\/luxurioeses-penthouse-in-mitte\/","og_locale":"de_DE","og_type":"article","og_title":"luxurioeses penthouse in mitte","og_description":"Edles und luxuri\u00f6se Penthouse-Maisonette mit Aufzug und modernster Ausstattung unweit Potsdamer Platz in Mitte. 7 Zimmer davon 6 Schlafzimmer, zwei B\u00e4der, Sauna und Ethanolkamin sorgen f\u00fcr Wohlf\u00fchlfaktor durchs ganze Jahr.","og_url":"https:\/\/grossklein-immobilien.de\/de\/produkt\/luxurioeses-penthouse-in-mitte\/","article_publisher":"https:\/\/www.facebook.com\/TOMIC-IMMOBILIEN-110945718988806\/","article_modified_time":"2026-02-06T09:12:33+00:00","og_image":[{"width":1024,"height":683,"url":"https:\/\/grossklein-immobilien.de\/de\/wp-content\/uploads\/2017\/08\/IMG_1568.jpg","type":"image\/jpeg"}],"twitter_card":"summary_large_image","twitter_site":"@draz_tomic","twitter_misc":{"Gesch\u00e4tzte Lesezeit":"2\u00a0Minuten"},"schema":{"@context":"https:\/\/schema.org","@graph":[{"@type":"WebPage","@id":"https:\/\/grossklein-immobilien.de\/de\/produkt\/luxurioeses-penthouse-in-mitte\/","url":"https:\/\/grossklein-immobilien.de\/de\/produkt\/luxurioeses-penthouse-in-mitte\/","name":"luxurioeses penthouse in mitte","isPartOf":{"@id":"https:\/\/grossklein-immobilien.de\/de\/#website"},"primaryImageOfPage":{"@id":"https:\/\/grossklein-immobilien.de\/de\/produkt\/luxurioeses-penthouse-in-mitte\/#primaryimage"},"image":{"@id":"https:\/\/grossklein-immobilien.de\/de\/produkt\/luxurioeses-penthouse-in-mitte\/#primaryimage"},"thumbnailUrl":"https:\/\/grossklein-immobilien.de\/de\/wp-content\/uploads\/2017\/08\/IMG_1568.jpg","datePublished":"2017-08-15T15:49:35+00:00","dateModified":"2026-02-06T09:12:33+00:00","breadcrumb":{"@id":"https:\/\/grossklein-immobilien.de\/de\/produkt\/luxurioeses-penthouse-in-mitte\/#breadcrumb"},"inLanguage":"de","potentialAction":[{"@type":"ReadAction","target":["https:\/\/grossklein-immobilien.de\/de\/produkt\/luxurioeses-penthouse-in-mitte\/"]}]},{"@type":"ImageObject","inLanguage":"de","@id":"https:\/\/grossklein-immobilien.de\/de\/produkt\/luxurioeses-penthouse-in-mitte\/#primaryimage","url":"https:\/\/grossklein-immobilien.de\/de\/wp-content\/uploads\/2017\/08\/IMG_1568.jpg","contentUrl":"https:\/\/grossklein-immobilien.de\/de\/wp-content\/uploads\/2017\/08\/IMG_1568.jpg","width":1024,"height":683},{"@type":"BreadcrumbList","@id":"https:\/\/grossklein-immobilien.de\/de\/produkt\/luxurioeses-penthouse-in-mitte\/#breadcrumb","itemListElement":[{"@type":"ListItem","position":1,"name":"Home","item":"https:\/\/grossklein-immobilien.de\/de\/"},{"@type":"ListItem","position":2,"name":"Immobilienangebote","item":"https:\/\/grossklein-immobilien.de\/de\/immobilien-berlin\/"},{"@type":"ListItem","position":3,"name":"LUXURI\u00d6SES PENTHOUSE IN BERLIN-MITTE!"}]},{"@type":"WebSite","@id":"https:\/\/grossklein-immobilien.de\/de\/#website","url":"https:\/\/grossklein-immobilien.de\/de\/","name":"","description":"","potentialAction":[{"@type":"SearchAction","target":{"@type":"EntryPoint","urlTemplate":"https:\/\/grossklein-immobilien.de\/de\/?s={search_term_string}"},"query-input":{"@type":"PropertyValueSpecification","valueRequired":true,"valueName":"search_term_string"}}],"inLanguage":"de"}]}},"uagb_featured_image_src":{"full":["https:\/\/grossklein-immobilien.de\/de\/wp-content\/uploads\/2017\/08\/IMG_1568.jpg",1024,683,false],"thumbnail":["https:\/\/grossklein-immobilien.de\/de\/wp-content\/uploads\/2017\/08\/IMG_1568-150x150.jpg",150,150,true],"medium":["https:\/\/grossklein-immobilien.de\/de\/wp-content\/uploads\/2017\/08\/IMG_1568-300x200.jpg",300,200,true],"medium_large":["https:\/\/grossklein-immobilien.de\/de\/wp-content\/uploads\/2017\/08\/IMG_1568.jpg",1024,683,false],"large":["https:\/\/grossklein-immobilien.de\/de\/wp-content\/uploads\/2017\/08\/IMG_1568-1024x683.jpg",604,403,true],"1536x1536":["https:\/\/grossklein-immobilien.de\/de\/wp-content\/uploads\/2017\/08\/IMG_1568.jpg",1024,683,false],"2048x2048":["https:\/\/grossklein-immobilien.de\/de\/wp-content\/uploads\/2017\/08\/IMG_1568.jpg",1024,683,false],"post-thumbnail":["https:\/\/grossklein-immobilien.de\/de\/wp-content\/uploads\/2017\/08\/IMG_1568-604x270.jpg",604,270,true],"woocommerce_thumbnail":["https:\/\/grossklein-immobilien.de\/de\/wp-content\/uploads\/2017\/08\/IMG_1568-300x300.jpg",300,300,true],"woocommerce_single":["https:\/\/grossklein-immobilien.de\/de\/wp-content\/uploads\/2017\/08\/IMG_1568.jpg",1024,683,false],"woocommerce_gallery_thumbnail":["https:\/\/grossklein-immobilien.de\/de\/wp-content\/uploads\/2017\/08\/IMG_1568-100x100.jpg",100,100,true]},"uagb_author_info":{"display_name":"Drazan Tomic","author_link":"https:\/\/grossklein-immobilien.de\/de\/author\/"},"uagb_comment_info":0,"uagb_excerpt":"Edles und luxuri\u00f6se Penthouse-Maisonette mit Aufzug und modernster Ausstattung unweit Potsdamer Platz in Mitte. 7 Zimmer davon 6 Schlafzimmer, zwei B\u00e4der, Sauna und Ethanolkamin sorgen f\u00fcr Wohlf\u00fchlfaktor durchs ganze Jahr.","_links":{"self":[{"href":"https:\/\/grossklein-immobilien.de\/de\/wp-json\/wp\/v2\/product\/4897","targetHints":{"allow":["GET"]}}],"collection":[{"href":"https:\/\/grossklein-immobilien.de\/de\/wp-json\/wp\/v2\/product"}],"about":[{"href":"https:\/\/grossklein-immobilien.de\/de\/wp-json\/wp\/v2\/types\/product"}],"wp:featuredmedia":[{"embeddable":true,"href":"https:\/\/grossklein-immobilien.de\/de\/wp-json\/wp\/v2\/media\/4898"}],"wp:attachment":[{"href":"https:\/\/grossklein-immobilien.de\/de\/wp-json\/wp\/v2\/media?parent=4897"}],"wp:term":[{"taxonomy":"product_cat","embeddable":true,"href":"https:\/\/grossklein-immobilien.de\/de\/wp-json\/wp\/v2\/product_cat?post=4897"},{"taxonomy":"product_tag","embeddable":true,"href":"https:\/\/grossklein-immobilien.de\/de\/wp-json\/wp\/v2\/product_tag?post=4897"}],"curies":[{"name":"wp","href":"https:\/\/api.w.org\/{rel}","templated":true}]}}