{"id":4929,"date":"2017-08-18T16:44:50","date_gmt":"2017-08-18T14:44:50","guid":{"rendered":"http:\/\/grossklein-immobilien.de\/de\/?post_type=product&#038;p=4929"},"modified":"2026-02-06T11:11:35","modified_gmt":"2026-02-06T10:11:35","slug":"neubau-erstbezug-am-viktoriapark-in-kreuzberg","status":"publish","type":"product","link":"https:\/\/grossklein-immobilien.de\/de\/produkt\/neubau-erstbezug-am-viktoriapark-in-kreuzberg\/","title":{"rendered":"NEUBAU ERSTBEZUG AM VIKTORIAPARK IN KREUZBERG"},"content":{"rendered":"<p style=\"text-align: justify;\">Bei dieser angebotenen 3-Zimmer Wohnung handelt es sich um einen modernen Neubau, der in 2016 erbaut wurde. Die Wohnung befindet sich im 2.OG und ist ebenfalls mit dem Aufzug sehr leicht zu erreichen. Der Grundriss dieser Wohnung ist sehr praktisch durchdacht. Die zahlreichen bodentiefen Holz-Fenster bieten viel Sonnenlicht und gestalten die Wohnung hell und freundlich. Ein gro\u00dfz\u00fcgiger Wohnraum mit offener K\u00fcche und angebundener S\u00fcdwest-Loggia sind der zentrale Ort dieser hochwertigen Wohnung. Das Wannenbad ist schlicht aber sehr modern gestaltet worden und bietet eine Fu\u00dfbodenheizung, die auch in allen R\u00e4umen und unter dem hochwertigen Parkett verlegt wurde. Des Weiteren stehen Ihnen zwei Schlafzimmer und ein G\u00e4ste-WC mit Dusche zur Verf\u00fcgung. Ein Tiefgaragenplatz geh\u00f6rt zur dieser Wohnung dazu und kann gegen Aufpreis mit erworben werden. Die Lage in der sich diese Immobilie befindet geh\u00f6rt zu den Bestlagen von Berlin-Kreuzberg.<\/p>\n<p>Vermittelt durch Gross &amp; Klein Immobilien, Ihrem <a href=\"https:\/\/grossklein-immobilien.de\/de\/immobilienmakler-berlin-kreuzberg\/\">Immobilienmakler in Berlin-Kreuzberg<\/a>.<\/p>\n","protected":false},"excerpt":{"rendered":"<p>Es handelt sich hierbei um eine Neubauwohnung mit Erstbezug in Bestlage von Berlin-Kreuzberg.<\/p>\n","protected":false},"featured_media":4930,"template":"","meta":{"_uag_custom_page_level_css":"","ngg_post_thumbnail":0},"product_cat":[24,93,388,421,416],"product_tag":[241],"class_list":{"0":"post-4929","1":"product","2":"type-product","3":"status-publish","4":"has-post-thumbnail","6":"product_cat-eigentumswohnungen","7":"product_cat-friedrichshain-kreuzberg","8":"product_cat-kreuzberg-friedrichshain","9":"product_cat-70-110","10":"product_cat-416","11":"product_tag-wohnung-kaufen-berlin","12":"pa_adresse-10965-berlin","13":"pa_balkon-vorhanden-loggia","14":"pa_baujahr-239","15":"pa_befeuerung-fernwaerme","16":"pa_courtage-595-inkl-mwst-vom-beurk-kaufpreis","17":"pa_etage-2-og","18":"pa_etagen-237","19":"pa_heizungsart-zentralheizung","20":"pa_lage-2-og","21":"pa_objektzustand-neubau-erstbezug","22":"pa_standort-berlin-kreuzberg-2","23":"pa_wohnflaeche-234","24":"pa_zimmer-11","26":"first","27":"outofstock","28":"shipping-taxable","29":"purchasable","30":"product-type-simple"},"yoast_head":"<!-- This site is optimized with the Yoast SEO plugin v26.8 - https:\/\/yoast.com\/product\/yoast-seo-wordpress\/ -->\n<title>Neubau Erstbezug am Vickoriapark in Berlin-Kreuzberg<\/title>\n<meta name=\"description\" content=\"Neubau Erstbezug am Viktoriapark in Kreuzberg im 2.OG mit Aufzug, 3 Zimmern, 82,00m\u00b2 Wohnfl\u00e4che, gro\u00dfz\u00fcgigen Wohnraum mit offener K\u00fcche &amp; Loggia zur Sonne!\" \/>\n<meta name=\"robots\" content=\"index, follow, max-snippet:-1, max-image-preview:large, max-video-preview:-1\" \/>\n<link rel=\"canonical\" href=\"https:\/\/grossklein-immobilien.de\/de\/produkt\/neubau-erstbezug-am-viktoriapark-in-kreuzberg\/\" \/>\n<meta property=\"og:locale\" content=\"de_DE\" \/>\n<meta property=\"og:type\" content=\"article\" \/>\n<meta property=\"og:title\" content=\"Neubau Erstbezug am Vickoriapark in Berlin-Kreuzberg\" \/>\n<meta property=\"og:description\" content=\"Neubau Erstbezug am Viktoriapark in Kreuzberg im 2.OG mit Aufzug, 3 Zimmern, 82,00m\u00b2 Wohnfl\u00e4che, gro\u00dfz\u00fcgigen Wohnraum mit offener K\u00fcche &amp; Loggia zur Sonne!\" \/>\n<meta property=\"og:url\" content=\"https:\/\/grossklein-immobilien.de\/de\/produkt\/neubau-erstbezug-am-viktoriapark-in-kreuzberg\/\" \/>\n<meta property=\"article:publisher\" content=\"https:\/\/www.facebook.com\/TOMIC-IMMOBILIEN-110945718988806\/\" \/>\n<meta property=\"article:modified_time\" content=\"2026-02-06T10:11:35+00:00\" \/>\n<meta property=\"og:image\" content=\"https:\/\/grossklein-immobilien.de\/de\/wp-content\/uploads\/2017\/08\/IMG_1616.jpg\" \/>\n\t<meta property=\"og:image:width\" content=\"1024\" \/>\n\t<meta property=\"og:image:height\" content=\"683\" \/>\n\t<meta property=\"og:image:type\" content=\"image\/jpeg\" \/>\n<meta name=\"twitter:card\" content=\"summary_large_image\" \/>\n<meta name=\"twitter:site\" content=\"@draz_tomic\" \/>\n<meta name=\"twitter:label1\" content=\"Gesch\u00e4tzte Lesezeit\" \/>\n\t<meta name=\"twitter:data1\" content=\"2\u00a0Minuten\" \/>\n<script type=\"application\/ld+json\" class=\"yoast-schema-graph\">{\"@context\":\"https:\/\/schema.org\",\"@graph\":[{\"@type\":\"WebPage\",\"@id\":\"https:\/\/grossklein-immobilien.de\/de\/produkt\/neubau-erstbezug-am-viktoriapark-in-kreuzberg\/\",\"url\":\"https:\/\/grossklein-immobilien.de\/de\/produkt\/neubau-erstbezug-am-viktoriapark-in-kreuzberg\/\",\"name\":\"Neubau Erstbezug am Vickoriapark in Berlin-Kreuzberg\",\"isPartOf\":{\"@id\":\"https:\/\/grossklein-immobilien.de\/de\/#website\"},\"primaryImageOfPage\":{\"@id\":\"https:\/\/grossklein-immobilien.de\/de\/produkt\/neubau-erstbezug-am-viktoriapark-in-kreuzberg\/#primaryimage\"},\"image\":{\"@id\":\"https:\/\/grossklein-immobilien.de\/de\/produkt\/neubau-erstbezug-am-viktoriapark-in-kreuzberg\/#primaryimage\"},\"thumbnailUrl\":\"https:\/\/grossklein-immobilien.de\/de\/wp-content\/uploads\/2017\/08\/IMG_1616.jpg\",\"datePublished\":\"2017-08-18T14:44:50+00:00\",\"dateModified\":\"2026-02-06T10:11:35+00:00\",\"description\":\"Neubau Erstbezug am Viktoriapark in Kreuzberg im 2.OG mit Aufzug, 3 Zimmern, 82,00m\u00b2 Wohnfl\u00e4che, gro\u00dfz\u00fcgigen Wohnraum mit offener K\u00fcche & Loggia zur Sonne!\",\"breadcrumb\":{\"@id\":\"https:\/\/grossklein-immobilien.de\/de\/produkt\/neubau-erstbezug-am-viktoriapark-in-kreuzberg\/#breadcrumb\"},\"inLanguage\":\"de\",\"potentialAction\":[{\"@type\":\"ReadAction\",\"target\":[\"https:\/\/grossklein-immobilien.de\/de\/produkt\/neubau-erstbezug-am-viktoriapark-in-kreuzberg\/\"]}]},{\"@type\":\"ImageObject\",\"inLanguage\":\"de\",\"@id\":\"https:\/\/grossklein-immobilien.de\/de\/produkt\/neubau-erstbezug-am-viktoriapark-in-kreuzberg\/#primaryimage\",\"url\":\"https:\/\/grossklein-immobilien.de\/de\/wp-content\/uploads\/2017\/08\/IMG_1616.jpg\",\"contentUrl\":\"https:\/\/grossklein-immobilien.de\/de\/wp-content\/uploads\/2017\/08\/IMG_1616.jpg\",\"width\":1024,\"height\":683},{\"@type\":\"BreadcrumbList\",\"@id\":\"https:\/\/grossklein-immobilien.de\/de\/produkt\/neubau-erstbezug-am-viktoriapark-in-kreuzberg\/#breadcrumb\",\"itemListElement\":[{\"@type\":\"ListItem\",\"position\":1,\"name\":\"Home\",\"item\":\"https:\/\/grossklein-immobilien.de\/de\/\"},{\"@type\":\"ListItem\",\"position\":2,\"name\":\"Immobilienangebote\",\"item\":\"https:\/\/grossklein-immobilien.de\/de\/immobilien-berlin\/\"},{\"@type\":\"ListItem\",\"position\":3,\"name\":\"NEUBAU ERSTBEZUG AM VIKTORIAPARK IN KREUZBERG\"}]},{\"@type\":\"WebSite\",\"@id\":\"https:\/\/grossklein-immobilien.de\/de\/#website\",\"url\":\"https:\/\/grossklein-immobilien.de\/de\/\",\"name\":\"\",\"description\":\"\",\"potentialAction\":[{\"@type\":\"SearchAction\",\"target\":{\"@type\":\"EntryPoint\",\"urlTemplate\":\"https:\/\/grossklein-immobilien.de\/de\/?s={search_term_string}\"},\"query-input\":{\"@type\":\"PropertyValueSpecification\",\"valueRequired\":true,\"valueName\":\"search_term_string\"}}],\"inLanguage\":\"de\"}]}<\/script>\n<!-- \/ Yoast SEO plugin. -->","yoast_head_json":{"title":"Neubau Erstbezug am Vickoriapark in Berlin-Kreuzberg","description":"Neubau Erstbezug am Viktoriapark in Kreuzberg im 2.OG mit Aufzug, 3 Zimmern, 82,00m\u00b2 Wohnfl\u00e4che, gro\u00dfz\u00fcgigen Wohnraum mit offener K\u00fcche & Loggia zur Sonne!","robots":{"index":"index","follow":"follow","max-snippet":"max-snippet:-1","max-image-preview":"max-image-preview:large","max-video-preview":"max-video-preview:-1"},"canonical":"https:\/\/grossklein-immobilien.de\/de\/produkt\/neubau-erstbezug-am-viktoriapark-in-kreuzberg\/","og_locale":"de_DE","og_type":"article","og_title":"Neubau Erstbezug am Vickoriapark in Berlin-Kreuzberg","og_description":"Neubau Erstbezug am Viktoriapark in Kreuzberg im 2.OG mit Aufzug, 3 Zimmern, 82,00m\u00b2 Wohnfl\u00e4che, gro\u00dfz\u00fcgigen Wohnraum mit offener K\u00fcche & Loggia zur Sonne!","og_url":"https:\/\/grossklein-immobilien.de\/de\/produkt\/neubau-erstbezug-am-viktoriapark-in-kreuzberg\/","article_publisher":"https:\/\/www.facebook.com\/TOMIC-IMMOBILIEN-110945718988806\/","article_modified_time":"2026-02-06T10:11:35+00:00","og_image":[{"width":1024,"height":683,"url":"https:\/\/grossklein-immobilien.de\/de\/wp-content\/uploads\/2017\/08\/IMG_1616.jpg","type":"image\/jpeg"}],"twitter_card":"summary_large_image","twitter_site":"@draz_tomic","twitter_misc":{"Gesch\u00e4tzte Lesezeit":"2\u00a0Minuten"},"schema":{"@context":"https:\/\/schema.org","@graph":[{"@type":"WebPage","@id":"https:\/\/grossklein-immobilien.de\/de\/produkt\/neubau-erstbezug-am-viktoriapark-in-kreuzberg\/","url":"https:\/\/grossklein-immobilien.de\/de\/produkt\/neubau-erstbezug-am-viktoriapark-in-kreuzberg\/","name":"Neubau Erstbezug am Vickoriapark in Berlin-Kreuzberg","isPartOf":{"@id":"https:\/\/grossklein-immobilien.de\/de\/#website"},"primaryImageOfPage":{"@id":"https:\/\/grossklein-immobilien.de\/de\/produkt\/neubau-erstbezug-am-viktoriapark-in-kreuzberg\/#primaryimage"},"image":{"@id":"https:\/\/grossklein-immobilien.de\/de\/produkt\/neubau-erstbezug-am-viktoriapark-in-kreuzberg\/#primaryimage"},"thumbnailUrl":"https:\/\/grossklein-immobilien.de\/de\/wp-content\/uploads\/2017\/08\/IMG_1616.jpg","datePublished":"2017-08-18T14:44:50+00:00","dateModified":"2026-02-06T10:11:35+00:00","description":"Neubau Erstbezug am Viktoriapark in Kreuzberg im 2.OG mit Aufzug, 3 Zimmern, 82,00m\u00b2 Wohnfl\u00e4che, gro\u00dfz\u00fcgigen Wohnraum mit offener K\u00fcche & Loggia zur Sonne!","breadcrumb":{"@id":"https:\/\/grossklein-immobilien.de\/de\/produkt\/neubau-erstbezug-am-viktoriapark-in-kreuzberg\/#breadcrumb"},"inLanguage":"de","potentialAction":[{"@type":"ReadAction","target":["https:\/\/grossklein-immobilien.de\/de\/produkt\/neubau-erstbezug-am-viktoriapark-in-kreuzberg\/"]}]},{"@type":"ImageObject","inLanguage":"de","@id":"https:\/\/grossklein-immobilien.de\/de\/produkt\/neubau-erstbezug-am-viktoriapark-in-kreuzberg\/#primaryimage","url":"https:\/\/grossklein-immobilien.de\/de\/wp-content\/uploads\/2017\/08\/IMG_1616.jpg","contentUrl":"https:\/\/grossklein-immobilien.de\/de\/wp-content\/uploads\/2017\/08\/IMG_1616.jpg","width":1024,"height":683},{"@type":"BreadcrumbList","@id":"https:\/\/grossklein-immobilien.de\/de\/produkt\/neubau-erstbezug-am-viktoriapark-in-kreuzberg\/#breadcrumb","itemListElement":[{"@type":"ListItem","position":1,"name":"Home","item":"https:\/\/grossklein-immobilien.de\/de\/"},{"@type":"ListItem","position":2,"name":"Immobilienangebote","item":"https:\/\/grossklein-immobilien.de\/de\/immobilien-berlin\/"},{"@type":"ListItem","position":3,"name":"NEUBAU ERSTBEZUG AM VIKTORIAPARK IN KREUZBERG"}]},{"@type":"WebSite","@id":"https:\/\/grossklein-immobilien.de\/de\/#website","url":"https:\/\/grossklein-immobilien.de\/de\/","name":"","description":"","potentialAction":[{"@type":"SearchAction","target":{"@type":"EntryPoint","urlTemplate":"https:\/\/grossklein-immobilien.de\/de\/?s={search_term_string}"},"query-input":{"@type":"PropertyValueSpecification","valueRequired":true,"valueName":"search_term_string"}}],"inLanguage":"de"}]}},"uagb_featured_image_src":{"full":["https:\/\/grossklein-immobilien.de\/de\/wp-content\/uploads\/2017\/08\/IMG_1616.jpg",1024,683,false],"thumbnail":["https:\/\/grossklein-immobilien.de\/de\/wp-content\/uploads\/2017\/08\/IMG_1616-150x150.jpg",150,150,true],"medium":["https:\/\/grossklein-immobilien.de\/de\/wp-content\/uploads\/2017\/08\/IMG_1616-300x200.jpg",300,200,true],"medium_large":["https:\/\/grossklein-immobilien.de\/de\/wp-content\/uploads\/2017\/08\/IMG_1616.jpg",1024,683,false],"large":["https:\/\/grossklein-immobilien.de\/de\/wp-content\/uploads\/2017\/08\/IMG_1616-1024x683.jpg",604,403,true],"1536x1536":["https:\/\/grossklein-immobilien.de\/de\/wp-content\/uploads\/2017\/08\/IMG_1616.jpg",1024,683,false],"2048x2048":["https:\/\/grossklein-immobilien.de\/de\/wp-content\/uploads\/2017\/08\/IMG_1616.jpg",1024,683,false],"post-thumbnail":["https:\/\/grossklein-immobilien.de\/de\/wp-content\/uploads\/2017\/08\/IMG_1616-604x270.jpg",604,270,true],"woocommerce_thumbnail":["https:\/\/grossklein-immobilien.de\/de\/wp-content\/uploads\/2017\/08\/IMG_1616-300x300.jpg",300,300,true],"woocommerce_single":["https:\/\/grossklein-immobilien.de\/de\/wp-content\/uploads\/2017\/08\/IMG_1616.jpg",1024,683,false],"woocommerce_gallery_thumbnail":["https:\/\/grossklein-immobilien.de\/de\/wp-content\/uploads\/2017\/08\/IMG_1616-100x100.jpg",100,100,true]},"uagb_author_info":{"display_name":"Drazan Tomic","author_link":"https:\/\/grossklein-immobilien.de\/de\/author\/"},"uagb_comment_info":0,"uagb_excerpt":"Es handelt sich hierbei um eine Neubauwohnung mit Erstbezug in Bestlage von Berlin-Kreuzberg.","_links":{"self":[{"href":"https:\/\/grossklein-immobilien.de\/de\/wp-json\/wp\/v2\/product\/4929","targetHints":{"allow":["GET"]}}],"collection":[{"href":"https:\/\/grossklein-immobilien.de\/de\/wp-json\/wp\/v2\/product"}],"about":[{"href":"https:\/\/grossklein-immobilien.de\/de\/wp-json\/wp\/v2\/types\/product"}],"wp:featuredmedia":[{"embeddable":true,"href":"https:\/\/grossklein-immobilien.de\/de\/wp-json\/wp\/v2\/media\/4930"}],"wp:attachment":[{"href":"https:\/\/grossklein-immobilien.de\/de\/wp-json\/wp\/v2\/media?parent=4929"}],"wp:term":[{"taxonomy":"product_cat","embeddable":true,"href":"https:\/\/grossklein-immobilien.de\/de\/wp-json\/wp\/v2\/product_cat?post=4929"},{"taxonomy":"product_tag","embeddable":true,"href":"https:\/\/grossklein-immobilien.de\/de\/wp-json\/wp\/v2\/product_tag?post=4929"}],"curies":[{"name":"wp","href":"https:\/\/api.w.org\/{rel}","templated":true}]}}