{"id":4987,"date":"2017-08-28T12:46:17","date_gmt":"2017-08-28T10:46:17","guid":{"rendered":"http:\/\/grossklein-immobilien.de\/de\/?post_type=product&#038;p=4987"},"modified":"2026-02-06T09:56:22","modified_gmt":"2026-02-06T08:56:22","slug":"moderne-zweifamilien-villa-in-zehlendorf","status":"publish","type":"product","link":"https:\/\/grossklein-immobilien.de\/de\/produkt\/moderne-zweifamilien-villa-in-zehlendorf\/","title":{"rendered":"MODERNE ZWEIFAMILIEN VILLA IN ZEHLENDORF"},"content":{"rendered":"<p style=\"text-align: justify;\">Diese stielvolle Zweifamilien Villa befindet sich in Berlin-Zehlendorf, wo man durch die vielen Einfamilienh\u00e4user und Villen ganz besonders exklusiv und elegant wohnt. Das Haus ist in zweiter Reihe gelegen und ist auf einem 993m\u00b2 Hammergrundst\u00fcck in 2007 massiv und aufwendig erbaut worden. Diese Luxusimmobilie besticht durch offene, gro\u00dfz\u00fcgige und lichtdurchflutete R\u00e4ume. Eine Besonderheit bietet das stielvolle Entre mit offenem Kamin im Erdgeschoss. Direkt angebunden befindet sich die offene K\u00fcche mit Essplatz, dass als der zentrale Aufenthaltsraum im Hause dient. Im 1.OG befinden sich 3 ger\u00e4umige Schlafzimmer bzw. Kinder-Arbeitszimmer sowie ein Komfortbad mit Badewanne und Dusche. Im 2.OG befinden sich zus\u00e4tzlich 2 weitere Zimmer, ein Hauswirtschaftsraum, ein Duschbad sowie der Saunaraum! Dazu finden Sie eine Sonnenterrasse auf der Sie sich nach dem Saunagang entspannen k\u00f6nnen. Der nach hinten angelegte, gro\u00dfe Garten bietet ebenfalls viel Platz, eine kleinen Teich sowie eine Terrasse mit 30m\u00b2. Die Ausstattung l\u00e4sst bei dieser Traumimmobilie insgesamt keine W\u00fcnsche offen. Von hochwertigen Marmorb\u00f6den, Echtholzparkett bis Kamin, Sauna und hochwertigen Natursteinflie\u00dfen in den B\u00e4dern, bietet diese moderne Villa den aller h\u00f6chsten Komfort.<\/p>\n<p style=\"text-align: justify;\">Zu der Villa geh\u00f6rt noch eine andere Haush\u00e4lfte mit 5 R\u00e4umen, die sich auf unterschiedliche Art nutzten lassen. Mit ca. 150m\u00b2 Wohnfl\u00e4che findet auch hier eine mehrk\u00f6pfige Familie ausreichend Platz. Die Fl\u00e4che verteilt sich auf zwei Obergeschosse und auf ein bewohnbares Untergeschoss. Dieses kann zum Wohnen oder als Hobby- bzw. Abstellraum genutzt werden kann. Die K\u00fcche ist ebenso mit einer hochwertigen Einbauk\u00fcche ausgestattet. Insgesamt findet in dieser Mehrgenerationsvilla mit einer&nbsp; Wohnfl\u00e4che von insgesamt ca. 420m\u00b2 und 11-Zimmern zwei Gro\u00dffamilien Platz. Durch Ihre Lage nah am Ortszentrum von Zehlendorf haben Sie zudem viele Gesch\u00e4fte des t\u00e4glichen Bedarfs, ob B\u00e4cker oder Supermarkt, in direkter Umgebung und fu\u00dfl\u00e4ufig erreichbar. Die Anbindung an die \u00f6ffentlichen Verkehrsmittel ist durch diverse Busse und den S-Bahnhof Berlin-Zehlendorf bestens gegeben. Das Haus ist zudem an eine Zentralheizung angeschlo\u00dfen, die \u00fcber Gas befeurt wird. Der Verbrauch laut Energieausweis betr\u00e4gt: 105 kWh\/(QM.a). 2 Stellpl\u00e4tze bieten Parkm\u00f6glichkeiten direkt vor dem Haus.<\/p>\n<p>Vermittelt durch Gross &amp; Klein Immobilien, Ihrem <a href=\"https:\/\/grossklein-immobilien.de\/de\/immobilienmakler-berlin-zehlendorf\/\">Immobilienmakler in Berlin-Zehlendorf<\/a>.<\/p>\n","protected":false},"excerpt":{"rendered":"<p>Bei dieser Neubau Villa handelt es sich um ein Mehrgenerationshaus mit viel Wohnfl\u00e4che, allerbesten Komfort und einem gro\u00dfz\u00fcgig angelegten Garten in Berlins S\u00fcdwesten.<\/p>\n","protected":false},"featured_media":4988,"template":"","meta":{"_uag_custom_page_level_css":"","ngg_post_thumbnail":0},"product_cat":[26,94],"product_tag":[373],"class_list":{"0":"post-4987","1":"product","2":"type-product","3":"status-publish","4":"has-post-thumbnail","6":"product_cat-einfamilienhaeuser","7":"product_cat-steglitz-zehlendorf","8":"product_tag-villa-in-grunewald","9":"pa_adresse-14169-berlin","10":"pa_balkon-3-terrassen","11":"pa_baujahr-252","12":"pa_courtage-provisionsfrei","13":"pa_etage-0-2","14":"pa_etagen-260","15":"pa_heizungsart-zentralheizung-gas","16":"pa_objektzustand-modernisiert","17":"pa_standort-berlin-zehlendorf","18":"pa_wohnflaeche-254","19":"pa_zimmer-255","21":"first","22":"outofstock","23":"shipping-taxable","24":"purchasable","25":"product-type-simple"},"yoast_head":"<!-- This site is optimized with the Yoast SEO plugin v26.8 - https:\/\/yoast.com\/product\/yoast-seo-wordpress\/ -->\n<title>Moderne Zweifamilien Villa in Zehlendorf mit Platz f\u00fcr 2 Familien<\/title>\n<meta name=\"description\" content=\"Diese Moderne Zweifamilien Villa in Zehlendorf biete viel Platz und ist somit f\u00fcr 2 Familien oder als ein Mehrgenerationshaus optimal geeignet. Einfach top!\" \/>\n<meta name=\"robots\" content=\"index, follow, max-snippet:-1, max-image-preview:large, max-video-preview:-1\" \/>\n<link rel=\"canonical\" href=\"https:\/\/grossklein-immobilien.de\/de\/produkt\/moderne-zweifamilien-villa-in-zehlendorf\/\" \/>\n<meta property=\"og:locale\" content=\"de_DE\" \/>\n<meta property=\"og:type\" content=\"article\" \/>\n<meta property=\"og:title\" content=\"Moderne Zweifamilien Villa in Zehlendorf mit Platz f\u00fcr 2 Familien\" \/>\n<meta property=\"og:description\" content=\"Diese Moderne Zweifamilien Villa in Zehlendorf biete viel Platz und ist somit f\u00fcr 2 Familien oder als ein Mehrgenerationshaus optimal geeignet. Einfach top!\" \/>\n<meta property=\"og:url\" content=\"https:\/\/grossklein-immobilien.de\/de\/produkt\/moderne-zweifamilien-villa-in-zehlendorf\/\" \/>\n<meta property=\"article:publisher\" content=\"https:\/\/www.facebook.com\/TOMIC-IMMOBILIEN-110945718988806\/\" \/>\n<meta property=\"article:modified_time\" content=\"2026-02-06T08:56:22+00:00\" \/>\n<meta property=\"og:image\" content=\"https:\/\/grossklein-immobilien.de\/de\/wp-content\/uploads\/2017\/08\/Hausnasicht-Gartenseite.jpg\" \/>\n\t<meta property=\"og:image:width\" content=\"1024\" \/>\n\t<meta property=\"og:image:height\" content=\"683\" \/>\n\t<meta property=\"og:image:type\" content=\"image\/jpeg\" \/>\n<meta name=\"twitter:card\" content=\"summary_large_image\" \/>\n<meta name=\"twitter:site\" content=\"@draz_tomic\" \/>\n<meta name=\"twitter:label1\" content=\"Gesch\u00e4tzte Lesezeit\" \/>\n\t<meta name=\"twitter:data1\" content=\"3\u00a0Minuten\" \/>\n<script type=\"application\/ld+json\" class=\"yoast-schema-graph\">{\"@context\":\"https:\/\/schema.org\",\"@graph\":[{\"@type\":\"WebPage\",\"@id\":\"https:\/\/grossklein-immobilien.de\/de\/produkt\/moderne-zweifamilien-villa-in-zehlendorf\/\",\"url\":\"https:\/\/grossklein-immobilien.de\/de\/produkt\/moderne-zweifamilien-villa-in-zehlendorf\/\",\"name\":\"Moderne Zweifamilien Villa in Zehlendorf mit Platz f\u00fcr 2 Familien\",\"isPartOf\":{\"@id\":\"https:\/\/grossklein-immobilien.de\/de\/#website\"},\"primaryImageOfPage\":{\"@id\":\"https:\/\/grossklein-immobilien.de\/de\/produkt\/moderne-zweifamilien-villa-in-zehlendorf\/#primaryimage\"},\"image\":{\"@id\":\"https:\/\/grossklein-immobilien.de\/de\/produkt\/moderne-zweifamilien-villa-in-zehlendorf\/#primaryimage\"},\"thumbnailUrl\":\"https:\/\/grossklein-immobilien.de\/de\/wp-content\/uploads\/2017\/08\/Hausnasicht-Gartenseite.jpg\",\"datePublished\":\"2017-08-28T10:46:17+00:00\",\"dateModified\":\"2026-02-06T08:56:22+00:00\",\"description\":\"Diese Moderne Zweifamilien Villa in Zehlendorf biete viel Platz und ist somit f\u00fcr 2 Familien oder als ein Mehrgenerationshaus optimal geeignet. Einfach top!\",\"breadcrumb\":{\"@id\":\"https:\/\/grossklein-immobilien.de\/de\/produkt\/moderne-zweifamilien-villa-in-zehlendorf\/#breadcrumb\"},\"inLanguage\":\"de\",\"potentialAction\":[{\"@type\":\"ReadAction\",\"target\":[\"https:\/\/grossklein-immobilien.de\/de\/produkt\/moderne-zweifamilien-villa-in-zehlendorf\/\"]}]},{\"@type\":\"ImageObject\",\"inLanguage\":\"de\",\"@id\":\"https:\/\/grossklein-immobilien.de\/de\/produkt\/moderne-zweifamilien-villa-in-zehlendorf\/#primaryimage\",\"url\":\"https:\/\/grossklein-immobilien.de\/de\/wp-content\/uploads\/2017\/08\/Hausnasicht-Gartenseite.jpg\",\"contentUrl\":\"https:\/\/grossklein-immobilien.de\/de\/wp-content\/uploads\/2017\/08\/Hausnasicht-Gartenseite.jpg\",\"width\":1024,\"height\":683,\"caption\":\"Moderne Zweifamilien Villa in Berlin-Zehlendorf verkauft durch Gross & Klein Immobilien\"},{\"@type\":\"BreadcrumbList\",\"@id\":\"https:\/\/grossklein-immobilien.de\/de\/produkt\/moderne-zweifamilien-villa-in-zehlendorf\/#breadcrumb\",\"itemListElement\":[{\"@type\":\"ListItem\",\"position\":1,\"name\":\"Home\",\"item\":\"https:\/\/grossklein-immobilien.de\/de\/\"},{\"@type\":\"ListItem\",\"position\":2,\"name\":\"Immobilienangebote\",\"item\":\"https:\/\/grossklein-immobilien.de\/de\/immobilien-berlin\/\"},{\"@type\":\"ListItem\",\"position\":3,\"name\":\"MODERNE ZWEIFAMILIEN VILLA IN ZEHLENDORF\"}]},{\"@type\":\"WebSite\",\"@id\":\"https:\/\/grossklein-immobilien.de\/de\/#website\",\"url\":\"https:\/\/grossklein-immobilien.de\/de\/\",\"name\":\"\",\"description\":\"\",\"potentialAction\":[{\"@type\":\"SearchAction\",\"target\":{\"@type\":\"EntryPoint\",\"urlTemplate\":\"https:\/\/grossklein-immobilien.de\/de\/?s={search_term_string}\"},\"query-input\":{\"@type\":\"PropertyValueSpecification\",\"valueRequired\":true,\"valueName\":\"search_term_string\"}}],\"inLanguage\":\"de\"}]}<\/script>\n<!-- \/ Yoast SEO plugin. -->","yoast_head_json":{"title":"Moderne Zweifamilien Villa in Zehlendorf mit Platz f\u00fcr 2 Familien","description":"Diese Moderne Zweifamilien Villa in Zehlendorf biete viel Platz und ist somit f\u00fcr 2 Familien oder als ein Mehrgenerationshaus optimal geeignet. Einfach top!","robots":{"index":"index","follow":"follow","max-snippet":"max-snippet:-1","max-image-preview":"max-image-preview:large","max-video-preview":"max-video-preview:-1"},"canonical":"https:\/\/grossklein-immobilien.de\/de\/produkt\/moderne-zweifamilien-villa-in-zehlendorf\/","og_locale":"de_DE","og_type":"article","og_title":"Moderne Zweifamilien Villa in Zehlendorf mit Platz f\u00fcr 2 Familien","og_description":"Diese Moderne Zweifamilien Villa in Zehlendorf biete viel Platz und ist somit f\u00fcr 2 Familien oder als ein Mehrgenerationshaus optimal geeignet. Einfach top!","og_url":"https:\/\/grossklein-immobilien.de\/de\/produkt\/moderne-zweifamilien-villa-in-zehlendorf\/","article_publisher":"https:\/\/www.facebook.com\/TOMIC-IMMOBILIEN-110945718988806\/","article_modified_time":"2026-02-06T08:56:22+00:00","og_image":[{"width":1024,"height":683,"url":"https:\/\/grossklein-immobilien.de\/de\/wp-content\/uploads\/2017\/08\/Hausnasicht-Gartenseite.jpg","type":"image\/jpeg"}],"twitter_card":"summary_large_image","twitter_site":"@draz_tomic","twitter_misc":{"Gesch\u00e4tzte Lesezeit":"3\u00a0Minuten"},"schema":{"@context":"https:\/\/schema.org","@graph":[{"@type":"WebPage","@id":"https:\/\/grossklein-immobilien.de\/de\/produkt\/moderne-zweifamilien-villa-in-zehlendorf\/","url":"https:\/\/grossklein-immobilien.de\/de\/produkt\/moderne-zweifamilien-villa-in-zehlendorf\/","name":"Moderne Zweifamilien Villa in Zehlendorf mit Platz f\u00fcr 2 Familien","isPartOf":{"@id":"https:\/\/grossklein-immobilien.de\/de\/#website"},"primaryImageOfPage":{"@id":"https:\/\/grossklein-immobilien.de\/de\/produkt\/moderne-zweifamilien-villa-in-zehlendorf\/#primaryimage"},"image":{"@id":"https:\/\/grossklein-immobilien.de\/de\/produkt\/moderne-zweifamilien-villa-in-zehlendorf\/#primaryimage"},"thumbnailUrl":"https:\/\/grossklein-immobilien.de\/de\/wp-content\/uploads\/2017\/08\/Hausnasicht-Gartenseite.jpg","datePublished":"2017-08-28T10:46:17+00:00","dateModified":"2026-02-06T08:56:22+00:00","description":"Diese Moderne Zweifamilien Villa in Zehlendorf biete viel Platz und ist somit f\u00fcr 2 Familien oder als ein Mehrgenerationshaus optimal geeignet. Einfach top!","breadcrumb":{"@id":"https:\/\/grossklein-immobilien.de\/de\/produkt\/moderne-zweifamilien-villa-in-zehlendorf\/#breadcrumb"},"inLanguage":"de","potentialAction":[{"@type":"ReadAction","target":["https:\/\/grossklein-immobilien.de\/de\/produkt\/moderne-zweifamilien-villa-in-zehlendorf\/"]}]},{"@type":"ImageObject","inLanguage":"de","@id":"https:\/\/grossklein-immobilien.de\/de\/produkt\/moderne-zweifamilien-villa-in-zehlendorf\/#primaryimage","url":"https:\/\/grossklein-immobilien.de\/de\/wp-content\/uploads\/2017\/08\/Hausnasicht-Gartenseite.jpg","contentUrl":"https:\/\/grossklein-immobilien.de\/de\/wp-content\/uploads\/2017\/08\/Hausnasicht-Gartenseite.jpg","width":1024,"height":683,"caption":"Moderne Zweifamilien Villa in Berlin-Zehlendorf verkauft durch Gross & Klein Immobilien"},{"@type":"BreadcrumbList","@id":"https:\/\/grossklein-immobilien.de\/de\/produkt\/moderne-zweifamilien-villa-in-zehlendorf\/#breadcrumb","itemListElement":[{"@type":"ListItem","position":1,"name":"Home","item":"https:\/\/grossklein-immobilien.de\/de\/"},{"@type":"ListItem","position":2,"name":"Immobilienangebote","item":"https:\/\/grossklein-immobilien.de\/de\/immobilien-berlin\/"},{"@type":"ListItem","position":3,"name":"MODERNE ZWEIFAMILIEN VILLA IN ZEHLENDORF"}]},{"@type":"WebSite","@id":"https:\/\/grossklein-immobilien.de\/de\/#website","url":"https:\/\/grossklein-immobilien.de\/de\/","name":"","description":"","potentialAction":[{"@type":"SearchAction","target":{"@type":"EntryPoint","urlTemplate":"https:\/\/grossklein-immobilien.de\/de\/?s={search_term_string}"},"query-input":{"@type":"PropertyValueSpecification","valueRequired":true,"valueName":"search_term_string"}}],"inLanguage":"de"}]}},"uagb_featured_image_src":{"full":["https:\/\/grossklein-immobilien.de\/de\/wp-content\/uploads\/2017\/08\/Hausnasicht-Gartenseite.jpg",1024,683,false],"thumbnail":["https:\/\/grossklein-immobilien.de\/de\/wp-content\/uploads\/2017\/08\/Hausnasicht-Gartenseite-150x150.jpg",150,150,true],"medium":["https:\/\/grossklein-immobilien.de\/de\/wp-content\/uploads\/2017\/08\/Hausnasicht-Gartenseite-300x200.jpg",300,200,true],"medium_large":["https:\/\/grossklein-immobilien.de\/de\/wp-content\/uploads\/2017\/08\/Hausnasicht-Gartenseite.jpg",1024,683,false],"large":["https:\/\/grossklein-immobilien.de\/de\/wp-content\/uploads\/2017\/08\/Hausnasicht-Gartenseite-1024x683.jpg",604,403,true],"1536x1536":["https:\/\/grossklein-immobilien.de\/de\/wp-content\/uploads\/2017\/08\/Hausnasicht-Gartenseite.jpg",1024,683,false],"2048x2048":["https:\/\/grossklein-immobilien.de\/de\/wp-content\/uploads\/2017\/08\/Hausnasicht-Gartenseite.jpg",1024,683,false],"post-thumbnail":["https:\/\/grossklein-immobilien.de\/de\/wp-content\/uploads\/2017\/08\/Hausnasicht-Gartenseite-604x270.jpg",604,270,true],"woocommerce_thumbnail":["https:\/\/grossklein-immobilien.de\/de\/wp-content\/uploads\/2017\/08\/Hausnasicht-Gartenseite-300x300.jpg",300,300,true],"woocommerce_single":["https:\/\/grossklein-immobilien.de\/de\/wp-content\/uploads\/2017\/08\/Hausnasicht-Gartenseite.jpg",1024,683,false],"woocommerce_gallery_thumbnail":["https:\/\/grossklein-immobilien.de\/de\/wp-content\/uploads\/2017\/08\/Hausnasicht-Gartenseite-100x100.jpg",100,100,true]},"uagb_author_info":{"display_name":"Drazan Tomic","author_link":"https:\/\/grossklein-immobilien.de\/de\/author\/"},"uagb_comment_info":0,"uagb_excerpt":"Bei dieser Neubau Villa handelt es sich um ein Mehrgenerationshaus mit viel Wohnfl\u00e4che, allerbesten Komfort und einem gro\u00dfz\u00fcgig angelegten Garten in Berlins S\u00fcdwesten.","_links":{"self":[{"href":"https:\/\/grossklein-immobilien.de\/de\/wp-json\/wp\/v2\/product\/4987","targetHints":{"allow":["GET"]}}],"collection":[{"href":"https:\/\/grossklein-immobilien.de\/de\/wp-json\/wp\/v2\/product"}],"about":[{"href":"https:\/\/grossklein-immobilien.de\/de\/wp-json\/wp\/v2\/types\/product"}],"wp:featuredmedia":[{"embeddable":true,"href":"https:\/\/grossklein-immobilien.de\/de\/wp-json\/wp\/v2\/media\/4988"}],"wp:attachment":[{"href":"https:\/\/grossklein-immobilien.de\/de\/wp-json\/wp\/v2\/media?parent=4987"}],"wp:term":[{"taxonomy":"product_cat","embeddable":true,"href":"https:\/\/grossklein-immobilien.de\/de\/wp-json\/wp\/v2\/product_cat?post=4987"},{"taxonomy":"product_tag","embeddable":true,"href":"https:\/\/grossklein-immobilien.de\/de\/wp-json\/wp\/v2\/product_tag?post=4987"}],"curies":[{"name":"wp","href":"https:\/\/api.w.org\/{rel}","templated":true}]}}