{"id":5018,"date":"2017-09-01T12:43:28","date_gmt":"2017-09-01T10:43:28","guid":{"rendered":"http:\/\/grossklein-immobilien.de\/de\/?post_type=product&#038;p=5018"},"modified":"2026-02-06T09:24:40","modified_gmt":"2026-02-06T08:24:40","slug":"grosszuegiges-efh-in-lichterfelde","status":"publish","type":"product","link":"https:\/\/grossklein-immobilien.de\/de\/produkt\/grosszuegiges-efh-in-lichterfelde\/","title":{"rendered":"GROSSZ\u00dcGIGES EFH IN LICHTERFELDE S\u00dcD!"},"content":{"rendered":"<p style=\"text-align: justify;\">Hierbei handelt es sich um ein freistehendes und voll unterkellertes Haus was 1976 erbaut wurde. Das Grundst\u00fcck auf dem das Haus massiv Stein auf Stein erbaut wurde hat eine Fl\u00e4che von ca. 750m\u00b2. Das offen gestaltene Parterre bildet mit der offene K\u00fcche und dem Wohn- und Essbereich den zentralen Aufenthaltsraum in diesem Haus. Zudem ist eine sehr hochwertige und wertvolle Einbauk\u00fcche verbaut worden, die den Standard unterstreicht. \u00dcber das Wohnzimmer gelangt man bequem auf die Sonnentarrasse und den gr\u00fcnen Garten. Mit seinen 6 Schlafzimmern, 3 B\u00e4dern und einem G\u00e4ste-WC bietet diese Immobilie ausreichend Platz f\u00fcr eine Gro\u00dffamilie. Eine Einliegerwohnung f\u00fcr weitere Personen bzw. Familienangeh\u00f6rige ist hierbei ebenfalls vorhanden. Die Wohnlage rund um Lichterfelde ist f\u00fcr qualitatives und ungest\u00f6rtes Wohnen sehr bekannt. Dabei ist gleichzeitig die N\u00e4he zur Innenstadt immer gegeben. Diverse Buslinien sowie der S-Banhof Lichterfelde-Ost sorgen f\u00fcr die schnelle Anbindung an die City. Mit dem PKW erreichen Sie z.B. Rathaus Steglitz und die Shoppingmaile Schlo\u00dfstrasse in ca. 10 Minuten.<\/p>\n<p>Vermittelt durch Gross &amp; Klein Immobilien, Ihrem <a href=\"https:\/\/grossklein-immobilien.de\/de\/immobilienmakler-berlin-lichterfelde\/\">Immobilienmakler Berlin-Lichterfelde<\/a>.<\/p>\n","protected":false},"excerpt":{"rendered":"<p>Es handelt sich bei dieser Immobilie um ein freistehendes Einfamilienhaus mit Platz f\u00fcr eine Gro\u00dffamilie.<\/p>\n","protected":false},"featured_media":5019,"template":"","meta":{"_uag_custom_page_level_css":"","ngg_post_thumbnail":0},"product_cat":[26,94],"product_tag":[],"class_list":{"0":"post-5018","1":"product","2":"type-product","3":"status-publish","4":"has-post-thumbnail","6":"product_cat-einfamilienhaeuser","7":"product_cat-steglitz-zehlendorf","8":"pa_adresse-12207-berlin","9":"pa_balkon-terrasse","10":"pa_baujahr-267","11":"pa_befeuerung-gas","12":"pa_courtage-595-vom-beurk-kaufpreis-2","13":"pa_heizungsart-zentralheizung","14":"pa_objektzustand-gepflegt","15":"pa_standort-berlin-lichterfelde-2","16":"pa_wohnflaeche-240m","17":"pa_zimmer-265","19":"first","20":"outofstock","21":"shipping-taxable","22":"purchasable","23":"product-type-simple"},"yoast_head":"<!-- This site is optimized with the Yoast SEO plugin v26.8 - https:\/\/yoast.com\/product\/yoast-seo-wordpress\/ -->\n<title>GROSSZ\u00dcGIGES EFH IN LICHTERFELDE! - Gross &amp; Klein Immobilien<\/title>\n<meta name=\"description\" content=\"Hierbei handelt es sich um ein freistehendes und voll unterkellertes Haus was 1976 erbaut wurde. Esbesteht aus 8Zimmern, 2 B\u00e4dern und G\u00e4ste-WC, inkl. 2 Stellpl\u00e4tze\" \/>\n<meta name=\"robots\" content=\"index, follow, max-snippet:-1, max-image-preview:large, max-video-preview:-1\" \/>\n<link rel=\"canonical\" href=\"https:\/\/grossklein-immobilien.de\/de\/produkt\/grosszuegiges-efh-in-lichterfelde\/\" \/>\n<meta property=\"og:locale\" content=\"de_DE\" \/>\n<meta property=\"og:type\" content=\"article\" \/>\n<meta property=\"og:title\" content=\"GROSSZ\u00dcGIGES EFH IN LICHTERFELDE! - Gross &amp; Klein Immobilien\" \/>\n<meta property=\"og:description\" content=\"Hierbei handelt es sich um ein freistehendes und voll unterkellertes Haus was 1976 erbaut wurde. Esbesteht aus 8Zimmern, 2 B\u00e4dern und G\u00e4ste-WC, inkl. 2 Stellpl\u00e4tze\" \/>\n<meta property=\"og:url\" content=\"https:\/\/grossklein-immobilien.de\/de\/produkt\/grosszuegiges-efh-in-lichterfelde\/\" \/>\n<meta property=\"article:publisher\" content=\"https:\/\/www.facebook.com\/TOMIC-IMMOBILIEN-110945718988806\/\" \/>\n<meta property=\"article:modified_time\" content=\"2026-02-06T08:24:40+00:00\" \/>\n<meta property=\"og:image\" content=\"https:\/\/grossklein-immobilien.de\/de\/wp-content\/uploads\/2017\/09\/IMG_0853.jpg\" \/>\n\t<meta property=\"og:image:width\" content=\"1024\" \/>\n\t<meta property=\"og:image:height\" content=\"768\" \/>\n\t<meta property=\"og:image:type\" content=\"image\/jpeg\" \/>\n<meta name=\"twitter:card\" content=\"summary_large_image\" \/>\n<meta name=\"twitter:site\" content=\"@draz_tomic\" \/>\n<meta name=\"twitter:label1\" content=\"Gesch\u00e4tzte Lesezeit\" \/>\n\t<meta name=\"twitter:data1\" content=\"2\u00a0Minuten\" \/>\n<script type=\"application\/ld+json\" class=\"yoast-schema-graph\">{\"@context\":\"https:\/\/schema.org\",\"@graph\":[{\"@type\":\"WebPage\",\"@id\":\"https:\/\/grossklein-immobilien.de\/de\/produkt\/grosszuegiges-efh-in-lichterfelde\/\",\"url\":\"https:\/\/grossklein-immobilien.de\/de\/produkt\/grosszuegiges-efh-in-lichterfelde\/\",\"name\":\"GROSSZ\u00dcGIGES EFH IN LICHTERFELDE! - Gross & Klein Immobilien\",\"isPartOf\":{\"@id\":\"https:\/\/grossklein-immobilien.de\/de\/#website\"},\"primaryImageOfPage\":{\"@id\":\"https:\/\/grossklein-immobilien.de\/de\/produkt\/grosszuegiges-efh-in-lichterfelde\/#primaryimage\"},\"image\":{\"@id\":\"https:\/\/grossklein-immobilien.de\/de\/produkt\/grosszuegiges-efh-in-lichterfelde\/#primaryimage\"},\"thumbnailUrl\":\"https:\/\/grossklein-immobilien.de\/de\/wp-content\/uploads\/2017\/09\/IMG_0853.jpg\",\"datePublished\":\"2017-09-01T10:43:28+00:00\",\"dateModified\":\"2026-02-06T08:24:40+00:00\",\"description\":\"Hierbei handelt es sich um ein freistehendes und voll unterkellertes Haus was 1976 erbaut wurde. Esbesteht aus 8Zimmern, 2 B\u00e4dern und G\u00e4ste-WC, inkl. 2 Stellpl\u00e4tze\",\"breadcrumb\":{\"@id\":\"https:\/\/grossklein-immobilien.de\/de\/produkt\/grosszuegiges-efh-in-lichterfelde\/#breadcrumb\"},\"inLanguage\":\"de\",\"potentialAction\":[{\"@type\":\"ReadAction\",\"target\":[\"https:\/\/grossklein-immobilien.de\/de\/produkt\/grosszuegiges-efh-in-lichterfelde\/\"]}]},{\"@type\":\"ImageObject\",\"inLanguage\":\"de\",\"@id\":\"https:\/\/grossklein-immobilien.de\/de\/produkt\/grosszuegiges-efh-in-lichterfelde\/#primaryimage\",\"url\":\"https:\/\/grossklein-immobilien.de\/de\/wp-content\/uploads\/2017\/09\/IMG_0853.jpg\",\"contentUrl\":\"https:\/\/grossklein-immobilien.de\/de\/wp-content\/uploads\/2017\/09\/IMG_0853.jpg\",\"width\":1024,\"height\":768,\"caption\":\"Alleinstehendes Einfamilienhaus in Berlin-Lichterfelde verkauft durch Gross & Klein Immobilien\"},{\"@type\":\"BreadcrumbList\",\"@id\":\"https:\/\/grossklein-immobilien.de\/de\/produkt\/grosszuegiges-efh-in-lichterfelde\/#breadcrumb\",\"itemListElement\":[{\"@type\":\"ListItem\",\"position\":1,\"name\":\"Home\",\"item\":\"https:\/\/grossklein-immobilien.de\/de\/\"},{\"@type\":\"ListItem\",\"position\":2,\"name\":\"Immobilienangebote\",\"item\":\"https:\/\/grossklein-immobilien.de\/de\/immobilien-berlin\/\"},{\"@type\":\"ListItem\",\"position\":3,\"name\":\"GROSSZ\u00dcGIGES EFH IN LICHTERFELDE S\u00dcD!\"}]},{\"@type\":\"WebSite\",\"@id\":\"https:\/\/grossklein-immobilien.de\/de\/#website\",\"url\":\"https:\/\/grossklein-immobilien.de\/de\/\",\"name\":\"\",\"description\":\"\",\"potentialAction\":[{\"@type\":\"SearchAction\",\"target\":{\"@type\":\"EntryPoint\",\"urlTemplate\":\"https:\/\/grossklein-immobilien.de\/de\/?s={search_term_string}\"},\"query-input\":{\"@type\":\"PropertyValueSpecification\",\"valueRequired\":true,\"valueName\":\"search_term_string\"}}],\"inLanguage\":\"de\"}]}<\/script>\n<!-- \/ Yoast SEO plugin. -->","yoast_head_json":{"title":"GROSSZ\u00dcGIGES EFH IN LICHTERFELDE! - Gross & Klein Immobilien","description":"Hierbei handelt es sich um ein freistehendes und voll unterkellertes Haus was 1976 erbaut wurde. Esbesteht aus 8Zimmern, 2 B\u00e4dern und G\u00e4ste-WC, inkl. 2 Stellpl\u00e4tze","robots":{"index":"index","follow":"follow","max-snippet":"max-snippet:-1","max-image-preview":"max-image-preview:large","max-video-preview":"max-video-preview:-1"},"canonical":"https:\/\/grossklein-immobilien.de\/de\/produkt\/grosszuegiges-efh-in-lichterfelde\/","og_locale":"de_DE","og_type":"article","og_title":"GROSSZ\u00dcGIGES EFH IN LICHTERFELDE! - Gross & Klein Immobilien","og_description":"Hierbei handelt es sich um ein freistehendes und voll unterkellertes Haus was 1976 erbaut wurde. Esbesteht aus 8Zimmern, 2 B\u00e4dern und G\u00e4ste-WC, inkl. 2 Stellpl\u00e4tze","og_url":"https:\/\/grossklein-immobilien.de\/de\/produkt\/grosszuegiges-efh-in-lichterfelde\/","article_publisher":"https:\/\/www.facebook.com\/TOMIC-IMMOBILIEN-110945718988806\/","article_modified_time":"2026-02-06T08:24:40+00:00","og_image":[{"width":1024,"height":768,"url":"https:\/\/grossklein-immobilien.de\/de\/wp-content\/uploads\/2017\/09\/IMG_0853.jpg","type":"image\/jpeg"}],"twitter_card":"summary_large_image","twitter_site":"@draz_tomic","twitter_misc":{"Gesch\u00e4tzte Lesezeit":"2\u00a0Minuten"},"schema":{"@context":"https:\/\/schema.org","@graph":[{"@type":"WebPage","@id":"https:\/\/grossklein-immobilien.de\/de\/produkt\/grosszuegiges-efh-in-lichterfelde\/","url":"https:\/\/grossklein-immobilien.de\/de\/produkt\/grosszuegiges-efh-in-lichterfelde\/","name":"GROSSZ\u00dcGIGES EFH IN LICHTERFELDE! - Gross & Klein Immobilien","isPartOf":{"@id":"https:\/\/grossklein-immobilien.de\/de\/#website"},"primaryImageOfPage":{"@id":"https:\/\/grossklein-immobilien.de\/de\/produkt\/grosszuegiges-efh-in-lichterfelde\/#primaryimage"},"image":{"@id":"https:\/\/grossklein-immobilien.de\/de\/produkt\/grosszuegiges-efh-in-lichterfelde\/#primaryimage"},"thumbnailUrl":"https:\/\/grossklein-immobilien.de\/de\/wp-content\/uploads\/2017\/09\/IMG_0853.jpg","datePublished":"2017-09-01T10:43:28+00:00","dateModified":"2026-02-06T08:24:40+00:00","description":"Hierbei handelt es sich um ein freistehendes und voll unterkellertes Haus was 1976 erbaut wurde. Esbesteht aus 8Zimmern, 2 B\u00e4dern und G\u00e4ste-WC, inkl. 2 Stellpl\u00e4tze","breadcrumb":{"@id":"https:\/\/grossklein-immobilien.de\/de\/produkt\/grosszuegiges-efh-in-lichterfelde\/#breadcrumb"},"inLanguage":"de","potentialAction":[{"@type":"ReadAction","target":["https:\/\/grossklein-immobilien.de\/de\/produkt\/grosszuegiges-efh-in-lichterfelde\/"]}]},{"@type":"ImageObject","inLanguage":"de","@id":"https:\/\/grossklein-immobilien.de\/de\/produkt\/grosszuegiges-efh-in-lichterfelde\/#primaryimage","url":"https:\/\/grossklein-immobilien.de\/de\/wp-content\/uploads\/2017\/09\/IMG_0853.jpg","contentUrl":"https:\/\/grossklein-immobilien.de\/de\/wp-content\/uploads\/2017\/09\/IMG_0853.jpg","width":1024,"height":768,"caption":"Alleinstehendes Einfamilienhaus in Berlin-Lichterfelde verkauft durch Gross & Klein Immobilien"},{"@type":"BreadcrumbList","@id":"https:\/\/grossklein-immobilien.de\/de\/produkt\/grosszuegiges-efh-in-lichterfelde\/#breadcrumb","itemListElement":[{"@type":"ListItem","position":1,"name":"Home","item":"https:\/\/grossklein-immobilien.de\/de\/"},{"@type":"ListItem","position":2,"name":"Immobilienangebote","item":"https:\/\/grossklein-immobilien.de\/de\/immobilien-berlin\/"},{"@type":"ListItem","position":3,"name":"GROSSZ\u00dcGIGES EFH IN LICHTERFELDE S\u00dcD!"}]},{"@type":"WebSite","@id":"https:\/\/grossklein-immobilien.de\/de\/#website","url":"https:\/\/grossklein-immobilien.de\/de\/","name":"","description":"","potentialAction":[{"@type":"SearchAction","target":{"@type":"EntryPoint","urlTemplate":"https:\/\/grossklein-immobilien.de\/de\/?s={search_term_string}"},"query-input":{"@type":"PropertyValueSpecification","valueRequired":true,"valueName":"search_term_string"}}],"inLanguage":"de"}]}},"uagb_featured_image_src":{"full":["https:\/\/grossklein-immobilien.de\/de\/wp-content\/uploads\/2017\/09\/IMG_0853.jpg",1024,768,false],"thumbnail":["https:\/\/grossklein-immobilien.de\/de\/wp-content\/uploads\/2017\/09\/IMG_0853-150x150.jpg",150,150,true],"medium":["https:\/\/grossklein-immobilien.de\/de\/wp-content\/uploads\/2017\/09\/IMG_0853-300x225.jpg",300,225,true],"medium_large":["https:\/\/grossklein-immobilien.de\/de\/wp-content\/uploads\/2017\/09\/IMG_0853.jpg",1024,768,false],"large":["https:\/\/grossklein-immobilien.de\/de\/wp-content\/uploads\/2017\/09\/IMG_0853.jpg",604,453,false],"1536x1536":["https:\/\/grossklein-immobilien.de\/de\/wp-content\/uploads\/2017\/09\/IMG_0853.jpg",1024,768,false],"2048x2048":["https:\/\/grossklein-immobilien.de\/de\/wp-content\/uploads\/2017\/09\/IMG_0853.jpg",1024,768,false],"post-thumbnail":["https:\/\/grossklein-immobilien.de\/de\/wp-content\/uploads\/2017\/09\/IMG_0853-604x270.jpg",604,270,true],"woocommerce_thumbnail":["https:\/\/grossklein-immobilien.de\/de\/wp-content\/uploads\/2017\/09\/IMG_0853-300x300.jpg",300,300,true],"woocommerce_single":["https:\/\/grossklein-immobilien.de\/de\/wp-content\/uploads\/2017\/09\/IMG_0853.jpg",1024,768,false],"woocommerce_gallery_thumbnail":["https:\/\/grossklein-immobilien.de\/de\/wp-content\/uploads\/2017\/09\/IMG_0853-100x100.jpg",100,100,true]},"uagb_author_info":{"display_name":"Drazan Tomic","author_link":"https:\/\/grossklein-immobilien.de\/de\/author\/"},"uagb_comment_info":0,"uagb_excerpt":"Es handelt sich bei dieser Immobilie um ein freistehendes Einfamilienhaus mit Platz f\u00fcr eine Gro\u00dffamilie.","_links":{"self":[{"href":"https:\/\/grossklein-immobilien.de\/de\/wp-json\/wp\/v2\/product\/5018","targetHints":{"allow":["GET"]}}],"collection":[{"href":"https:\/\/grossklein-immobilien.de\/de\/wp-json\/wp\/v2\/product"}],"about":[{"href":"https:\/\/grossklein-immobilien.de\/de\/wp-json\/wp\/v2\/types\/product"}],"wp:featuredmedia":[{"embeddable":true,"href":"https:\/\/grossklein-immobilien.de\/de\/wp-json\/wp\/v2\/media\/5019"}],"wp:attachment":[{"href":"https:\/\/grossklein-immobilien.de\/de\/wp-json\/wp\/v2\/media?parent=5018"}],"wp:term":[{"taxonomy":"product_cat","embeddable":true,"href":"https:\/\/grossklein-immobilien.de\/de\/wp-json\/wp\/v2\/product_cat?post=5018"},{"taxonomy":"product_tag","embeddable":true,"href":"https:\/\/grossklein-immobilien.de\/de\/wp-json\/wp\/v2\/product_tag?post=5018"}],"curies":[{"name":"wp","href":"https:\/\/api.w.org\/{rel}","templated":true}]}}