{"id":5289,"date":"2017-10-18T17:01:38","date_gmt":"2017-10-18T15:01:38","guid":{"rendered":"http:\/\/grossklein-immobilien.de\/de\/?post_type=product&#038;p=5289"},"modified":"2023-05-12T12:39:27","modified_gmt":"2023-05-12T10:39:27","slug":"deluxe-penthouse-mit-aufzug-dachterrasse","status":"publish","type":"product","link":"https:\/\/grossklein-immobilien.de\/de\/produkt\/deluxe-penthouse-mit-aufzug-dachterrasse\/","title":{"rendered":"DELUXE PENTHOUSE MIT AUFZUG &#038; DACHTERRASSE ZUR MIETE!"},"content":{"rendered":"<p style=\"text-align: justify;\">Dieses deluxe Penthouse steht ab sofort zur Miete und bietet beste Raumverh\u00e4ltnisse und h\u00f6chsten Wohnkomfort. Die R\u00e4umlichkeiten sind alle sehr gro\u00dfz\u00fcgig und hell konzipiert. Das Penthouse befinden sich im 5.OG und ist bequem mit dem Aufzug zu erreichen. Dieser wurde im Rahmen des Ausbaus neu installiert. Die Ausstattung l\u00e4sst bei dieser Traumwohnung keine W\u00fcnsche offen. Eine Fu\u00dfbodenheizung im allen R\u00e4umen, 3 Meter hohe Decken, feinverputzte W\u00e4nde und hochwertiger Vinylboden sind die weiteren Ausstattungsmerkmale. Das hochmoderne Badezimmer ist mit Badewanne und einer Dusche ausgestattet. Die Auswahl der Flie\u00dfen ist gut durchdacht. Ein G\u00e4ste-WC steht ebenfalls zur Verf\u00fcgung. Die offene K\u00fcche mit Einbauk\u00fcche bietet viel Platz und unterstreicht den modernen Charakter dieser Wohnung. Die unmittelbare N\u00e4he zum beliebten Sch\u00f6neberger Kiez und zum Kurf\u00fcrstendamm spricht f\u00fcr die gute urbane Lage dieser traumhaften Dachgescho\u00dfwohnung. \u00dcberzeugen Sie sich selbst und vereinbaren Sie einen Termin zur Besichtigung!<\/p>\n","protected":false},"excerpt":{"rendered":"<p>Bei dieser hochwertigen Mietwohnung handelt es sich um ein neu ausgebautes Penthouse mit Aufzug und Dachterrasse in der N\u00e4he zum Sch\u00f6neberger Kiez.<\/p>\n","protected":false},"featured_media":5307,"template":"","meta":{"_uag_custom_page_level_css":"","ngg_post_thumbnail":0},"product_cat":[24,411,423,417],"product_tag":[372],"class_list":{"0":"post-5289","1":"product","2":"type-product","3":"status-publish","4":"has-post-thumbnail","6":"product_cat-eigentumswohnungen","7":"product_cat-berlin-schoeneberg","8":"product_cat-140-200","9":"product_cat-417","10":"product_tag-penthouse-in-mitte","11":"pa_adresse-10823-berlin","12":"pa_balkon-dachterrasse-mit-ca-30m","13":"pa_baujahr-284","14":"pa_befeuerung-waermepumpe","15":"pa_courtage-714-inkl-mwst-vom-beurk-kaufpreis-2","16":"pa_etage-281","17":"pa_etagen-41","18":"pa_gaeste-wc-vorhanden","19":"pa_lage-berlin-schoenerberg","20":"pa_objektzustand-neu","21":"pa_standort-berlin-schoeneberg","22":"pa_wohnflaeche-314","23":"pa_zimmer-276","25":"first","26":"outofstock","27":"shipping-taxable","28":"purchasable","29":"product-type-simple"},"yoast_head":"<!-- This site is optimized with the Yoast SEO plugin v26.8 - https:\/\/yoast.com\/product\/yoast-seo-wordpress\/ -->\n<title>Deluxe Penthouse mit Aufzug und Dachterrasse | Gross &amp; Klein Immo<\/title>\n<meta name=\"description\" content=\"Deluxe Penthouse mit Aufzug und Dachterrasse in Berlin-Sch\u00f6neberg unweit der Eisenacher Strasse und dem beliebten Sch\u00f6neberger Kiez. Neubau mit Erstbezug!\" \/>\n<meta name=\"robots\" content=\"index, follow, max-snippet:-1, max-image-preview:large, max-video-preview:-1\" \/>\n<link rel=\"canonical\" href=\"https:\/\/grossklein-immobilien.de\/de\/produkt\/deluxe-penthouse-mit-aufzug-dachterrasse\/\" \/>\n<meta property=\"og:locale\" content=\"de_DE\" \/>\n<meta property=\"og:type\" content=\"article\" \/>\n<meta property=\"og:title\" content=\"Deluxe Penthouse mit Aufzug und Dachterrasse | Gross &amp; Klein Immo\" \/>\n<meta property=\"og:description\" content=\"Deluxe Penthouse mit Aufzug und Dachterrasse in Berlin-Sch\u00f6neberg unweit der Eisenacher Strasse und dem beliebten Sch\u00f6neberger Kiez. Neubau mit Erstbezug!\" \/>\n<meta property=\"og:url\" content=\"https:\/\/grossklein-immobilien.de\/de\/produkt\/deluxe-penthouse-mit-aufzug-dachterrasse\/\" \/>\n<meta property=\"article:publisher\" content=\"https:\/\/www.facebook.com\/TOMIC-IMMOBILIEN-110945718988806\/\" \/>\n<meta property=\"article:modified_time\" content=\"2023-05-12T10:39:27+00:00\" \/>\n<meta property=\"og:image\" content=\"https:\/\/grossklein-immobilien.de\/de\/wp-content\/uploads\/2017\/10\/Wohn-und-Essbereich.jpg\" \/>\n\t<meta property=\"og:image:width\" content=\"1024\" \/>\n\t<meta property=\"og:image:height\" content=\"683\" \/>\n\t<meta property=\"og:image:type\" content=\"image\/jpeg\" \/>\n<meta name=\"twitter:card\" content=\"summary_large_image\" \/>\n<meta name=\"twitter:site\" content=\"@draz_tomic\" \/>\n<meta name=\"twitter:label1\" content=\"Gesch\u00e4tzte Lesezeit\" \/>\n\t<meta name=\"twitter:data1\" content=\"1\u00a0Minute\" \/>\n<script type=\"application\/ld+json\" class=\"yoast-schema-graph\">{\"@context\":\"https:\/\/schema.org\",\"@graph\":[{\"@type\":\"WebPage\",\"@id\":\"https:\/\/grossklein-immobilien.de\/de\/produkt\/deluxe-penthouse-mit-aufzug-dachterrasse\/\",\"url\":\"https:\/\/grossklein-immobilien.de\/de\/produkt\/deluxe-penthouse-mit-aufzug-dachterrasse\/\",\"name\":\"Deluxe Penthouse mit Aufzug und Dachterrasse | Gross & Klein Immo\",\"isPartOf\":{\"@id\":\"https:\/\/grossklein-immobilien.de\/de\/#website\"},\"primaryImageOfPage\":{\"@id\":\"https:\/\/grossklein-immobilien.de\/de\/produkt\/deluxe-penthouse-mit-aufzug-dachterrasse\/#primaryimage\"},\"image\":{\"@id\":\"https:\/\/grossklein-immobilien.de\/de\/produkt\/deluxe-penthouse-mit-aufzug-dachterrasse\/#primaryimage\"},\"thumbnailUrl\":\"https:\/\/grossklein-immobilien.de\/de\/wp-content\/uploads\/2017\/10\/Wohn-und-Essbereich-e1770141412609.jpg\",\"datePublished\":\"2017-10-18T15:01:38+00:00\",\"dateModified\":\"2023-05-12T10:39:27+00:00\",\"description\":\"Deluxe Penthouse mit Aufzug und Dachterrasse in Berlin-Sch\u00f6neberg unweit der Eisenacher Strasse und dem beliebten Sch\u00f6neberger Kiez. Neubau mit Erstbezug!\",\"breadcrumb\":{\"@id\":\"https:\/\/grossklein-immobilien.de\/de\/produkt\/deluxe-penthouse-mit-aufzug-dachterrasse\/#breadcrumb\"},\"inLanguage\":\"de\",\"potentialAction\":[{\"@type\":\"ReadAction\",\"target\":[\"https:\/\/grossklein-immobilien.de\/de\/produkt\/deluxe-penthouse-mit-aufzug-dachterrasse\/\"]}]},{\"@type\":\"ImageObject\",\"inLanguage\":\"de\",\"@id\":\"https:\/\/grossklein-immobilien.de\/de\/produkt\/deluxe-penthouse-mit-aufzug-dachterrasse\/#primaryimage\",\"url\":\"https:\/\/grossklein-immobilien.de\/de\/wp-content\/uploads\/2017\/10\/Wohn-und-Essbereich-e1770141412609.jpg\",\"contentUrl\":\"https:\/\/grossklein-immobilien.de\/de\/wp-content\/uploads\/2017\/10\/Wohn-und-Essbereich-e1770141412609.jpg\",\"width\":1024,\"height\":556,\"caption\":\"Moderne Penthose Wohnung mit Aufzug und Aufdachterrasse verkauft durch Gross & Klein Immobilien\"},{\"@type\":\"BreadcrumbList\",\"@id\":\"https:\/\/grossklein-immobilien.de\/de\/produkt\/deluxe-penthouse-mit-aufzug-dachterrasse\/#breadcrumb\",\"itemListElement\":[{\"@type\":\"ListItem\",\"position\":1,\"name\":\"Home\",\"item\":\"https:\/\/grossklein-immobilien.de\/de\/\"},{\"@type\":\"ListItem\",\"position\":2,\"name\":\"Immobilienangebote\",\"item\":\"https:\/\/grossklein-immobilien.de\/de\/immobilien-berlin\/\"},{\"@type\":\"ListItem\",\"position\":3,\"name\":\"DELUXE PENTHOUSE MIT AUFZUG &#038; DACHTERRASSE ZUR MIETE!\"}]},{\"@type\":\"WebSite\",\"@id\":\"https:\/\/grossklein-immobilien.de\/de\/#website\",\"url\":\"https:\/\/grossklein-immobilien.de\/de\/\",\"name\":\"\",\"description\":\"\",\"potentialAction\":[{\"@type\":\"SearchAction\",\"target\":{\"@type\":\"EntryPoint\",\"urlTemplate\":\"https:\/\/grossklein-immobilien.de\/de\/?s={search_term_string}\"},\"query-input\":{\"@type\":\"PropertyValueSpecification\",\"valueRequired\":true,\"valueName\":\"search_term_string\"}}],\"inLanguage\":\"de\"}]}<\/script>\n<!-- \/ Yoast SEO plugin. -->","yoast_head_json":{"title":"Deluxe Penthouse mit Aufzug und Dachterrasse | Gross & Klein Immo","description":"Deluxe Penthouse mit Aufzug und Dachterrasse in Berlin-Sch\u00f6neberg unweit der Eisenacher Strasse und dem beliebten Sch\u00f6neberger Kiez. Neubau mit Erstbezug!","robots":{"index":"index","follow":"follow","max-snippet":"max-snippet:-1","max-image-preview":"max-image-preview:large","max-video-preview":"max-video-preview:-1"},"canonical":"https:\/\/grossklein-immobilien.de\/de\/produkt\/deluxe-penthouse-mit-aufzug-dachterrasse\/","og_locale":"de_DE","og_type":"article","og_title":"Deluxe Penthouse mit Aufzug und Dachterrasse | Gross & Klein Immo","og_description":"Deluxe Penthouse mit Aufzug und Dachterrasse in Berlin-Sch\u00f6neberg unweit der Eisenacher Strasse und dem beliebten Sch\u00f6neberger Kiez. Neubau mit Erstbezug!","og_url":"https:\/\/grossklein-immobilien.de\/de\/produkt\/deluxe-penthouse-mit-aufzug-dachterrasse\/","article_publisher":"https:\/\/www.facebook.com\/TOMIC-IMMOBILIEN-110945718988806\/","article_modified_time":"2023-05-12T10:39:27+00:00","og_image":[{"width":1024,"height":683,"url":"https:\/\/grossklein-immobilien.de\/de\/wp-content\/uploads\/2017\/10\/Wohn-und-Essbereich.jpg","type":"image\/jpeg"}],"twitter_card":"summary_large_image","twitter_site":"@draz_tomic","twitter_misc":{"Gesch\u00e4tzte Lesezeit":"1\u00a0Minute"},"schema":{"@context":"https:\/\/schema.org","@graph":[{"@type":"WebPage","@id":"https:\/\/grossklein-immobilien.de\/de\/produkt\/deluxe-penthouse-mit-aufzug-dachterrasse\/","url":"https:\/\/grossklein-immobilien.de\/de\/produkt\/deluxe-penthouse-mit-aufzug-dachterrasse\/","name":"Deluxe Penthouse mit Aufzug und Dachterrasse | Gross & Klein Immo","isPartOf":{"@id":"https:\/\/grossklein-immobilien.de\/de\/#website"},"primaryImageOfPage":{"@id":"https:\/\/grossklein-immobilien.de\/de\/produkt\/deluxe-penthouse-mit-aufzug-dachterrasse\/#primaryimage"},"image":{"@id":"https:\/\/grossklein-immobilien.de\/de\/produkt\/deluxe-penthouse-mit-aufzug-dachterrasse\/#primaryimage"},"thumbnailUrl":"https:\/\/grossklein-immobilien.de\/de\/wp-content\/uploads\/2017\/10\/Wohn-und-Essbereich-e1770141412609.jpg","datePublished":"2017-10-18T15:01:38+00:00","dateModified":"2023-05-12T10:39:27+00:00","description":"Deluxe Penthouse mit Aufzug und Dachterrasse in Berlin-Sch\u00f6neberg unweit der Eisenacher Strasse und dem beliebten Sch\u00f6neberger Kiez. Neubau mit Erstbezug!","breadcrumb":{"@id":"https:\/\/grossklein-immobilien.de\/de\/produkt\/deluxe-penthouse-mit-aufzug-dachterrasse\/#breadcrumb"},"inLanguage":"de","potentialAction":[{"@type":"ReadAction","target":["https:\/\/grossklein-immobilien.de\/de\/produkt\/deluxe-penthouse-mit-aufzug-dachterrasse\/"]}]},{"@type":"ImageObject","inLanguage":"de","@id":"https:\/\/grossklein-immobilien.de\/de\/produkt\/deluxe-penthouse-mit-aufzug-dachterrasse\/#primaryimage","url":"https:\/\/grossklein-immobilien.de\/de\/wp-content\/uploads\/2017\/10\/Wohn-und-Essbereich-e1770141412609.jpg","contentUrl":"https:\/\/grossklein-immobilien.de\/de\/wp-content\/uploads\/2017\/10\/Wohn-und-Essbereich-e1770141412609.jpg","width":1024,"height":556,"caption":"Moderne Penthose Wohnung mit Aufzug und Aufdachterrasse verkauft durch Gross & Klein Immobilien"},{"@type":"BreadcrumbList","@id":"https:\/\/grossklein-immobilien.de\/de\/produkt\/deluxe-penthouse-mit-aufzug-dachterrasse\/#breadcrumb","itemListElement":[{"@type":"ListItem","position":1,"name":"Home","item":"https:\/\/grossklein-immobilien.de\/de\/"},{"@type":"ListItem","position":2,"name":"Immobilienangebote","item":"https:\/\/grossklein-immobilien.de\/de\/immobilien-berlin\/"},{"@type":"ListItem","position":3,"name":"DELUXE PENTHOUSE MIT AUFZUG &#038; DACHTERRASSE ZUR MIETE!"}]},{"@type":"WebSite","@id":"https:\/\/grossklein-immobilien.de\/de\/#website","url":"https:\/\/grossklein-immobilien.de\/de\/","name":"","description":"","potentialAction":[{"@type":"SearchAction","target":{"@type":"EntryPoint","urlTemplate":"https:\/\/grossklein-immobilien.de\/de\/?s={search_term_string}"},"query-input":{"@type":"PropertyValueSpecification","valueRequired":true,"valueName":"search_term_string"}}],"inLanguage":"de"}]}},"uagb_featured_image_src":{"full":["https:\/\/grossklein-immobilien.de\/de\/wp-content\/uploads\/2017\/10\/Wohn-und-Essbereich-e1770141412609.jpg",1024,556,false],"thumbnail":["https:\/\/grossklein-immobilien.de\/de\/wp-content\/uploads\/2017\/10\/Wohn-und-Essbereich-e1770141412609-150x150.jpg",150,150,true],"medium":["https:\/\/grossklein-immobilien.de\/de\/wp-content\/uploads\/2017\/10\/Wohn-und-Essbereich-e1770141412609-300x163.jpg",300,163,true],"medium_large":["https:\/\/grossklein-immobilien.de\/de\/wp-content\/uploads\/2017\/10\/Wohn-und-Essbereich-e1770141412609.jpg",1024,556,false],"large":["https:\/\/grossklein-immobilien.de\/de\/wp-content\/uploads\/2017\/10\/Wohn-und-Essbereich-e1770141412609.jpg",604,328,false],"1536x1536":["https:\/\/grossklein-immobilien.de\/de\/wp-content\/uploads\/2017\/10\/Wohn-und-Essbereich-e1770141412609.jpg",1024,556,false],"2048x2048":["https:\/\/grossklein-immobilien.de\/de\/wp-content\/uploads\/2017\/10\/Wohn-und-Essbereich-e1770141412609.jpg",1024,556,false],"post-thumbnail":["https:\/\/grossklein-immobilien.de\/de\/wp-content\/uploads\/2017\/10\/Wohn-und-Essbereich-e1770141412609-604x270.jpg",604,270,true],"woocommerce_thumbnail":["https:\/\/grossklein-immobilien.de\/de\/wp-content\/uploads\/2017\/10\/Wohn-und-Essbereich-e1770141412609-300x300.jpg",300,300,true],"woocommerce_single":["https:\/\/grossklein-immobilien.de\/de\/wp-content\/uploads\/2017\/10\/Wohn-und-Essbereich-e1770141412609.jpg",1024,556,false],"woocommerce_gallery_thumbnail":["https:\/\/grossklein-immobilien.de\/de\/wp-content\/uploads\/2017\/10\/Wohn-und-Essbereich-e1770141412609-100x100.jpg",100,100,true]},"uagb_author_info":{"display_name":"Drazan Tomic","author_link":"https:\/\/grossklein-immobilien.de\/de\/author\/"},"uagb_comment_info":0,"uagb_excerpt":"Bei dieser hochwertigen Mietwohnung handelt es sich um ein neu ausgebautes Penthouse mit Aufzug und Dachterrasse in der N\u00e4he zum Sch\u00f6neberger Kiez.","_links":{"self":[{"href":"https:\/\/grossklein-immobilien.de\/de\/wp-json\/wp\/v2\/product\/5289","targetHints":{"allow":["GET"]}}],"collection":[{"href":"https:\/\/grossklein-immobilien.de\/de\/wp-json\/wp\/v2\/product"}],"about":[{"href":"https:\/\/grossklein-immobilien.de\/de\/wp-json\/wp\/v2\/types\/product"}],"wp:featuredmedia":[{"embeddable":true,"href":"https:\/\/grossklein-immobilien.de\/de\/wp-json\/wp\/v2\/media\/5307"}],"wp:attachment":[{"href":"https:\/\/grossklein-immobilien.de\/de\/wp-json\/wp\/v2\/media?parent=5289"}],"wp:term":[{"taxonomy":"product_cat","embeddable":true,"href":"https:\/\/grossklein-immobilien.de\/de\/wp-json\/wp\/v2\/product_cat?post=5289"},{"taxonomy":"product_tag","embeddable":true,"href":"https:\/\/grossklein-immobilien.de\/de\/wp-json\/wp\/v2\/product_tag?post=5289"}],"curies":[{"name":"wp","href":"https:\/\/api.w.org\/{rel}","templated":true}]}}