{"id":5618,"date":"2017-12-04T11:11:31","date_gmt":"2017-12-04T10:11:31","guid":{"rendered":"http:\/\/grossklein-immobilien.de\/de\/?post_type=product&#038;p=5618"},"modified":"2024-10-15T11:26:28","modified_gmt":"2024-10-15T09:26:28","slug":"baugrundstueck-fuer-ihr-neues-haus-in-biesenthal","status":"publish","type":"product","link":"https:\/\/grossklein-immobilien.de\/de\/produkt\/baugrundstueck-fuer-ihr-neues-haus-in-biesenthal\/","title":{"rendered":"GRUNDST\u00dcCK F\u00dcR IHR NEUES HAUS NAHE BERNAU"},"content":{"rendered":"<p>Hierbau handelt es sich um ein voll erschlossenes Baugrundst\u00fcck, dass sich in Biesenthal, Ortsteil Danewitz befindet. Es liegt in einer Nebenstrasse und ist f\u00fcr eine Bebauung mit einem Einfamilienhaus ideal geeignet. Aktuell befinden sich auf dem Grundst\u00fcck zwei Lauben, die aber leicht zu entfernen sind sowie ein Schuppen und ein Carport. Biesenthal ist eine lebhafte Stadt umgeben von sch\u00f6ner Natur, aber verkehrsm\u00e4\u00dfig dennoch sehr gut angebunden. In die Hauptstadt fahren st\u00fcndlich Z\u00fcge sodass man z.B. innerhalb einer halben Stunde am Bahnhof Ostkreuz ist. Im Umkreis von 5 Kilometern befinden sich Gesch\u00e4fte des t\u00e4glichen Bedarfs sowie Apotheke, \u00c4rzte, Kinderg\u00e4rten und Schulen. Des Weiteren ist das naheliegende Bernau nur wenige Minuten mit dem PKW entfernt.<\/p>\n","protected":false},"excerpt":{"rendered":"<p>Voll erschlo\u00dfenes Baugrundst\u00fcck auf dem eine Bebauung mit einem Einfamilienhaus bzw. einer Villa m\u00f6glich ist.<\/p>\n","protected":false},"featured_media":5619,"template":"","meta":{"_uag_custom_page_level_css":"","ngg_post_thumbnail":0},"product_cat":[294],"product_tag":[],"class_list":{"0":"post-5618","1":"product","2":"type-product","3":"status-publish","4":"has-post-thumbnail","6":"product_cat-grundstuecke","7":"pa_adresse-16359-biesenthal","8":"pa_courtage-714-inkl-mwst-vom-beurk-kaufpreis","9":"pa_standort-biesenthal-danewitz","10":"pa_wohnflaeche-flaeche-160000-m","12":"first","13":"outofstock","14":"shipping-taxable","15":"purchasable","16":"product-type-simple"},"yoast_head":"<!-- This site is optimized with the Yoast SEO plugin v26.8 - https:\/\/yoast.com\/product\/yoast-seo-wordpress\/ -->\n<title>GROSSES BAUGRUNDST\u00dcCK F\u00dcR IHR NEUES HAUS ODER VILLA IN BIESENTHAL ORTSTEIL DANEWITZ<\/title>\n<meta name=\"description\" content=\"Gro\u00dfes Baugrundst\u00fcck in Biesenthal, Oertsteil Danneweitz. Grundst\u00fccksgr\u00f6\u00dfe ca. 1.600m\u00b2. Voll erschlo\u00dfen. Bebauung wie in der Nachbarschaft m\u00f6glich.\" \/>\n<meta name=\"robots\" content=\"index, follow, max-snippet:-1, max-image-preview:large, max-video-preview:-1\" \/>\n<link rel=\"canonical\" href=\"https:\/\/grossklein-immobilien.de\/de\/produkt\/baugrundstueck-fuer-ihr-neues-haus-in-biesenthal\/\" \/>\n<meta property=\"og:locale\" content=\"de_DE\" \/>\n<meta property=\"og:type\" content=\"article\" \/>\n<meta property=\"og:title\" content=\"GROSSES BAUGRUNDST\u00dcCK F\u00dcR IHR NEUES HAUS ODER VILLA IN BIESENTHAL ORTSTEIL DANEWITZ\" \/>\n<meta property=\"og:description\" content=\"Gro\u00dfes Baugrundst\u00fcck in Biesenthal, Oertsteil Danneweitz. Grundst\u00fccksgr\u00f6\u00dfe ca. 1.600m\u00b2. Voll erschlo\u00dfen. Bebauung wie in der Nachbarschaft m\u00f6glich.\" \/>\n<meta property=\"og:url\" content=\"https:\/\/grossklein-immobilien.de\/de\/produkt\/baugrundstueck-fuer-ihr-neues-haus-in-biesenthal\/\" \/>\n<meta property=\"article:publisher\" content=\"https:\/\/www.facebook.com\/TOMIC-IMMOBILIEN-110945718988806\/\" \/>\n<meta property=\"article:modified_time\" content=\"2024-10-15T09:26:28+00:00\" \/>\n<meta property=\"og:image\" content=\"https:\/\/grossklein-immobilien.de\/de\/wp-content\/uploads\/2017\/12\/Baugrundstueck.jpg\" \/>\n\t<meta property=\"og:image:width\" content=\"1024\" \/>\n\t<meta property=\"og:image:height\" content=\"683\" \/>\n\t<meta property=\"og:image:type\" content=\"image\/jpeg\" \/>\n<meta name=\"twitter:card\" content=\"summary_large_image\" \/>\n<meta name=\"twitter:site\" content=\"@draz_tomic\" \/>\n<meta name=\"twitter:label1\" content=\"Gesch\u00e4tzte Lesezeit\" \/>\n\t<meta name=\"twitter:data1\" content=\"1\u00a0Minute\" \/>\n<script type=\"application\/ld+json\" class=\"yoast-schema-graph\">{\"@context\":\"https:\/\/schema.org\",\"@graph\":[{\"@type\":\"WebPage\",\"@id\":\"https:\/\/grossklein-immobilien.de\/de\/produkt\/baugrundstueck-fuer-ihr-neues-haus-in-biesenthal\/\",\"url\":\"https:\/\/grossklein-immobilien.de\/de\/produkt\/baugrundstueck-fuer-ihr-neues-haus-in-biesenthal\/\",\"name\":\"GROSSES BAUGRUNDST\u00dcCK F\u00dcR IHR NEUES HAUS ODER VILLA IN BIESENTHAL ORTSTEIL DANEWITZ\",\"isPartOf\":{\"@id\":\"https:\/\/grossklein-immobilien.de\/de\/#website\"},\"primaryImageOfPage\":{\"@id\":\"https:\/\/grossklein-immobilien.de\/de\/produkt\/baugrundstueck-fuer-ihr-neues-haus-in-biesenthal\/#primaryimage\"},\"image\":{\"@id\":\"https:\/\/grossklein-immobilien.de\/de\/produkt\/baugrundstueck-fuer-ihr-neues-haus-in-biesenthal\/#primaryimage\"},\"thumbnailUrl\":\"https:\/\/grossklein-immobilien.de\/de\/wp-content\/uploads\/2017\/12\/Baugrundstueck.jpg\",\"datePublished\":\"2017-12-04T10:11:31+00:00\",\"dateModified\":\"2024-10-15T09:26:28+00:00\",\"description\":\"Gro\u00dfes Baugrundst\u00fcck in Biesenthal, Oertsteil Danneweitz. Grundst\u00fccksgr\u00f6\u00dfe ca. 1.600m\u00b2. Voll erschlo\u00dfen. Bebauung wie in der Nachbarschaft m\u00f6glich.\",\"breadcrumb\":{\"@id\":\"https:\/\/grossklein-immobilien.de\/de\/produkt\/baugrundstueck-fuer-ihr-neues-haus-in-biesenthal\/#breadcrumb\"},\"inLanguage\":\"de\",\"potentialAction\":[{\"@type\":\"ReadAction\",\"target\":[\"https:\/\/grossklein-immobilien.de\/de\/produkt\/baugrundstueck-fuer-ihr-neues-haus-in-biesenthal\/\"]}]},{\"@type\":\"ImageObject\",\"inLanguage\":\"de\",\"@id\":\"https:\/\/grossklein-immobilien.de\/de\/produkt\/baugrundstueck-fuer-ihr-neues-haus-in-biesenthal\/#primaryimage\",\"url\":\"https:\/\/grossklein-immobilien.de\/de\/wp-content\/uploads\/2017\/12\/Baugrundstueck.jpg\",\"contentUrl\":\"https:\/\/grossklein-immobilien.de\/de\/wp-content\/uploads\/2017\/12\/Baugrundstueck.jpg\",\"width\":1024,\"height\":683},{\"@type\":\"BreadcrumbList\",\"@id\":\"https:\/\/grossklein-immobilien.de\/de\/produkt\/baugrundstueck-fuer-ihr-neues-haus-in-biesenthal\/#breadcrumb\",\"itemListElement\":[{\"@type\":\"ListItem\",\"position\":1,\"name\":\"Home\",\"item\":\"https:\/\/grossklein-immobilien.de\/de\/\"},{\"@type\":\"ListItem\",\"position\":2,\"name\":\"Immobilienangebote\",\"item\":\"https:\/\/grossklein-immobilien.de\/de\/immobilien-berlin\/\"},{\"@type\":\"ListItem\",\"position\":3,\"name\":\"GRUNDST\u00dcCK F\u00dcR IHR NEUES HAUS NAHE BERNAU\"}]},{\"@type\":\"WebSite\",\"@id\":\"https:\/\/grossklein-immobilien.de\/de\/#website\",\"url\":\"https:\/\/grossklein-immobilien.de\/de\/\",\"name\":\"\",\"description\":\"\",\"potentialAction\":[{\"@type\":\"SearchAction\",\"target\":{\"@type\":\"EntryPoint\",\"urlTemplate\":\"https:\/\/grossklein-immobilien.de\/de\/?s={search_term_string}\"},\"query-input\":{\"@type\":\"PropertyValueSpecification\",\"valueRequired\":true,\"valueName\":\"search_term_string\"}}],\"inLanguage\":\"de\"}]}<\/script>\n<!-- \/ Yoast SEO plugin. -->","yoast_head_json":{"title":"GROSSES BAUGRUNDST\u00dcCK F\u00dcR IHR NEUES HAUS ODER VILLA IN BIESENTHAL ORTSTEIL DANEWITZ","description":"Gro\u00dfes Baugrundst\u00fcck in Biesenthal, Oertsteil Danneweitz. Grundst\u00fccksgr\u00f6\u00dfe ca. 1.600m\u00b2. Voll erschlo\u00dfen. Bebauung wie in der Nachbarschaft m\u00f6glich.","robots":{"index":"index","follow":"follow","max-snippet":"max-snippet:-1","max-image-preview":"max-image-preview:large","max-video-preview":"max-video-preview:-1"},"canonical":"https:\/\/grossklein-immobilien.de\/de\/produkt\/baugrundstueck-fuer-ihr-neues-haus-in-biesenthal\/","og_locale":"de_DE","og_type":"article","og_title":"GROSSES BAUGRUNDST\u00dcCK F\u00dcR IHR NEUES HAUS ODER VILLA IN BIESENTHAL ORTSTEIL DANEWITZ","og_description":"Gro\u00dfes Baugrundst\u00fcck in Biesenthal, Oertsteil Danneweitz. Grundst\u00fccksgr\u00f6\u00dfe ca. 1.600m\u00b2. Voll erschlo\u00dfen. Bebauung wie in der Nachbarschaft m\u00f6glich.","og_url":"https:\/\/grossklein-immobilien.de\/de\/produkt\/baugrundstueck-fuer-ihr-neues-haus-in-biesenthal\/","article_publisher":"https:\/\/www.facebook.com\/TOMIC-IMMOBILIEN-110945718988806\/","article_modified_time":"2024-10-15T09:26:28+00:00","og_image":[{"width":1024,"height":683,"url":"https:\/\/grossklein-immobilien.de\/de\/wp-content\/uploads\/2017\/12\/Baugrundstueck.jpg","type":"image\/jpeg"}],"twitter_card":"summary_large_image","twitter_site":"@draz_tomic","twitter_misc":{"Gesch\u00e4tzte Lesezeit":"1\u00a0Minute"},"schema":{"@context":"https:\/\/schema.org","@graph":[{"@type":"WebPage","@id":"https:\/\/grossklein-immobilien.de\/de\/produkt\/baugrundstueck-fuer-ihr-neues-haus-in-biesenthal\/","url":"https:\/\/grossklein-immobilien.de\/de\/produkt\/baugrundstueck-fuer-ihr-neues-haus-in-biesenthal\/","name":"GROSSES BAUGRUNDST\u00dcCK F\u00dcR IHR NEUES HAUS ODER VILLA IN BIESENTHAL ORTSTEIL DANEWITZ","isPartOf":{"@id":"https:\/\/grossklein-immobilien.de\/de\/#website"},"primaryImageOfPage":{"@id":"https:\/\/grossklein-immobilien.de\/de\/produkt\/baugrundstueck-fuer-ihr-neues-haus-in-biesenthal\/#primaryimage"},"image":{"@id":"https:\/\/grossklein-immobilien.de\/de\/produkt\/baugrundstueck-fuer-ihr-neues-haus-in-biesenthal\/#primaryimage"},"thumbnailUrl":"https:\/\/grossklein-immobilien.de\/de\/wp-content\/uploads\/2017\/12\/Baugrundstueck.jpg","datePublished":"2017-12-04T10:11:31+00:00","dateModified":"2024-10-15T09:26:28+00:00","description":"Gro\u00dfes Baugrundst\u00fcck in Biesenthal, Oertsteil Danneweitz. Grundst\u00fccksgr\u00f6\u00dfe ca. 1.600m\u00b2. Voll erschlo\u00dfen. Bebauung wie in der Nachbarschaft m\u00f6glich.","breadcrumb":{"@id":"https:\/\/grossklein-immobilien.de\/de\/produkt\/baugrundstueck-fuer-ihr-neues-haus-in-biesenthal\/#breadcrumb"},"inLanguage":"de","potentialAction":[{"@type":"ReadAction","target":["https:\/\/grossklein-immobilien.de\/de\/produkt\/baugrundstueck-fuer-ihr-neues-haus-in-biesenthal\/"]}]},{"@type":"ImageObject","inLanguage":"de","@id":"https:\/\/grossklein-immobilien.de\/de\/produkt\/baugrundstueck-fuer-ihr-neues-haus-in-biesenthal\/#primaryimage","url":"https:\/\/grossklein-immobilien.de\/de\/wp-content\/uploads\/2017\/12\/Baugrundstueck.jpg","contentUrl":"https:\/\/grossklein-immobilien.de\/de\/wp-content\/uploads\/2017\/12\/Baugrundstueck.jpg","width":1024,"height":683},{"@type":"BreadcrumbList","@id":"https:\/\/grossklein-immobilien.de\/de\/produkt\/baugrundstueck-fuer-ihr-neues-haus-in-biesenthal\/#breadcrumb","itemListElement":[{"@type":"ListItem","position":1,"name":"Home","item":"https:\/\/grossklein-immobilien.de\/de\/"},{"@type":"ListItem","position":2,"name":"Immobilienangebote","item":"https:\/\/grossklein-immobilien.de\/de\/immobilien-berlin\/"},{"@type":"ListItem","position":3,"name":"GRUNDST\u00dcCK F\u00dcR IHR NEUES HAUS NAHE BERNAU"}]},{"@type":"WebSite","@id":"https:\/\/grossklein-immobilien.de\/de\/#website","url":"https:\/\/grossklein-immobilien.de\/de\/","name":"","description":"","potentialAction":[{"@type":"SearchAction","target":{"@type":"EntryPoint","urlTemplate":"https:\/\/grossklein-immobilien.de\/de\/?s={search_term_string}"},"query-input":{"@type":"PropertyValueSpecification","valueRequired":true,"valueName":"search_term_string"}}],"inLanguage":"de"}]}},"uagb_featured_image_src":{"full":["https:\/\/grossklein-immobilien.de\/de\/wp-content\/uploads\/2017\/12\/Baugrundstueck.jpg",1024,683,false],"thumbnail":["https:\/\/grossklein-immobilien.de\/de\/wp-content\/uploads\/2017\/12\/Baugrundstueck.jpg",150,100,false],"medium":["https:\/\/grossklein-immobilien.de\/de\/wp-content\/uploads\/2017\/12\/Baugrundstueck.jpg",300,200,false],"medium_large":["https:\/\/grossklein-immobilien.de\/de\/wp-content\/uploads\/2017\/12\/Baugrundstueck.jpg",1024,683,false],"large":["https:\/\/grossklein-immobilien.de\/de\/wp-content\/uploads\/2017\/12\/Baugrundstueck.jpg",604,403,false],"1536x1536":["https:\/\/grossklein-immobilien.de\/de\/wp-content\/uploads\/2017\/12\/Baugrundstueck.jpg",1024,683,false],"2048x2048":["https:\/\/grossklein-immobilien.de\/de\/wp-content\/uploads\/2017\/12\/Baugrundstueck.jpg",1024,683,false],"post-thumbnail":["https:\/\/grossklein-immobilien.de\/de\/wp-content\/uploads\/2017\/12\/Baugrundstueck.jpg",405,270,false],"woocommerce_thumbnail":["https:\/\/grossklein-immobilien.de\/de\/wp-content\/uploads\/2017\/12\/Baugrundstueck-300x300.jpg",300,300,true],"woocommerce_single":["https:\/\/grossklein-immobilien.de\/de\/wp-content\/uploads\/2017\/12\/Baugrundstueck.jpg",1024,683,false],"woocommerce_gallery_thumbnail":["https:\/\/grossklein-immobilien.de\/de\/wp-content\/uploads\/2017\/12\/Baugrundstueck-100x100.jpg",100,100,true]},"uagb_author_info":{"display_name":"Drazan Tomic","author_link":"https:\/\/grossklein-immobilien.de\/de\/author\/"},"uagb_comment_info":0,"uagb_excerpt":"Voll erschlo\u00dfenes Baugrundst\u00fcck auf dem eine Bebauung mit einem Einfamilienhaus bzw. einer Villa m\u00f6glich ist.","_links":{"self":[{"href":"https:\/\/grossklein-immobilien.de\/de\/wp-json\/wp\/v2\/product\/5618","targetHints":{"allow":["GET"]}}],"collection":[{"href":"https:\/\/grossklein-immobilien.de\/de\/wp-json\/wp\/v2\/product"}],"about":[{"href":"https:\/\/grossklein-immobilien.de\/de\/wp-json\/wp\/v2\/types\/product"}],"wp:featuredmedia":[{"embeddable":true,"href":"https:\/\/grossklein-immobilien.de\/de\/wp-json\/wp\/v2\/media\/5619"}],"wp:attachment":[{"href":"https:\/\/grossklein-immobilien.de\/de\/wp-json\/wp\/v2\/media?parent=5618"}],"wp:term":[{"taxonomy":"product_cat","embeddable":true,"href":"https:\/\/grossklein-immobilien.de\/de\/wp-json\/wp\/v2\/product_cat?post=5618"},{"taxonomy":"product_tag","embeddable":true,"href":"https:\/\/grossklein-immobilien.de\/de\/wp-json\/wp\/v2\/product_tag?post=5618"}],"curies":[{"name":"wp","href":"https:\/\/api.w.org\/{rel}","templated":true}]}}