{"id":5959,"date":"2018-01-02T14:29:54","date_gmt":"2018-01-02T13:29:54","guid":{"rendered":"http:\/\/grossklein-immobilien.de\/de\/?post_type=product&#038;p=5959"},"modified":"2026-02-06T09:01:35","modified_gmt":"2026-02-06T08:01:35","slug":"traumhaftes-townhouse-in-lankwitz-zur-miete","status":"publish","type":"product","link":"https:\/\/grossklein-immobilien.de\/de\/produkt\/traumhaftes-townhouse-in-lankwitz-zur-miete\/","title":{"rendered":"TRAUMHAFTES TOWNHOUSE IN LANKWITZ ZUR MIETE!"},"content":{"rendered":"<p style=\"text-align: justify;\">Das aktuell fertiggestellte Reihenmittelhaus befindet sich an der Bezirksgrenze von Lankwitz und Lichterfelde. Es liegt sehr stadtnah und unweit Rathaus Steglitz bzw. der City West. Insgesamt bietet das Haus eine Wohnfl\u00e4che von 181 m\u00b2, die sich auf 5-Zimmer verteilt, 2 B\u00e4der, ein G\u00e4ste-WC und 2 Terrassen. Dazu geh\u00f6rt ein etwa 50 m\u00b2 gro\u00dfer, eigener Garten. Das Haus selber ist zum Westen ausgerichtet. Eine weitere Terrasse auf der man die Abendsonne genie\u00dfen kann befindet sich im Dachgescho\u00df, direkt an das Elternschlafzimmer angebunden. Schon beim Betreten dieses Hauses fallen einem die gro\u00dfz\u00fcgigen Raumverh\u00e4ltnisse positiv ins Auge. Im Erdgeschoss befindet sich das gro\u00dfe Wohnzimmer, das an die komplett ausgestattete K\u00fcche angebunden ist, und den Zugang zur Terrasse bietet. Ein G\u00e4ste-WC steht ebenfalls im EG-Bereich zur Verf\u00fcgung. Im 1. Obergeschoss erwarten Sie 3 separate Zimmer, die als Kinder-\/Arbeitszimmer bestens geeignet sind sowie ein Badezimmer mit Dusche. Im Dachgeschoss befindet sich das bereits erw\u00e4hnte Elternschlafzimmer mit Ankleide und Terrasse. In allen R\u00e4umlichkeiten ist eine Fu\u00dfbodenheizung unter dem hochwertigen Eichenparkett verlegt worden. Bodentiefe Fenster, fein verputzte W\u00e4nde und schlichte aber elegante B\u00e4der sind die weiteren Merkmale von diesem neue errichteten Stadthaus. Die Anbindung an die \u00f6ffentlichen Verkehrsmittel ist durch diverse Busse sowie den naheliegenden S-Bahnhof Lichterfelde-Ost optimal gegeben. Au\u00dferdem befinden sich in unmittelbarer N\u00e4he zahlreiche bekannte Schulen und Kitas. Die monatliche Warmmiet betr\u00e4gt f\u00fcr das Haus 2940,00\u20ac.<\/p>\n<p>Vermittelt von Gross &amp; Klein Immobilien, Ihrem <a href=\"https:\/\/grossklein-immobilien.de\/de\/immobilienmakler-berlin-steglitz\/\">Immobilienmakler in Berlin-Steglitz<\/a>.<\/p>\n","protected":false},"excerpt":{"rendered":"<p>Das aktuell fertiggestellte Reihenmittelhaus befindet sich an der Bezirksgrenze von Lankwitz und Lichterfelde. Es liegt sehr stadtnah und unweit Rathaus Steglitz bzw. der City West. Insgesamt bietet das Haus eine Wohnfl\u00e4che von 181 m\u00b2, die sich auf 5-Zimmer verteilt, 2 B\u00e4der, ein G\u00e4ste-WC und 2 Terrassen. Dazu geh\u00f6rt ein etwa 50 m\u00b2 gro\u00dfer, eigener Garten. &hellip; <a href=\"https:\/\/grossklein-immobilien.de\/de\/produkt\/traumhaftes-townhouse-in-lankwitz-zur-miete\/\" class=\"more-link\"><span class=\"screen-reader-text\">TRAUMHAFTES TOWNHOUSE IN LANKWITZ ZUR MIETE!<\/span> weiterlesen <span class=\"meta-nav\">&rarr;<\/span><\/a><\/p>\n","protected":false},"featured_media":5960,"template":"","meta":{"_uag_custom_page_level_css":"","ngg_post_thumbnail":0},"product_cat":[26,94,423,426],"product_tag":[370],"class_list":{"0":"post-5959","1":"product","2":"type-product","3":"status-publish","4":"has-post-thumbnail","6":"product_cat-einfamilienhaeuser","7":"product_cat-steglitz-zehlendorf","8":"product_cat-140-200","9":"product_cat-426","10":"product_tag-haus-mit-garten","11":"pa_adresse-beethovenstr-14-12247-berlin","12":"pa_balkon-terrasse","13":"pa_baujahr-308","14":"pa_befeuerung-erdwaerme","15":"pa_etage-0-2","16":"pa_gaeste-wc-68","17":"pa_heizungsart-zentralheizung","18":"pa_objektzustand-neu","19":"pa_standort-berlin-lankwitz-2","20":"pa_wohnflaeche-311","21":"pa_zimmer-194","23":"first","24":"outofstock","25":"shipping-taxable","26":"purchasable","27":"product-type-simple"},"yoast_head":"<!-- This site is optimized with the Yoast SEO plugin v26.8 - https:\/\/yoast.com\/product\/yoast-seo-wordpress\/ -->\n<title>TRAUMHAFTES TOWNHOUSE IN LANKWITZ ZUR MIETE! Gross &amp; Klein Immobilien<\/title>\n<meta name=\"description\" content=\"TRAUMHAFTES TOWNHOUSE IN LANKWITZ ZUR MIETE! Das Stadthaus bietet 181 m\u00b2 Wohnfl\u00e4che, die sich auf 5-Zimmer, 2 B\u00e4der, 2 Terrassen und den Garten verteilen.\" \/>\n<meta name=\"robots\" content=\"index, follow, max-snippet:-1, max-image-preview:large, max-video-preview:-1\" \/>\n<link rel=\"canonical\" href=\"https:\/\/grossklein-immobilien.de\/de\/produkt\/traumhaftes-townhouse-in-lankwitz-zur-miete\/\" \/>\n<meta property=\"og:locale\" content=\"de_DE\" \/>\n<meta property=\"og:type\" content=\"article\" \/>\n<meta property=\"og:title\" content=\"TRAUMHAFTES TOWNHOUSE IN LANKWITZ ZUR MIETE! Gross &amp; Klein Immobilien\" \/>\n<meta property=\"og:description\" content=\"TRAUMHAFTES TOWNHOUSE IN LANKWITZ ZUR MIETE! Das Stadthaus bietet 181 m\u00b2 Wohnfl\u00e4che, die sich auf 5-Zimmer, 2 B\u00e4der, 2 Terrassen und den Garten verteilen.\" \/>\n<meta property=\"og:url\" content=\"https:\/\/grossklein-immobilien.de\/de\/produkt\/traumhaftes-townhouse-in-lankwitz-zur-miete\/\" \/>\n<meta property=\"article:publisher\" content=\"https:\/\/www.facebook.com\/TOMIC-IMMOBILIEN-110945718988806\/\" \/>\n<meta property=\"article:modified_time\" content=\"2026-02-06T08:01:35+00:00\" \/>\n<meta property=\"og:image\" content=\"https:\/\/grossklein-immobilien.de\/de\/wp-content\/uploads\/2018\/01\/IMG_1830.jpg\" \/>\n\t<meta property=\"og:image:width\" content=\"1024\" \/>\n\t<meta property=\"og:image:height\" content=\"683\" \/>\n\t<meta property=\"og:image:type\" content=\"image\/jpeg\" \/>\n<meta name=\"twitter:card\" content=\"summary_large_image\" \/>\n<meta name=\"twitter:site\" content=\"@draz_tomic\" \/>\n<meta name=\"twitter:label1\" content=\"Gesch\u00e4tzte Lesezeit\" \/>\n\t<meta name=\"twitter:data1\" content=\"2\u00a0Minuten\" \/>\n<script type=\"application\/ld+json\" class=\"yoast-schema-graph\">{\"@context\":\"https:\/\/schema.org\",\"@graph\":[{\"@type\":\"WebPage\",\"@id\":\"https:\/\/grossklein-immobilien.de\/de\/produkt\/traumhaftes-townhouse-in-lankwitz-zur-miete\/\",\"url\":\"https:\/\/grossklein-immobilien.de\/de\/produkt\/traumhaftes-townhouse-in-lankwitz-zur-miete\/\",\"name\":\"TRAUMHAFTES TOWNHOUSE IN LANKWITZ ZUR MIETE! Gross & Klein Immobilien\",\"isPartOf\":{\"@id\":\"https:\/\/grossklein-immobilien.de\/de\/#website\"},\"primaryImageOfPage\":{\"@id\":\"https:\/\/grossklein-immobilien.de\/de\/produkt\/traumhaftes-townhouse-in-lankwitz-zur-miete\/#primaryimage\"},\"image\":{\"@id\":\"https:\/\/grossklein-immobilien.de\/de\/produkt\/traumhaftes-townhouse-in-lankwitz-zur-miete\/#primaryimage\"},\"thumbnailUrl\":\"https:\/\/grossklein-immobilien.de\/de\/wp-content\/uploads\/2018\/01\/IMG_1830.jpg\",\"datePublished\":\"2018-01-02T13:29:54+00:00\",\"dateModified\":\"2026-02-06T08:01:35+00:00\",\"description\":\"TRAUMHAFTES TOWNHOUSE IN LANKWITZ ZUR MIETE! Das Stadthaus bietet 181 m\u00b2 Wohnfl\u00e4che, die sich auf 5-Zimmer, 2 B\u00e4der, 2 Terrassen und den Garten verteilen.\",\"breadcrumb\":{\"@id\":\"https:\/\/grossklein-immobilien.de\/de\/produkt\/traumhaftes-townhouse-in-lankwitz-zur-miete\/#breadcrumb\"},\"inLanguage\":\"de\",\"potentialAction\":[{\"@type\":\"ReadAction\",\"target\":[\"https:\/\/grossklein-immobilien.de\/de\/produkt\/traumhaftes-townhouse-in-lankwitz-zur-miete\/\"]}]},{\"@type\":\"ImageObject\",\"inLanguage\":\"de\",\"@id\":\"https:\/\/grossklein-immobilien.de\/de\/produkt\/traumhaftes-townhouse-in-lankwitz-zur-miete\/#primaryimage\",\"url\":\"https:\/\/grossklein-immobilien.de\/de\/wp-content\/uploads\/2018\/01\/IMG_1830.jpg\",\"contentUrl\":\"https:\/\/grossklein-immobilien.de\/de\/wp-content\/uploads\/2018\/01\/IMG_1830.jpg\",\"width\":1024,\"height\":683},{\"@type\":\"BreadcrumbList\",\"@id\":\"https:\/\/grossklein-immobilien.de\/de\/produkt\/traumhaftes-townhouse-in-lankwitz-zur-miete\/#breadcrumb\",\"itemListElement\":[{\"@type\":\"ListItem\",\"position\":1,\"name\":\"Home\",\"item\":\"https:\/\/grossklein-immobilien.de\/de\/\"},{\"@type\":\"ListItem\",\"position\":2,\"name\":\"Immobilienangebote\",\"item\":\"https:\/\/grossklein-immobilien.de\/de\/immobilien-berlin\/\"},{\"@type\":\"ListItem\",\"position\":3,\"name\":\"TRAUMHAFTES TOWNHOUSE IN LANKWITZ ZUR MIETE!\"}]},{\"@type\":\"WebSite\",\"@id\":\"https:\/\/grossklein-immobilien.de\/de\/#website\",\"url\":\"https:\/\/grossklein-immobilien.de\/de\/\",\"name\":\"\",\"description\":\"\",\"potentialAction\":[{\"@type\":\"SearchAction\",\"target\":{\"@type\":\"EntryPoint\",\"urlTemplate\":\"https:\/\/grossklein-immobilien.de\/de\/?s={search_term_string}\"},\"query-input\":{\"@type\":\"PropertyValueSpecification\",\"valueRequired\":true,\"valueName\":\"search_term_string\"}}],\"inLanguage\":\"de\"}]}<\/script>\n<!-- \/ Yoast SEO plugin. -->","yoast_head_json":{"title":"TRAUMHAFTES TOWNHOUSE IN LANKWITZ ZUR MIETE! Gross & Klein Immobilien","description":"TRAUMHAFTES TOWNHOUSE IN LANKWITZ ZUR MIETE! Das Stadthaus bietet 181 m\u00b2 Wohnfl\u00e4che, die sich auf 5-Zimmer, 2 B\u00e4der, 2 Terrassen und den Garten verteilen.","robots":{"index":"index","follow":"follow","max-snippet":"max-snippet:-1","max-image-preview":"max-image-preview:large","max-video-preview":"max-video-preview:-1"},"canonical":"https:\/\/grossklein-immobilien.de\/de\/produkt\/traumhaftes-townhouse-in-lankwitz-zur-miete\/","og_locale":"de_DE","og_type":"article","og_title":"TRAUMHAFTES TOWNHOUSE IN LANKWITZ ZUR MIETE! Gross & Klein Immobilien","og_description":"TRAUMHAFTES TOWNHOUSE IN LANKWITZ ZUR MIETE! Das Stadthaus bietet 181 m\u00b2 Wohnfl\u00e4che, die sich auf 5-Zimmer, 2 B\u00e4der, 2 Terrassen und den Garten verteilen.","og_url":"https:\/\/grossklein-immobilien.de\/de\/produkt\/traumhaftes-townhouse-in-lankwitz-zur-miete\/","article_publisher":"https:\/\/www.facebook.com\/TOMIC-IMMOBILIEN-110945718988806\/","article_modified_time":"2026-02-06T08:01:35+00:00","og_image":[{"width":1024,"height":683,"url":"https:\/\/grossklein-immobilien.de\/de\/wp-content\/uploads\/2018\/01\/IMG_1830.jpg","type":"image\/jpeg"}],"twitter_card":"summary_large_image","twitter_site":"@draz_tomic","twitter_misc":{"Gesch\u00e4tzte Lesezeit":"2\u00a0Minuten"},"schema":{"@context":"https:\/\/schema.org","@graph":[{"@type":"WebPage","@id":"https:\/\/grossklein-immobilien.de\/de\/produkt\/traumhaftes-townhouse-in-lankwitz-zur-miete\/","url":"https:\/\/grossklein-immobilien.de\/de\/produkt\/traumhaftes-townhouse-in-lankwitz-zur-miete\/","name":"TRAUMHAFTES TOWNHOUSE IN LANKWITZ ZUR MIETE! Gross & Klein Immobilien","isPartOf":{"@id":"https:\/\/grossklein-immobilien.de\/de\/#website"},"primaryImageOfPage":{"@id":"https:\/\/grossklein-immobilien.de\/de\/produkt\/traumhaftes-townhouse-in-lankwitz-zur-miete\/#primaryimage"},"image":{"@id":"https:\/\/grossklein-immobilien.de\/de\/produkt\/traumhaftes-townhouse-in-lankwitz-zur-miete\/#primaryimage"},"thumbnailUrl":"https:\/\/grossklein-immobilien.de\/de\/wp-content\/uploads\/2018\/01\/IMG_1830.jpg","datePublished":"2018-01-02T13:29:54+00:00","dateModified":"2026-02-06T08:01:35+00:00","description":"TRAUMHAFTES TOWNHOUSE IN LANKWITZ ZUR MIETE! Das Stadthaus bietet 181 m\u00b2 Wohnfl\u00e4che, die sich auf 5-Zimmer, 2 B\u00e4der, 2 Terrassen und den Garten verteilen.","breadcrumb":{"@id":"https:\/\/grossklein-immobilien.de\/de\/produkt\/traumhaftes-townhouse-in-lankwitz-zur-miete\/#breadcrumb"},"inLanguage":"de","potentialAction":[{"@type":"ReadAction","target":["https:\/\/grossklein-immobilien.de\/de\/produkt\/traumhaftes-townhouse-in-lankwitz-zur-miete\/"]}]},{"@type":"ImageObject","inLanguage":"de","@id":"https:\/\/grossklein-immobilien.de\/de\/produkt\/traumhaftes-townhouse-in-lankwitz-zur-miete\/#primaryimage","url":"https:\/\/grossklein-immobilien.de\/de\/wp-content\/uploads\/2018\/01\/IMG_1830.jpg","contentUrl":"https:\/\/grossklein-immobilien.de\/de\/wp-content\/uploads\/2018\/01\/IMG_1830.jpg","width":1024,"height":683},{"@type":"BreadcrumbList","@id":"https:\/\/grossklein-immobilien.de\/de\/produkt\/traumhaftes-townhouse-in-lankwitz-zur-miete\/#breadcrumb","itemListElement":[{"@type":"ListItem","position":1,"name":"Home","item":"https:\/\/grossklein-immobilien.de\/de\/"},{"@type":"ListItem","position":2,"name":"Immobilienangebote","item":"https:\/\/grossklein-immobilien.de\/de\/immobilien-berlin\/"},{"@type":"ListItem","position":3,"name":"TRAUMHAFTES TOWNHOUSE IN LANKWITZ ZUR MIETE!"}]},{"@type":"WebSite","@id":"https:\/\/grossklein-immobilien.de\/de\/#website","url":"https:\/\/grossklein-immobilien.de\/de\/","name":"","description":"","potentialAction":[{"@type":"SearchAction","target":{"@type":"EntryPoint","urlTemplate":"https:\/\/grossklein-immobilien.de\/de\/?s={search_term_string}"},"query-input":{"@type":"PropertyValueSpecification","valueRequired":true,"valueName":"search_term_string"}}],"inLanguage":"de"}]}},"uagb_featured_image_src":{"full":["https:\/\/grossklein-immobilien.de\/de\/wp-content\/uploads\/2018\/01\/IMG_1830.jpg",1024,683,false],"thumbnail":["https:\/\/grossklein-immobilien.de\/de\/wp-content\/uploads\/2018\/01\/IMG_1830-150x150.jpg",150,150,true],"medium":["https:\/\/grossklein-immobilien.de\/de\/wp-content\/uploads\/2018\/01\/IMG_1830-300x200.jpg",300,200,true],"medium_large":["https:\/\/grossklein-immobilien.de\/de\/wp-content\/uploads\/2018\/01\/IMG_1830.jpg",1024,683,false],"large":["https:\/\/grossklein-immobilien.de\/de\/wp-content\/uploads\/2018\/01\/IMG_1830-1024x683.jpg",604,403,true],"1536x1536":["https:\/\/grossklein-immobilien.de\/de\/wp-content\/uploads\/2018\/01\/IMG_1830.jpg",1024,683,false],"2048x2048":["https:\/\/grossklein-immobilien.de\/de\/wp-content\/uploads\/2018\/01\/IMG_1830.jpg",1024,683,false],"post-thumbnail":["https:\/\/grossklein-immobilien.de\/de\/wp-content\/uploads\/2018\/01\/IMG_1830-604x270.jpg",604,270,true],"woocommerce_thumbnail":["https:\/\/grossklein-immobilien.de\/de\/wp-content\/uploads\/2018\/01\/IMG_1830-300x300.jpg",300,300,true],"woocommerce_single":["https:\/\/grossklein-immobilien.de\/de\/wp-content\/uploads\/2018\/01\/IMG_1830.jpg",1024,683,false],"woocommerce_gallery_thumbnail":["https:\/\/grossklein-immobilien.de\/de\/wp-content\/uploads\/2018\/01\/IMG_1830-100x100.jpg",100,100,true]},"uagb_author_info":{"display_name":"Drazan Tomic","author_link":"https:\/\/grossklein-immobilien.de\/de\/author\/"},"uagb_comment_info":0,"uagb_excerpt":"Das aktuell fertiggestellte Reihenmittelhaus befindet sich an der Bezirksgrenze von Lankwitz und Lichterfelde. Es liegt sehr stadtnah und unweit Rathaus Steglitz bzw. der City West. Insgesamt bietet das Haus eine Wohnfl\u00e4che von 181 m\u00b2, die sich auf 5-Zimmer verteilt, 2 B\u00e4der, ein G\u00e4ste-WC und 2 Terrassen. Dazu geh\u00f6rt ein etwa 50 m\u00b2 gro\u00dfer, eigener Garten.&hellip;","_links":{"self":[{"href":"https:\/\/grossklein-immobilien.de\/de\/wp-json\/wp\/v2\/product\/5959","targetHints":{"allow":["GET"]}}],"collection":[{"href":"https:\/\/grossklein-immobilien.de\/de\/wp-json\/wp\/v2\/product"}],"about":[{"href":"https:\/\/grossklein-immobilien.de\/de\/wp-json\/wp\/v2\/types\/product"}],"wp:featuredmedia":[{"embeddable":true,"href":"https:\/\/grossklein-immobilien.de\/de\/wp-json\/wp\/v2\/media\/5960"}],"wp:attachment":[{"href":"https:\/\/grossklein-immobilien.de\/de\/wp-json\/wp\/v2\/media?parent=5959"}],"wp:term":[{"taxonomy":"product_cat","embeddable":true,"href":"https:\/\/grossklein-immobilien.de\/de\/wp-json\/wp\/v2\/product_cat?post=5959"},{"taxonomy":"product_tag","embeddable":true,"href":"https:\/\/grossklein-immobilien.de\/de\/wp-json\/wp\/v2\/product_tag?post=5959"}],"curies":[{"name":"wp","href":"https:\/\/api.w.org\/{rel}","templated":true}]}}