{"id":6036,"date":"2018-01-08T17:44:51","date_gmt":"2018-01-08T16:44:51","guid":{"rendered":"http:\/\/grossklein-immobilien.de\/de\/?post_type=product&#038;p=6036"},"modified":"2026-02-06T10:08:20","modified_gmt":"2026-02-06T09:08:20","slug":"helle-altbauwohnung-in-historischer-lage-in-mitte","status":"publish","type":"product","link":"https:\/\/grossklein-immobilien.de\/de\/produkt\/helle-altbauwohnung-in-historischer-lage-in-mitte\/","title":{"rendered":"HELLE ALTBAUWOHNUNG IN HISTORISCHER LAGE IN MITTE!"},"content":{"rendered":"<p style=\"text-align: justify;\">Dieser au\u00dfergew\u00f6hnliche Altbau geh\u00f6rt zu einem der sch\u00f6nsten Denkmalensembles in der historischen Mitte Berlins. Das Geb\u00e4ude ist unterkellert und verf\u00fcgt \u00fcber insgesamt vier separate Hauseingangsbereiche. Zentral und gleichzeitig ruhig gelegen, wohnt man unmittelbar an der Spree, in einer Seitenstra\u00dfe parallel zur Friedrichstra\u00dfe, direkt hinter dem Admiralspalast. Der Shopping-Boulevard Friedrichstra\u00dfe sowie der gleichnamige S- und U-Bahnhof sind fu\u00dfl\u00e4ufig innerhalb weniger Minuten erreichbar. Die gro\u00dfz\u00fcgige Wohnung wurde aufwendig modernisiert und bietet h\u00f6chsten Wohnkomfort. Alle Wohnr\u00e4ume sind mit Echtholzparkett von hochwertiger Qualit\u00e4t ausgestattet. Die offene Wohnk\u00fcche verf\u00fcgt \u00fcber eine Markeneinbauk\u00fcche und bildet das Herzst\u00fcck des eleganten Apartments. Das moderne Tageslichtbad mit Badewanne und Duschgelegenheit sowie zwei separaten Waschbecken l\u00e4sst keinen Wunsch offen. Zus\u00e4tzlich existiert ein gefliestes G\u00e4ste-WC. Besonderes Highlight der Wohnung ist die ebenerdige Fensterfront im Wohnbereich zum ruhig gelegenen Innenhof.<\/p>\n<p>Vermittelt durch Gross &amp; Klein Immobilien, Ihrem <a href=\"https:\/\/grossklein-immobilien.de\/de\/immobilienmakler-berlin-mitte\/\">Immobilienmakler in Berlin-Mitte<\/a>.<\/p>\n","protected":false},"excerpt":{"rendered":"<p>Bei dieser Wohnung handelt es sich um eine edle Altbauwohnung in historischer Lage in Berlin-Mitte zwischen der Friedrichstrasse und der Humboltr-Universit\u00e4t gelegen.<\/p>\n","protected":false},"featured_media":6037,"template":"","meta":{"_uag_custom_page_level_css":"","ngg_post_thumbnail":0},"product_cat":[24,231,421,416],"product_tag":[],"class_list":{"0":"post-6036","1":"product","2":"type-product","3":"status-publish","4":"has-post-thumbnail","6":"product_cat-eigentumswohnungen","7":"product_cat-mitte","8":"product_cat-70-110","9":"product_cat-416","10":"pa_adresse-10117-berlin","11":"pa_baujahr-313","12":"pa_befeuerung-gas","13":"pa_courtage-595-inkl-mwst-vom-beurk-kaufpreis","14":"pa_etage-104","15":"pa_etagen-237","16":"pa_gaeste-wc-ja","17":"pa_heizungsart-zh","18":"pa_objektzustand-modernisiert-renoviert","19":"pa_standort-berlin-mitte","20":"pa_wohnflaeche-312","21":"pa_zimmer-11","23":"first","24":"outofstock","25":"shipping-taxable","26":"purchasable","27":"product-type-simple"},"yoast_head":"<!-- This site is optimized with the Yoast SEO plugin v26.8 - https:\/\/yoast.com\/product\/yoast-seo-wordpress\/ -->\n<title>HELLE ALTBAUWOHNUNG IN HISTORISCHER LAGE IN MITTE! -<\/title>\n<meta name=\"robots\" content=\"index, follow, max-snippet:-1, max-image-preview:large, max-video-preview:-1\" \/>\n<link rel=\"canonical\" href=\"https:\/\/grossklein-immobilien.de\/de\/produkt\/helle-altbauwohnung-in-historischer-lage-in-mitte\/\" \/>\n<meta property=\"og:locale\" content=\"de_DE\" \/>\n<meta property=\"og:type\" content=\"article\" \/>\n<meta property=\"og:title\" content=\"HELLE ALTBAUWOHNUNG IN HISTORISCHER LAGE IN MITTE! -\" \/>\n<meta property=\"og:description\" content=\"Bei dieser Wohnung handelt es sich um eine edle Altbauwohnung in historischer Lage in Berlin-Mitte zwischen der Friedrichstrasse und der Humboltr-Universit\u00e4t gelegen.\" \/>\n<meta property=\"og:url\" content=\"https:\/\/grossklein-immobilien.de\/de\/produkt\/helle-altbauwohnung-in-historischer-lage-in-mitte\/\" \/>\n<meta property=\"article:publisher\" content=\"https:\/\/www.facebook.com\/TOMIC-IMMOBILIEN-110945718988806\/\" \/>\n<meta property=\"article:modified_time\" content=\"2026-02-06T09:08:20+00:00\" \/>\n<meta property=\"og:image\" content=\"https:\/\/grossklein-immobilien.de\/de\/wp-content\/uploads\/2018\/01\/IMG_2377.jpg\" \/>\n\t<meta property=\"og:image:width\" content=\"1024\" \/>\n\t<meta property=\"og:image:height\" content=\"683\" \/>\n\t<meta property=\"og:image:type\" content=\"image\/jpeg\" \/>\n<meta name=\"twitter:card\" content=\"summary_large_image\" \/>\n<meta name=\"twitter:site\" content=\"@draz_tomic\" \/>\n<meta name=\"twitter:label1\" content=\"Gesch\u00e4tzte Lesezeit\" \/>\n\t<meta name=\"twitter:data1\" content=\"1\u00a0Minute\" \/>\n<script type=\"application\/ld+json\" class=\"yoast-schema-graph\">{\"@context\":\"https:\/\/schema.org\",\"@graph\":[{\"@type\":\"WebPage\",\"@id\":\"https:\/\/grossklein-immobilien.de\/de\/produkt\/helle-altbauwohnung-in-historischer-lage-in-mitte\/\",\"url\":\"https:\/\/grossklein-immobilien.de\/de\/produkt\/helle-altbauwohnung-in-historischer-lage-in-mitte\/\",\"name\":\"HELLE ALTBAUWOHNUNG IN HISTORISCHER LAGE IN MITTE! -\",\"isPartOf\":{\"@id\":\"https:\/\/grossklein-immobilien.de\/de\/#website\"},\"primaryImageOfPage\":{\"@id\":\"https:\/\/grossklein-immobilien.de\/de\/produkt\/helle-altbauwohnung-in-historischer-lage-in-mitte\/#primaryimage\"},\"image\":{\"@id\":\"https:\/\/grossklein-immobilien.de\/de\/produkt\/helle-altbauwohnung-in-historischer-lage-in-mitte\/#primaryimage\"},\"thumbnailUrl\":\"https:\/\/grossklein-immobilien.de\/de\/wp-content\/uploads\/2018\/01\/IMG_2377.jpg\",\"datePublished\":\"2018-01-08T16:44:51+00:00\",\"dateModified\":\"2026-02-06T09:08:20+00:00\",\"breadcrumb\":{\"@id\":\"https:\/\/grossklein-immobilien.de\/de\/produkt\/helle-altbauwohnung-in-historischer-lage-in-mitte\/#breadcrumb\"},\"inLanguage\":\"de\",\"potentialAction\":[{\"@type\":\"ReadAction\",\"target\":[\"https:\/\/grossklein-immobilien.de\/de\/produkt\/helle-altbauwohnung-in-historischer-lage-in-mitte\/\"]}]},{\"@type\":\"ImageObject\",\"inLanguage\":\"de\",\"@id\":\"https:\/\/grossklein-immobilien.de\/de\/produkt\/helle-altbauwohnung-in-historischer-lage-in-mitte\/#primaryimage\",\"url\":\"https:\/\/grossklein-immobilien.de\/de\/wp-content\/uploads\/2018\/01\/IMG_2377.jpg\",\"contentUrl\":\"https:\/\/grossklein-immobilien.de\/de\/wp-content\/uploads\/2018\/01\/IMG_2377.jpg\",\"width\":1024,\"height\":683,\"caption\":\"Stilvolle 3-Zimmer Wohnung in Berlin-Mitte verkauft durch Gross & Klein Immobilien\"},{\"@type\":\"BreadcrumbList\",\"@id\":\"https:\/\/grossklein-immobilien.de\/de\/produkt\/helle-altbauwohnung-in-historischer-lage-in-mitte\/#breadcrumb\",\"itemListElement\":[{\"@type\":\"ListItem\",\"position\":1,\"name\":\"Home\",\"item\":\"https:\/\/grossklein-immobilien.de\/de\/\"},{\"@type\":\"ListItem\",\"position\":2,\"name\":\"Immobilienangebote\",\"item\":\"https:\/\/grossklein-immobilien.de\/de\/immobilien-berlin\/\"},{\"@type\":\"ListItem\",\"position\":3,\"name\":\"HELLE ALTBAUWOHNUNG IN HISTORISCHER LAGE IN MITTE!\"}]},{\"@type\":\"WebSite\",\"@id\":\"https:\/\/grossklein-immobilien.de\/de\/#website\",\"url\":\"https:\/\/grossklein-immobilien.de\/de\/\",\"name\":\"\",\"description\":\"\",\"potentialAction\":[{\"@type\":\"SearchAction\",\"target\":{\"@type\":\"EntryPoint\",\"urlTemplate\":\"https:\/\/grossklein-immobilien.de\/de\/?s={search_term_string}\"},\"query-input\":{\"@type\":\"PropertyValueSpecification\",\"valueRequired\":true,\"valueName\":\"search_term_string\"}}],\"inLanguage\":\"de\"}]}<\/script>\n<!-- \/ Yoast SEO plugin. -->","yoast_head_json":{"title":"HELLE ALTBAUWOHNUNG IN HISTORISCHER LAGE IN MITTE! -","robots":{"index":"index","follow":"follow","max-snippet":"max-snippet:-1","max-image-preview":"max-image-preview:large","max-video-preview":"max-video-preview:-1"},"canonical":"https:\/\/grossklein-immobilien.de\/de\/produkt\/helle-altbauwohnung-in-historischer-lage-in-mitte\/","og_locale":"de_DE","og_type":"article","og_title":"HELLE ALTBAUWOHNUNG IN HISTORISCHER LAGE IN MITTE! -","og_description":"Bei dieser Wohnung handelt es sich um eine edle Altbauwohnung in historischer Lage in Berlin-Mitte zwischen der Friedrichstrasse und der Humboltr-Universit\u00e4t gelegen.","og_url":"https:\/\/grossklein-immobilien.de\/de\/produkt\/helle-altbauwohnung-in-historischer-lage-in-mitte\/","article_publisher":"https:\/\/www.facebook.com\/TOMIC-IMMOBILIEN-110945718988806\/","article_modified_time":"2026-02-06T09:08:20+00:00","og_image":[{"width":1024,"height":683,"url":"https:\/\/grossklein-immobilien.de\/de\/wp-content\/uploads\/2018\/01\/IMG_2377.jpg","type":"image\/jpeg"}],"twitter_card":"summary_large_image","twitter_site":"@draz_tomic","twitter_misc":{"Gesch\u00e4tzte Lesezeit":"1\u00a0Minute"},"schema":{"@context":"https:\/\/schema.org","@graph":[{"@type":"WebPage","@id":"https:\/\/grossklein-immobilien.de\/de\/produkt\/helle-altbauwohnung-in-historischer-lage-in-mitte\/","url":"https:\/\/grossklein-immobilien.de\/de\/produkt\/helle-altbauwohnung-in-historischer-lage-in-mitte\/","name":"HELLE ALTBAUWOHNUNG IN HISTORISCHER LAGE IN MITTE! -","isPartOf":{"@id":"https:\/\/grossklein-immobilien.de\/de\/#website"},"primaryImageOfPage":{"@id":"https:\/\/grossklein-immobilien.de\/de\/produkt\/helle-altbauwohnung-in-historischer-lage-in-mitte\/#primaryimage"},"image":{"@id":"https:\/\/grossklein-immobilien.de\/de\/produkt\/helle-altbauwohnung-in-historischer-lage-in-mitte\/#primaryimage"},"thumbnailUrl":"https:\/\/grossklein-immobilien.de\/de\/wp-content\/uploads\/2018\/01\/IMG_2377.jpg","datePublished":"2018-01-08T16:44:51+00:00","dateModified":"2026-02-06T09:08:20+00:00","breadcrumb":{"@id":"https:\/\/grossklein-immobilien.de\/de\/produkt\/helle-altbauwohnung-in-historischer-lage-in-mitte\/#breadcrumb"},"inLanguage":"de","potentialAction":[{"@type":"ReadAction","target":["https:\/\/grossklein-immobilien.de\/de\/produkt\/helle-altbauwohnung-in-historischer-lage-in-mitte\/"]}]},{"@type":"ImageObject","inLanguage":"de","@id":"https:\/\/grossklein-immobilien.de\/de\/produkt\/helle-altbauwohnung-in-historischer-lage-in-mitte\/#primaryimage","url":"https:\/\/grossklein-immobilien.de\/de\/wp-content\/uploads\/2018\/01\/IMG_2377.jpg","contentUrl":"https:\/\/grossklein-immobilien.de\/de\/wp-content\/uploads\/2018\/01\/IMG_2377.jpg","width":1024,"height":683,"caption":"Stilvolle 3-Zimmer Wohnung in Berlin-Mitte verkauft durch Gross & Klein Immobilien"},{"@type":"BreadcrumbList","@id":"https:\/\/grossklein-immobilien.de\/de\/produkt\/helle-altbauwohnung-in-historischer-lage-in-mitte\/#breadcrumb","itemListElement":[{"@type":"ListItem","position":1,"name":"Home","item":"https:\/\/grossklein-immobilien.de\/de\/"},{"@type":"ListItem","position":2,"name":"Immobilienangebote","item":"https:\/\/grossklein-immobilien.de\/de\/immobilien-berlin\/"},{"@type":"ListItem","position":3,"name":"HELLE ALTBAUWOHNUNG IN HISTORISCHER LAGE IN MITTE!"}]},{"@type":"WebSite","@id":"https:\/\/grossklein-immobilien.de\/de\/#website","url":"https:\/\/grossklein-immobilien.de\/de\/","name":"","description":"","potentialAction":[{"@type":"SearchAction","target":{"@type":"EntryPoint","urlTemplate":"https:\/\/grossklein-immobilien.de\/de\/?s={search_term_string}"},"query-input":{"@type":"PropertyValueSpecification","valueRequired":true,"valueName":"search_term_string"}}],"inLanguage":"de"}]}},"uagb_featured_image_src":{"full":["https:\/\/grossklein-immobilien.de\/de\/wp-content\/uploads\/2018\/01\/IMG_2377.jpg",1024,683,false],"thumbnail":["https:\/\/grossklein-immobilien.de\/de\/wp-content\/uploads\/2018\/01\/IMG_2377-150x150.jpg",150,150,true],"medium":["https:\/\/grossklein-immobilien.de\/de\/wp-content\/uploads\/2018\/01\/IMG_2377-300x200.jpg",300,200,true],"medium_large":["https:\/\/grossklein-immobilien.de\/de\/wp-content\/uploads\/2018\/01\/IMG_2377.jpg",1024,683,false],"large":["https:\/\/grossklein-immobilien.de\/de\/wp-content\/uploads\/2018\/01\/IMG_2377-1024x683.jpg",604,403,true],"1536x1536":["https:\/\/grossklein-immobilien.de\/de\/wp-content\/uploads\/2018\/01\/IMG_2377.jpg",1024,683,false],"2048x2048":["https:\/\/grossklein-immobilien.de\/de\/wp-content\/uploads\/2018\/01\/IMG_2377.jpg",1024,683,false],"post-thumbnail":["https:\/\/grossklein-immobilien.de\/de\/wp-content\/uploads\/2018\/01\/IMG_2377-604x270.jpg",604,270,true],"woocommerce_thumbnail":["https:\/\/grossklein-immobilien.de\/de\/wp-content\/uploads\/2018\/01\/IMG_2377-300x300.jpg",300,300,true],"woocommerce_single":["https:\/\/grossklein-immobilien.de\/de\/wp-content\/uploads\/2018\/01\/IMG_2377.jpg",1024,683,false],"woocommerce_gallery_thumbnail":["https:\/\/grossklein-immobilien.de\/de\/wp-content\/uploads\/2018\/01\/IMG_2377-100x100.jpg",100,100,true]},"uagb_author_info":{"display_name":"Drazan Tomic","author_link":"https:\/\/grossklein-immobilien.de\/de\/author\/"},"uagb_comment_info":0,"uagb_excerpt":"Bei dieser Wohnung handelt es sich um eine edle Altbauwohnung in historischer Lage in Berlin-Mitte zwischen der Friedrichstrasse und der Humboltr-Universit\u00e4t gelegen.","_links":{"self":[{"href":"https:\/\/grossklein-immobilien.de\/de\/wp-json\/wp\/v2\/product\/6036","targetHints":{"allow":["GET"]}}],"collection":[{"href":"https:\/\/grossklein-immobilien.de\/de\/wp-json\/wp\/v2\/product"}],"about":[{"href":"https:\/\/grossklein-immobilien.de\/de\/wp-json\/wp\/v2\/types\/product"}],"wp:featuredmedia":[{"embeddable":true,"href":"https:\/\/grossklein-immobilien.de\/de\/wp-json\/wp\/v2\/media\/6037"}],"wp:attachment":[{"href":"https:\/\/grossklein-immobilien.de\/de\/wp-json\/wp\/v2\/media?parent=6036"}],"wp:term":[{"taxonomy":"product_cat","embeddable":true,"href":"https:\/\/grossklein-immobilien.de\/de\/wp-json\/wp\/v2\/product_cat?post=6036"},{"taxonomy":"product_tag","embeddable":true,"href":"https:\/\/grossklein-immobilien.de\/de\/wp-json\/wp\/v2\/product_tag?post=6036"}],"curies":[{"name":"wp","href":"https:\/\/api.w.org\/{rel}","templated":true}]}}