{"id":6126,"date":"2018-02-25T10:56:26","date_gmt":"2018-02-25T09:56:26","guid":{"rendered":"http:\/\/grossklein-immobilien.de\/de\/?post_type=product&#038;p=6126"},"modified":"2023-05-12T12:36:30","modified_gmt":"2023-05-12T10:36:30","slug":"citynahes-wohngrundstueckt-in-ruhiger-lage-in-berlin-reinickendorf","status":"publish","type":"product","link":"https:\/\/grossklein-immobilien.de\/de\/produkt\/citynahes-wohngrundstueckt-in-ruhiger-lage-in-berlin-reinickendorf\/","title":{"rendered":"GRUNDST\u00dcCKT IN BERLIN-REINICKENDORF! VERKAUFT!"},"content":{"rendered":"<p style=\"text-align: justify;\">Hierbei handelt es sich um ein voll erschlo\u00dfenes Grundst\u00fcck, dass sich ideal f\u00fcr ein Projekt bzw. eine Bebauung mit mehreren Einfamilienh\u00e4usern bzw. Doppelhaush\u00e4lften eignet. Die Grundst\u00fccksfl\u00e4che betr\u00e4gt ca. 980m\u00b2. Davon sind 765m\u00b2 bebaubare Fl\u00e4che mit GFZ: 1,5. Das Grundst\u00fcck befindet sich in Berlin-Reinickendorf in einer ruhigen Lage unweit S-Bahnhof Sch\u00f6nholz. Die Lage des Grundst\u00fccks verbindet Wohnen im &#8222;Gr\u00fcnen&#8220; mit unmittelbarer N\u00e4he zur Innenstadt. F\u00fcr weitere Fragen dazu stehen wir Ihnen jederzeit gerne zur Verf\u00fcgung.<\/p>\n","protected":false},"excerpt":{"rendered":"<p>Wohngrundst\u00fcck f\u00fcr ein Projekt mit Eigentumswohnungen oder mehreren Einfamilienh\u00e4usern bzw. Doppelhaush\u00e4lften.<\/p>\n","protected":false},"featured_media":6127,"template":"","meta":{"_uag_custom_page_level_css":"","ngg_post_thumbnail":0},"product_cat":[294,318],"product_tag":[],"class_list":{"0":"post-6126","1":"product","2":"type-product","3":"status-publish","4":"has-post-thumbnail","6":"product_cat-grundstuecke","7":"product_cat-berlin-reinickendorf","8":"pa_adresse-13409-berlin","9":"pa_courtage-714-inkl-mwst-vom-beurk-kaufpreis","10":"pa_standort-berlin-reinickendorf","11":"pa_wohnflaeche-flaeche-980-m","13":"first","14":"outofstock","15":"shipping-taxable","16":"purchasable","17":"product-type-simple"},"yoast_head":"<!-- This site is optimized with the Yoast SEO plugin v26.8 - https:\/\/yoast.com\/product\/yoast-seo-wordpress\/ -->\n<title>GRUNDST\u00dcCKT IN BERLIN-REINICKENDORF! VERKAUFT! -<\/title>\n<meta name=\"robots\" content=\"index, follow, max-snippet:-1, max-image-preview:large, max-video-preview:-1\" \/>\n<link rel=\"canonical\" href=\"https:\/\/grossklein-immobilien.de\/de\/produkt\/citynahes-wohngrundstueckt-in-ruhiger-lage-in-berlin-reinickendorf\/\" \/>\n<meta property=\"og:locale\" content=\"de_DE\" \/>\n<meta property=\"og:type\" content=\"article\" \/>\n<meta property=\"og:title\" content=\"GRUNDST\u00dcCKT IN BERLIN-REINICKENDORF! VERKAUFT! -\" \/>\n<meta property=\"og:description\" content=\"Wohngrundst\u00fcck f\u00fcr ein Projekt mit Eigentumswohnungen oder mehreren Einfamilienh\u00e4usern bzw. Doppelhaush\u00e4lften.\" \/>\n<meta property=\"og:url\" content=\"https:\/\/grossklein-immobilien.de\/de\/produkt\/citynahes-wohngrundstueckt-in-ruhiger-lage-in-berlin-reinickendorf\/\" \/>\n<meta property=\"article:publisher\" content=\"https:\/\/www.facebook.com\/TOMIC-IMMOBILIEN-110945718988806\/\" \/>\n<meta property=\"article:modified_time\" content=\"2023-05-12T10:36:30+00:00\" \/>\n<meta property=\"og:image\" content=\"https:\/\/grossklein-immobilien.de\/de\/wp-content\/uploads\/2018\/02\/wohngrundst\u00fcck.jpg\" \/>\n\t<meta property=\"og:image:width\" content=\"1024\" \/>\n\t<meta property=\"og:image:height\" content=\"694\" \/>\n\t<meta property=\"og:image:type\" content=\"image\/jpeg\" \/>\n<meta name=\"twitter:card\" content=\"summary_large_image\" \/>\n<meta name=\"twitter:site\" content=\"@draz_tomic\" \/>\n<script type=\"application\/ld+json\" class=\"yoast-schema-graph\">{\"@context\":\"https:\/\/schema.org\",\"@graph\":[{\"@type\":\"WebPage\",\"@id\":\"https:\/\/grossklein-immobilien.de\/de\/produkt\/citynahes-wohngrundstueckt-in-ruhiger-lage-in-berlin-reinickendorf\/\",\"url\":\"https:\/\/grossklein-immobilien.de\/de\/produkt\/citynahes-wohngrundstueckt-in-ruhiger-lage-in-berlin-reinickendorf\/\",\"name\":\"GRUNDST\u00dcCKT IN BERLIN-REINICKENDORF! VERKAUFT! -\",\"isPartOf\":{\"@id\":\"https:\/\/grossklein-immobilien.de\/de\/#website\"},\"primaryImageOfPage\":{\"@id\":\"https:\/\/grossklein-immobilien.de\/de\/produkt\/citynahes-wohngrundstueckt-in-ruhiger-lage-in-berlin-reinickendorf\/#primaryimage\"},\"image\":{\"@id\":\"https:\/\/grossklein-immobilien.de\/de\/produkt\/citynahes-wohngrundstueckt-in-ruhiger-lage-in-berlin-reinickendorf\/#primaryimage\"},\"thumbnailUrl\":\"https:\/\/grossklein-immobilien.de\/de\/wp-content\/uploads\/2018\/02\/wohngrundst\u00fcck.jpg\",\"datePublished\":\"2018-02-25T09:56:26+00:00\",\"dateModified\":\"2023-05-12T10:36:30+00:00\",\"breadcrumb\":{\"@id\":\"https:\/\/grossklein-immobilien.de\/de\/produkt\/citynahes-wohngrundstueckt-in-ruhiger-lage-in-berlin-reinickendorf\/#breadcrumb\"},\"inLanguage\":\"de\",\"potentialAction\":[{\"@type\":\"ReadAction\",\"target\":[\"https:\/\/grossklein-immobilien.de\/de\/produkt\/citynahes-wohngrundstueckt-in-ruhiger-lage-in-berlin-reinickendorf\/\"]}]},{\"@type\":\"ImageObject\",\"inLanguage\":\"de\",\"@id\":\"https:\/\/grossklein-immobilien.de\/de\/produkt\/citynahes-wohngrundstueckt-in-ruhiger-lage-in-berlin-reinickendorf\/#primaryimage\",\"url\":\"https:\/\/grossklein-immobilien.de\/de\/wp-content\/uploads\/2018\/02\/wohngrundst\u00fcck.jpg\",\"contentUrl\":\"https:\/\/grossklein-immobilien.de\/de\/wp-content\/uploads\/2018\/02\/wohngrundst\u00fcck.jpg\",\"width\":1024,\"height\":694},{\"@type\":\"BreadcrumbList\",\"@id\":\"https:\/\/grossklein-immobilien.de\/de\/produkt\/citynahes-wohngrundstueckt-in-ruhiger-lage-in-berlin-reinickendorf\/#breadcrumb\",\"itemListElement\":[{\"@type\":\"ListItem\",\"position\":1,\"name\":\"Home\",\"item\":\"https:\/\/grossklein-immobilien.de\/de\/\"},{\"@type\":\"ListItem\",\"position\":2,\"name\":\"Immobilienangebote\",\"item\":\"https:\/\/grossklein-immobilien.de\/de\/immobilien-berlin\/\"},{\"@type\":\"ListItem\",\"position\":3,\"name\":\"GRUNDST\u00dcCKT IN BERLIN-REINICKENDORF! VERKAUFT!\"}]},{\"@type\":\"WebSite\",\"@id\":\"https:\/\/grossklein-immobilien.de\/de\/#website\",\"url\":\"https:\/\/grossklein-immobilien.de\/de\/\",\"name\":\"\",\"description\":\"\",\"potentialAction\":[{\"@type\":\"SearchAction\",\"target\":{\"@type\":\"EntryPoint\",\"urlTemplate\":\"https:\/\/grossklein-immobilien.de\/de\/?s={search_term_string}\"},\"query-input\":{\"@type\":\"PropertyValueSpecification\",\"valueRequired\":true,\"valueName\":\"search_term_string\"}}],\"inLanguage\":\"de\"}]}<\/script>\n<!-- \/ Yoast SEO plugin. -->","yoast_head_json":{"title":"GRUNDST\u00dcCKT IN BERLIN-REINICKENDORF! VERKAUFT! -","robots":{"index":"index","follow":"follow","max-snippet":"max-snippet:-1","max-image-preview":"max-image-preview:large","max-video-preview":"max-video-preview:-1"},"canonical":"https:\/\/grossklein-immobilien.de\/de\/produkt\/citynahes-wohngrundstueckt-in-ruhiger-lage-in-berlin-reinickendorf\/","og_locale":"de_DE","og_type":"article","og_title":"GRUNDST\u00dcCKT IN BERLIN-REINICKENDORF! VERKAUFT! -","og_description":"Wohngrundst\u00fcck f\u00fcr ein Projekt mit Eigentumswohnungen oder mehreren Einfamilienh\u00e4usern bzw. Doppelhaush\u00e4lften.","og_url":"https:\/\/grossklein-immobilien.de\/de\/produkt\/citynahes-wohngrundstueckt-in-ruhiger-lage-in-berlin-reinickendorf\/","article_publisher":"https:\/\/www.facebook.com\/TOMIC-IMMOBILIEN-110945718988806\/","article_modified_time":"2023-05-12T10:36:30+00:00","og_image":[{"width":1024,"height":694,"url":"https:\/\/grossklein-immobilien.de\/de\/wp-content\/uploads\/2018\/02\/wohngrundst\u00fcck.jpg","type":"image\/jpeg"}],"twitter_card":"summary_large_image","twitter_site":"@draz_tomic","schema":{"@context":"https:\/\/schema.org","@graph":[{"@type":"WebPage","@id":"https:\/\/grossklein-immobilien.de\/de\/produkt\/citynahes-wohngrundstueckt-in-ruhiger-lage-in-berlin-reinickendorf\/","url":"https:\/\/grossklein-immobilien.de\/de\/produkt\/citynahes-wohngrundstueckt-in-ruhiger-lage-in-berlin-reinickendorf\/","name":"GRUNDST\u00dcCKT IN BERLIN-REINICKENDORF! VERKAUFT! -","isPartOf":{"@id":"https:\/\/grossklein-immobilien.de\/de\/#website"},"primaryImageOfPage":{"@id":"https:\/\/grossklein-immobilien.de\/de\/produkt\/citynahes-wohngrundstueckt-in-ruhiger-lage-in-berlin-reinickendorf\/#primaryimage"},"image":{"@id":"https:\/\/grossklein-immobilien.de\/de\/produkt\/citynahes-wohngrundstueckt-in-ruhiger-lage-in-berlin-reinickendorf\/#primaryimage"},"thumbnailUrl":"https:\/\/grossklein-immobilien.de\/de\/wp-content\/uploads\/2018\/02\/wohngrundst\u00fcck.jpg","datePublished":"2018-02-25T09:56:26+00:00","dateModified":"2023-05-12T10:36:30+00:00","breadcrumb":{"@id":"https:\/\/grossklein-immobilien.de\/de\/produkt\/citynahes-wohngrundstueckt-in-ruhiger-lage-in-berlin-reinickendorf\/#breadcrumb"},"inLanguage":"de","potentialAction":[{"@type":"ReadAction","target":["https:\/\/grossklein-immobilien.de\/de\/produkt\/citynahes-wohngrundstueckt-in-ruhiger-lage-in-berlin-reinickendorf\/"]}]},{"@type":"ImageObject","inLanguage":"de","@id":"https:\/\/grossklein-immobilien.de\/de\/produkt\/citynahes-wohngrundstueckt-in-ruhiger-lage-in-berlin-reinickendorf\/#primaryimage","url":"https:\/\/grossklein-immobilien.de\/de\/wp-content\/uploads\/2018\/02\/wohngrundst\u00fcck.jpg","contentUrl":"https:\/\/grossklein-immobilien.de\/de\/wp-content\/uploads\/2018\/02\/wohngrundst\u00fcck.jpg","width":1024,"height":694},{"@type":"BreadcrumbList","@id":"https:\/\/grossklein-immobilien.de\/de\/produkt\/citynahes-wohngrundstueckt-in-ruhiger-lage-in-berlin-reinickendorf\/#breadcrumb","itemListElement":[{"@type":"ListItem","position":1,"name":"Home","item":"https:\/\/grossklein-immobilien.de\/de\/"},{"@type":"ListItem","position":2,"name":"Immobilienangebote","item":"https:\/\/grossklein-immobilien.de\/de\/immobilien-berlin\/"},{"@type":"ListItem","position":3,"name":"GRUNDST\u00dcCKT IN BERLIN-REINICKENDORF! VERKAUFT!"}]},{"@type":"WebSite","@id":"https:\/\/grossklein-immobilien.de\/de\/#website","url":"https:\/\/grossklein-immobilien.de\/de\/","name":"","description":"","potentialAction":[{"@type":"SearchAction","target":{"@type":"EntryPoint","urlTemplate":"https:\/\/grossklein-immobilien.de\/de\/?s={search_term_string}"},"query-input":{"@type":"PropertyValueSpecification","valueRequired":true,"valueName":"search_term_string"}}],"inLanguage":"de"}]}},"uagb_featured_image_src":{"full":["https:\/\/grossklein-immobilien.de\/de\/wp-content\/uploads\/2018\/02\/wohngrundst\u00fcck.jpg",1024,694,false],"thumbnail":["https:\/\/grossklein-immobilien.de\/de\/wp-content\/uploads\/2018\/02\/wohngrundst\u00fcck-150x150.jpg",150,150,true],"medium":["https:\/\/grossklein-immobilien.de\/de\/wp-content\/uploads\/2018\/02\/wohngrundst\u00fcck-300x203.jpg",300,203,true],"medium_large":["https:\/\/grossklein-immobilien.de\/de\/wp-content\/uploads\/2018\/02\/wohngrundst\u00fcck.jpg",1024,694,false],"large":["https:\/\/grossklein-immobilien.de\/de\/wp-content\/uploads\/2018\/02\/wohngrundst\u00fcck-1024x694.jpg",604,409,true],"1536x1536":["https:\/\/grossklein-immobilien.de\/de\/wp-content\/uploads\/2018\/02\/wohngrundst\u00fcck.jpg",1024,694,false],"2048x2048":["https:\/\/grossklein-immobilien.de\/de\/wp-content\/uploads\/2018\/02\/wohngrundst\u00fcck.jpg",1024,694,false],"post-thumbnail":["https:\/\/grossklein-immobilien.de\/de\/wp-content\/uploads\/2018\/02\/wohngrundst\u00fcck-604x270.jpg",604,270,true],"woocommerce_thumbnail":["https:\/\/grossklein-immobilien.de\/de\/wp-content\/uploads\/2018\/02\/wohngrundst\u00fcck-300x300.jpg",300,300,true],"woocommerce_single":["https:\/\/grossklein-immobilien.de\/de\/wp-content\/uploads\/2018\/02\/wohngrundst\u00fcck.jpg",1024,694,false],"woocommerce_gallery_thumbnail":["https:\/\/grossklein-immobilien.de\/de\/wp-content\/uploads\/2018\/02\/wohngrundst\u00fcck-100x100.jpg",100,100,true]},"uagb_author_info":{"display_name":"Drazan Tomic","author_link":"https:\/\/grossklein-immobilien.de\/de\/author\/"},"uagb_comment_info":0,"uagb_excerpt":"Wohngrundst\u00fcck f\u00fcr ein Projekt mit Eigentumswohnungen oder mehreren Einfamilienh\u00e4usern bzw. Doppelhaush\u00e4lften.","_links":{"self":[{"href":"https:\/\/grossklein-immobilien.de\/de\/wp-json\/wp\/v2\/product\/6126","targetHints":{"allow":["GET"]}}],"collection":[{"href":"https:\/\/grossklein-immobilien.de\/de\/wp-json\/wp\/v2\/product"}],"about":[{"href":"https:\/\/grossklein-immobilien.de\/de\/wp-json\/wp\/v2\/types\/product"}],"wp:featuredmedia":[{"embeddable":true,"href":"https:\/\/grossklein-immobilien.de\/de\/wp-json\/wp\/v2\/media\/6127"}],"wp:attachment":[{"href":"https:\/\/grossklein-immobilien.de\/de\/wp-json\/wp\/v2\/media?parent=6126"}],"wp:term":[{"taxonomy":"product_cat","embeddable":true,"href":"https:\/\/grossklein-immobilien.de\/de\/wp-json\/wp\/v2\/product_cat?post=6126"},{"taxonomy":"product_tag","embeddable":true,"href":"https:\/\/grossklein-immobilien.de\/de\/wp-json\/wp\/v2\/product_tag?post=6126"}],"curies":[{"name":"wp","href":"https:\/\/api.w.org\/{rel}","templated":true}]}}