{"id":6155,"date":"2018-03-18T10:15:53","date_gmt":"2018-03-18T09:15:53","guid":{"rendered":"http:\/\/grossklein-immobilien.de\/de\/?post_type=product&#038;p=6155"},"modified":"2024-10-15T11:09:00","modified_gmt":"2024-10-15T09:09:00","slug":"ideales-wohngrundtsueck-in-kleinmachnow","status":"publish","type":"product","link":"https:\/\/grossklein-immobilien.de\/de\/produkt\/ideales-wohngrundtsueck-in-kleinmachnow\/","title":{"rendered":"IDEALES WOHNGRUNDST\u00dcCK IN KLEINMACHNOW"},"content":{"rendered":"<p style=\"text-align: justify;\">Das hier angebotene Grundst\u00fcck eignet sich ideal f\u00fcr eine Bebauung mit einem Einfamilienhaus oder einem Doppelhaus. Kleinmachnow hat sich in den letzten Jahren zur eine begehrten Wohnlage f\u00fcr Hausbesitzter enwickelt. Die unmittelbare Lage an der Stadtgrenze und an Zehlendorf ist sicherlich daf\u00fcr ausschlaggebend. Die Lage des Grundst\u00fcckes ist gepr\u00e4gt durch zahlreiche Einfamilienh\u00e4user und Doppelhaush\u00e4lften. Die Anbindung an die \u00f6ffentlichen Verkehrsmittel erfolgt durch diverse Busse und den naheliegenden S-Bahnhof Berlin-Zehlendorf. Weitere Ausk\u00fcnfte gerne auf Anfrage.<\/p>\n","protected":false},"excerpt":{"rendered":"<p>Es handelt sich hierbei ein Wohngrundst\u00fcck in ruhiger Lage und unmittelbar an der Stadtgrenze von Berlin.<\/p>\n","protected":false},"featured_media":6156,"template":"","meta":{"_uag_custom_page_level_css":"","ngg_post_thumbnail":0},"product_cat":[294],"product_tag":[],"class_list":{"0":"post-6155","1":"product","2":"type-product","3":"status-publish","4":"has-post-thumbnail","6":"product_cat-grundstuecke","7":"pa_adresse-14532-kleinmachnow","8":"pa_courtage-714-inkl-mwst-vom-beurk-kaufpreis-3","9":"pa_standort-kleinmachnow","10":"pa_wohnflaeche-flaeche-801m","12":"first","13":"outofstock","14":"shipping-taxable","15":"purchasable","16":"product-type-simple"},"yoast_head":"<!-- This site is optimized with the Yoast SEO plugin v26.8 - https:\/\/yoast.com\/product\/yoast-seo-wordpress\/ -->\n<title>IDEALES WOHNGRUNDST\u00dcCK IN KLEINMACHNOW -<\/title>\n<meta name=\"robots\" content=\"index, follow, max-snippet:-1, max-image-preview:large, max-video-preview:-1\" \/>\n<link rel=\"canonical\" href=\"https:\/\/grossklein-immobilien.de\/de\/produkt\/ideales-wohngrundtsueck-in-kleinmachnow\/\" \/>\n<meta property=\"og:locale\" content=\"de_DE\" \/>\n<meta property=\"og:type\" content=\"article\" \/>\n<meta property=\"og:title\" content=\"IDEALES WOHNGRUNDST\u00dcCK IN KLEINMACHNOW -\" \/>\n<meta property=\"og:description\" content=\"Es handelt sich hierbei ein Wohngrundst\u00fcck in ruhiger Lage und unmittelbar an der Stadtgrenze von Berlin.\" \/>\n<meta property=\"og:url\" content=\"https:\/\/grossklein-immobilien.de\/de\/produkt\/ideales-wohngrundtsueck-in-kleinmachnow\/\" \/>\n<meta property=\"article:publisher\" content=\"https:\/\/www.facebook.com\/TOMIC-IMMOBILIEN-110945718988806\/\" \/>\n<meta property=\"article:modified_time\" content=\"2024-10-15T09:09:00+00:00\" \/>\n<meta property=\"og:image\" content=\"https:\/\/grossklein-immobilien.de\/de\/wp-content\/uploads\/2018\/03\/perfektes-wohngrundstueck.jpg\" \/>\n\t<meta property=\"og:image:width\" content=\"1024\" \/>\n\t<meta property=\"og:image:height\" content=\"768\" \/>\n\t<meta property=\"og:image:type\" content=\"image\/jpeg\" \/>\n<meta name=\"twitter:card\" content=\"summary_large_image\" \/>\n<meta name=\"twitter:site\" content=\"@draz_tomic\" \/>\n<meta name=\"twitter:label1\" content=\"Gesch\u00e4tzte Lesezeit\" \/>\n\t<meta name=\"twitter:data1\" content=\"1\u00a0Minute\" \/>\n<script type=\"application\/ld+json\" class=\"yoast-schema-graph\">{\"@context\":\"https:\/\/schema.org\",\"@graph\":[{\"@type\":\"WebPage\",\"@id\":\"https:\/\/grossklein-immobilien.de\/de\/produkt\/ideales-wohngrundtsueck-in-kleinmachnow\/\",\"url\":\"https:\/\/grossklein-immobilien.de\/de\/produkt\/ideales-wohngrundtsueck-in-kleinmachnow\/\",\"name\":\"IDEALES WOHNGRUNDST\u00dcCK IN KLEINMACHNOW -\",\"isPartOf\":{\"@id\":\"https:\/\/grossklein-immobilien.de\/de\/#website\"},\"primaryImageOfPage\":{\"@id\":\"https:\/\/grossklein-immobilien.de\/de\/produkt\/ideales-wohngrundtsueck-in-kleinmachnow\/#primaryimage\"},\"image\":{\"@id\":\"https:\/\/grossklein-immobilien.de\/de\/produkt\/ideales-wohngrundtsueck-in-kleinmachnow\/#primaryimage\"},\"thumbnailUrl\":\"https:\/\/grossklein-immobilien.de\/de\/wp-content\/uploads\/2018\/03\/perfektes-wohngrundstueck.jpg\",\"datePublished\":\"2018-03-18T09:15:53+00:00\",\"dateModified\":\"2024-10-15T09:09:00+00:00\",\"breadcrumb\":{\"@id\":\"https:\/\/grossklein-immobilien.de\/de\/produkt\/ideales-wohngrundtsueck-in-kleinmachnow\/#breadcrumb\"},\"inLanguage\":\"de\",\"potentialAction\":[{\"@type\":\"ReadAction\",\"target\":[\"https:\/\/grossklein-immobilien.de\/de\/produkt\/ideales-wohngrundtsueck-in-kleinmachnow\/\"]}]},{\"@type\":\"ImageObject\",\"inLanguage\":\"de\",\"@id\":\"https:\/\/grossklein-immobilien.de\/de\/produkt\/ideales-wohngrundtsueck-in-kleinmachnow\/#primaryimage\",\"url\":\"https:\/\/grossklein-immobilien.de\/de\/wp-content\/uploads\/2018\/03\/perfektes-wohngrundstueck.jpg\",\"contentUrl\":\"https:\/\/grossklein-immobilien.de\/de\/wp-content\/uploads\/2018\/03\/perfektes-wohngrundstueck.jpg\",\"width\":1024,\"height\":768},{\"@type\":\"BreadcrumbList\",\"@id\":\"https:\/\/grossklein-immobilien.de\/de\/produkt\/ideales-wohngrundtsueck-in-kleinmachnow\/#breadcrumb\",\"itemListElement\":[{\"@type\":\"ListItem\",\"position\":1,\"name\":\"Home\",\"item\":\"https:\/\/grossklein-immobilien.de\/de\/\"},{\"@type\":\"ListItem\",\"position\":2,\"name\":\"Immobilienangebote\",\"item\":\"https:\/\/grossklein-immobilien.de\/de\/immobilien-berlin\/\"},{\"@type\":\"ListItem\",\"position\":3,\"name\":\"IDEALES WOHNGRUNDST\u00dcCK IN KLEINMACHNOW\"}]},{\"@type\":\"WebSite\",\"@id\":\"https:\/\/grossklein-immobilien.de\/de\/#website\",\"url\":\"https:\/\/grossklein-immobilien.de\/de\/\",\"name\":\"\",\"description\":\"\",\"potentialAction\":[{\"@type\":\"SearchAction\",\"target\":{\"@type\":\"EntryPoint\",\"urlTemplate\":\"https:\/\/grossklein-immobilien.de\/de\/?s={search_term_string}\"},\"query-input\":{\"@type\":\"PropertyValueSpecification\",\"valueRequired\":true,\"valueName\":\"search_term_string\"}}],\"inLanguage\":\"de\"}]}<\/script>\n<!-- \/ Yoast SEO plugin. -->","yoast_head_json":{"title":"IDEALES WOHNGRUNDST\u00dcCK IN KLEINMACHNOW -","robots":{"index":"index","follow":"follow","max-snippet":"max-snippet:-1","max-image-preview":"max-image-preview:large","max-video-preview":"max-video-preview:-1"},"canonical":"https:\/\/grossklein-immobilien.de\/de\/produkt\/ideales-wohngrundtsueck-in-kleinmachnow\/","og_locale":"de_DE","og_type":"article","og_title":"IDEALES WOHNGRUNDST\u00dcCK IN KLEINMACHNOW -","og_description":"Es handelt sich hierbei ein Wohngrundst\u00fcck in ruhiger Lage und unmittelbar an der Stadtgrenze von Berlin.","og_url":"https:\/\/grossklein-immobilien.de\/de\/produkt\/ideales-wohngrundtsueck-in-kleinmachnow\/","article_publisher":"https:\/\/www.facebook.com\/TOMIC-IMMOBILIEN-110945718988806\/","article_modified_time":"2024-10-15T09:09:00+00:00","og_image":[{"width":1024,"height":768,"url":"https:\/\/grossklein-immobilien.de\/de\/wp-content\/uploads\/2018\/03\/perfektes-wohngrundstueck.jpg","type":"image\/jpeg"}],"twitter_card":"summary_large_image","twitter_site":"@draz_tomic","twitter_misc":{"Gesch\u00e4tzte Lesezeit":"1\u00a0Minute"},"schema":{"@context":"https:\/\/schema.org","@graph":[{"@type":"WebPage","@id":"https:\/\/grossklein-immobilien.de\/de\/produkt\/ideales-wohngrundtsueck-in-kleinmachnow\/","url":"https:\/\/grossklein-immobilien.de\/de\/produkt\/ideales-wohngrundtsueck-in-kleinmachnow\/","name":"IDEALES WOHNGRUNDST\u00dcCK IN KLEINMACHNOW -","isPartOf":{"@id":"https:\/\/grossklein-immobilien.de\/de\/#website"},"primaryImageOfPage":{"@id":"https:\/\/grossklein-immobilien.de\/de\/produkt\/ideales-wohngrundtsueck-in-kleinmachnow\/#primaryimage"},"image":{"@id":"https:\/\/grossklein-immobilien.de\/de\/produkt\/ideales-wohngrundtsueck-in-kleinmachnow\/#primaryimage"},"thumbnailUrl":"https:\/\/grossklein-immobilien.de\/de\/wp-content\/uploads\/2018\/03\/perfektes-wohngrundstueck.jpg","datePublished":"2018-03-18T09:15:53+00:00","dateModified":"2024-10-15T09:09:00+00:00","breadcrumb":{"@id":"https:\/\/grossklein-immobilien.de\/de\/produkt\/ideales-wohngrundtsueck-in-kleinmachnow\/#breadcrumb"},"inLanguage":"de","potentialAction":[{"@type":"ReadAction","target":["https:\/\/grossklein-immobilien.de\/de\/produkt\/ideales-wohngrundtsueck-in-kleinmachnow\/"]}]},{"@type":"ImageObject","inLanguage":"de","@id":"https:\/\/grossklein-immobilien.de\/de\/produkt\/ideales-wohngrundtsueck-in-kleinmachnow\/#primaryimage","url":"https:\/\/grossklein-immobilien.de\/de\/wp-content\/uploads\/2018\/03\/perfektes-wohngrundstueck.jpg","contentUrl":"https:\/\/grossklein-immobilien.de\/de\/wp-content\/uploads\/2018\/03\/perfektes-wohngrundstueck.jpg","width":1024,"height":768},{"@type":"BreadcrumbList","@id":"https:\/\/grossklein-immobilien.de\/de\/produkt\/ideales-wohngrundtsueck-in-kleinmachnow\/#breadcrumb","itemListElement":[{"@type":"ListItem","position":1,"name":"Home","item":"https:\/\/grossklein-immobilien.de\/de\/"},{"@type":"ListItem","position":2,"name":"Immobilienangebote","item":"https:\/\/grossklein-immobilien.de\/de\/immobilien-berlin\/"},{"@type":"ListItem","position":3,"name":"IDEALES WOHNGRUNDST\u00dcCK IN KLEINMACHNOW"}]},{"@type":"WebSite","@id":"https:\/\/grossklein-immobilien.de\/de\/#website","url":"https:\/\/grossklein-immobilien.de\/de\/","name":"","description":"","potentialAction":[{"@type":"SearchAction","target":{"@type":"EntryPoint","urlTemplate":"https:\/\/grossklein-immobilien.de\/de\/?s={search_term_string}"},"query-input":{"@type":"PropertyValueSpecification","valueRequired":true,"valueName":"search_term_string"}}],"inLanguage":"de"}]}},"uagb_featured_image_src":{"full":["https:\/\/grossklein-immobilien.de\/de\/wp-content\/uploads\/2018\/03\/perfektes-wohngrundstueck.jpg",1024,768,false],"thumbnail":["https:\/\/grossklein-immobilien.de\/de\/wp-content\/uploads\/2018\/03\/perfektes-wohngrundstueck-150x150.jpg",150,150,true],"medium":["https:\/\/grossklein-immobilien.de\/de\/wp-content\/uploads\/2018\/03\/perfektes-wohngrundstueck-300x225.jpg",300,225,true],"medium_large":["https:\/\/grossklein-immobilien.de\/de\/wp-content\/uploads\/2018\/03\/perfektes-wohngrundstueck.jpg",1024,768,false],"large":["https:\/\/grossklein-immobilien.de\/de\/wp-content\/uploads\/2018\/03\/perfektes-wohngrundstueck.jpg",604,453,false],"1536x1536":["https:\/\/grossklein-immobilien.de\/de\/wp-content\/uploads\/2018\/03\/perfektes-wohngrundstueck.jpg",1024,768,false],"2048x2048":["https:\/\/grossklein-immobilien.de\/de\/wp-content\/uploads\/2018\/03\/perfektes-wohngrundstueck.jpg",1024,768,false],"post-thumbnail":["https:\/\/grossklein-immobilien.de\/de\/wp-content\/uploads\/2018\/03\/perfektes-wohngrundstueck-604x270.jpg",604,270,true],"woocommerce_thumbnail":["https:\/\/grossklein-immobilien.de\/de\/wp-content\/uploads\/2018\/03\/perfektes-wohngrundstueck-300x300.jpg",300,300,true],"woocommerce_single":["https:\/\/grossklein-immobilien.de\/de\/wp-content\/uploads\/2018\/03\/perfektes-wohngrundstueck.jpg",1024,768,false],"woocommerce_gallery_thumbnail":["https:\/\/grossklein-immobilien.de\/de\/wp-content\/uploads\/2018\/03\/perfektes-wohngrundstueck-100x100.jpg",100,100,true]},"uagb_author_info":{"display_name":"Drazan Tomic","author_link":"https:\/\/grossklein-immobilien.de\/de\/author\/"},"uagb_comment_info":0,"uagb_excerpt":"Es handelt sich hierbei ein Wohngrundst\u00fcck in ruhiger Lage und unmittelbar an der Stadtgrenze von Berlin.","_links":{"self":[{"href":"https:\/\/grossklein-immobilien.de\/de\/wp-json\/wp\/v2\/product\/6155","targetHints":{"allow":["GET"]}}],"collection":[{"href":"https:\/\/grossklein-immobilien.de\/de\/wp-json\/wp\/v2\/product"}],"about":[{"href":"https:\/\/grossklein-immobilien.de\/de\/wp-json\/wp\/v2\/types\/product"}],"wp:featuredmedia":[{"embeddable":true,"href":"https:\/\/grossklein-immobilien.de\/de\/wp-json\/wp\/v2\/media\/6156"}],"wp:attachment":[{"href":"https:\/\/grossklein-immobilien.de\/de\/wp-json\/wp\/v2\/media?parent=6155"}],"wp:term":[{"taxonomy":"product_cat","embeddable":true,"href":"https:\/\/grossklein-immobilien.de\/de\/wp-json\/wp\/v2\/product_cat?post=6155"},{"taxonomy":"product_tag","embeddable":true,"href":"https:\/\/grossklein-immobilien.de\/de\/wp-json\/wp\/v2\/product_tag?post=6155"}],"curies":[{"name":"wp","href":"https:\/\/api.w.org\/{rel}","templated":true}]}}