{"id":6192,"date":"2018-11-25T23:17:55","date_gmt":"2018-11-25T22:17:55","guid":{"rendered":"http:\/\/grossklein-immobilien.de\/de\/?post_type=product&#038;p=6192"},"modified":"2023-05-12T12:33:27","modified_gmt":"2023-05-12T10:33:27","slug":"kleines-mfh-mit-5-wohnungen-in-neukoelln","status":"publish","type":"product","link":"https:\/\/grossklein-immobilien.de\/de\/produkt\/kleines-mfh-mit-5-wohnungen-in-neukoelln\/","title":{"rendered":"KLEINES MFH MIT 5 WOHNUNGEN IN NEUK\u00d6LLN! VERKAUFT!"},"content":{"rendered":"<p style=\"text-align: justify;\">Das Objekt liegt in einer einfachen Wohnlage von Neuk\u00f6lln, OT Buckow. Die Grundst\u00fccksgr\u00f6\u00dfe betr\u00e4gt bei ca. 608m\u00b2 und ist mit sch\u00f6nem Baumbestand bebaut. Das Haus verf\u00fcgt \u00fcber 5 Wohnungen, eine gro\u00dfe 4-Zimmer Wohnung&nbsp; (125m\u00b2) befindet sich im EG. Im 1.OG befindet sich eine 1-Zi Wohnung mit 42m\u00b2 und eine 3-Zi Wohnung mit 78m\u00b2 Wohnfl\u00e4che. Das 2.OG\/DG bietet eine 1-Zi Wohnung mit 34m\u00b2 sowie eine 2-Zi Wohnung mit 58m\u00b2. Es stehen au\u00dferdem 3 Garagen den Bewohnern zur Verf\u00fcgung. Das Haus wird \u00fcber eine \u00d6l-Zentralheizung beheizt. Das Objekt befindet sich in einen gepflegten Zustand. Die Lage zeichnet sich durch die unmittelbare N\u00e4he zum Britzer Garten aus. Pr\u00e4gend f\u00fcr das Wohnumfeld ist ein hoher Bestand an Geb\u00e4uden aus den 70er und 80er-Jahren sowie verschiedene Einfamilienh\u00e4user. Einkaufsm\u00f6glichkeiten sind fu\u00dfl\u00e4ufig oder mit \u00d6PNV zu erreichen ( U-Bahn Johannisthaler Chausee ).<\/p>\n","protected":false},"excerpt":{"rendered":"<p>Hierbei handelt es sich um ein gepflegtes Mehfamilienhaus was sich in einer ruhigen Wohnlage in Buckow befindet.<\/p>\n","protected":false},"featured_media":6193,"template":"","meta":{"_uag_custom_page_level_css":"","ngg_post_thumbnail":0},"product_cat":[25],"product_tag":[374],"class_list":{"0":"post-6192","1":"product","2":"type-product","3":"status-publish","4":"has-post-thumbnail","6":"product_cat-miethaeuser","7":"product_tag-geldanlage","8":"pa_adresse-12349-berlin","9":"pa_baujahr-135","10":"pa_befeuerung-oel","11":"pa_courtage-714-inkl-mwst-vom-beurk-kaufpreis-4","12":"pa_etagen-54","13":"pa_heizungsart-zentralheizung","14":"pa_mieteinnahmen-34-000e","15":"pa_objektzustand-gepflegt","16":"pa_standort-berlin-neukoelln","17":"pa_wohnflaeche-33700-m","19":"first","20":"outofstock","21":"shipping-taxable","22":"purchasable","23":"product-type-simple"},"yoast_head":"<!-- This site is optimized with the Yoast SEO plugin v26.8 - https:\/\/yoast.com\/product\/yoast-seo-wordpress\/ -->\n<title>KLEINES MFH MIT 5 WOHNUNGEN IN NEUK\u00d6LLN! VERKAUFT! -<\/title>\n<meta name=\"robots\" content=\"index, follow, max-snippet:-1, max-image-preview:large, max-video-preview:-1\" \/>\n<link rel=\"canonical\" href=\"https:\/\/grossklein-immobilien.de\/de\/produkt\/kleines-mfh-mit-5-wohnungen-in-neukoelln\/\" \/>\n<meta property=\"og:locale\" content=\"de_DE\" \/>\n<meta property=\"og:type\" content=\"article\" \/>\n<meta property=\"og:title\" content=\"KLEINES MFH MIT 5 WOHNUNGEN IN NEUK\u00d6LLN! VERKAUFT! -\" \/>\n<meta property=\"og:description\" content=\"Hierbei handelt es sich um ein gepflegtes Mehfamilienhaus was sich in einer ruhigen Wohnlage in Buckow befindet.\" \/>\n<meta property=\"og:url\" content=\"https:\/\/grossklein-immobilien.de\/de\/produkt\/kleines-mfh-mit-5-wohnungen-in-neukoelln\/\" \/>\n<meta property=\"article:publisher\" content=\"https:\/\/www.facebook.com\/TOMIC-IMMOBILIEN-110945718988806\/\" \/>\n<meta property=\"article:modified_time\" content=\"2023-05-12T10:33:27+00:00\" \/>\n<meta property=\"og:image\" content=\"https:\/\/grossklein-immobilien.de\/de\/wp-content\/uploads\/2018\/11\/mehrfamilienhaus-verkaufen-berlin_011.jpg\" \/>\n\t<meta property=\"og:image:width\" content=\"1024\" \/>\n\t<meta property=\"og:image:height\" content=\"683\" \/>\n\t<meta property=\"og:image:type\" content=\"image\/jpeg\" \/>\n<meta name=\"twitter:card\" content=\"summary_large_image\" \/>\n<meta name=\"twitter:site\" content=\"@draz_tomic\" \/>\n<meta name=\"twitter:label1\" content=\"Gesch\u00e4tzte Lesezeit\" \/>\n\t<meta name=\"twitter:data1\" content=\"1\u00a0Minute\" \/>\n<script type=\"application\/ld+json\" class=\"yoast-schema-graph\">{\"@context\":\"https:\/\/schema.org\",\"@graph\":[{\"@type\":\"WebPage\",\"@id\":\"https:\/\/grossklein-immobilien.de\/de\/produkt\/kleines-mfh-mit-5-wohnungen-in-neukoelln\/\",\"url\":\"https:\/\/grossklein-immobilien.de\/de\/produkt\/kleines-mfh-mit-5-wohnungen-in-neukoelln\/\",\"name\":\"KLEINES MFH MIT 5 WOHNUNGEN IN NEUK\u00d6LLN! VERKAUFT! -\",\"isPartOf\":{\"@id\":\"https:\/\/grossklein-immobilien.de\/de\/#website\"},\"primaryImageOfPage\":{\"@id\":\"https:\/\/grossklein-immobilien.de\/de\/produkt\/kleines-mfh-mit-5-wohnungen-in-neukoelln\/#primaryimage\"},\"image\":{\"@id\":\"https:\/\/grossklein-immobilien.de\/de\/produkt\/kleines-mfh-mit-5-wohnungen-in-neukoelln\/#primaryimage\"},\"thumbnailUrl\":\"https:\/\/grossklein-immobilien.de\/de\/wp-content\/uploads\/2018\/11\/mehrfamilienhaus-verkaufen-berlin_011.jpg\",\"datePublished\":\"2018-11-25T22:17:55+00:00\",\"dateModified\":\"2023-05-12T10:33:27+00:00\",\"breadcrumb\":{\"@id\":\"https:\/\/grossklein-immobilien.de\/de\/produkt\/kleines-mfh-mit-5-wohnungen-in-neukoelln\/#breadcrumb\"},\"inLanguage\":\"de\",\"potentialAction\":[{\"@type\":\"ReadAction\",\"target\":[\"https:\/\/grossklein-immobilien.de\/de\/produkt\/kleines-mfh-mit-5-wohnungen-in-neukoelln\/\"]}]},{\"@type\":\"ImageObject\",\"inLanguage\":\"de\",\"@id\":\"https:\/\/grossklein-immobilien.de\/de\/produkt\/kleines-mfh-mit-5-wohnungen-in-neukoelln\/#primaryimage\",\"url\":\"https:\/\/grossklein-immobilien.de\/de\/wp-content\/uploads\/2018\/11\/mehrfamilienhaus-verkaufen-berlin_011.jpg\",\"contentUrl\":\"https:\/\/grossklein-immobilien.de\/de\/wp-content\/uploads\/2018\/11\/mehrfamilienhaus-verkaufen-berlin_011.jpg\",\"width\":1024,\"height\":683},{\"@type\":\"BreadcrumbList\",\"@id\":\"https:\/\/grossklein-immobilien.de\/de\/produkt\/kleines-mfh-mit-5-wohnungen-in-neukoelln\/#breadcrumb\",\"itemListElement\":[{\"@type\":\"ListItem\",\"position\":1,\"name\":\"Home\",\"item\":\"https:\/\/grossklein-immobilien.de\/de\/\"},{\"@type\":\"ListItem\",\"position\":2,\"name\":\"Immobilienangebote\",\"item\":\"https:\/\/grossklein-immobilien.de\/de\/immobilien-berlin\/\"},{\"@type\":\"ListItem\",\"position\":3,\"name\":\"KLEINES MFH MIT 5 WOHNUNGEN IN NEUK\u00d6LLN! VERKAUFT!\"}]},{\"@type\":\"WebSite\",\"@id\":\"https:\/\/grossklein-immobilien.de\/de\/#website\",\"url\":\"https:\/\/grossklein-immobilien.de\/de\/\",\"name\":\"\",\"description\":\"\",\"potentialAction\":[{\"@type\":\"SearchAction\",\"target\":{\"@type\":\"EntryPoint\",\"urlTemplate\":\"https:\/\/grossklein-immobilien.de\/de\/?s={search_term_string}\"},\"query-input\":{\"@type\":\"PropertyValueSpecification\",\"valueRequired\":true,\"valueName\":\"search_term_string\"}}],\"inLanguage\":\"de\"}]}<\/script>\n<!-- \/ Yoast SEO plugin. -->","yoast_head_json":{"title":"KLEINES MFH MIT 5 WOHNUNGEN IN NEUK\u00d6LLN! VERKAUFT! -","robots":{"index":"index","follow":"follow","max-snippet":"max-snippet:-1","max-image-preview":"max-image-preview:large","max-video-preview":"max-video-preview:-1"},"canonical":"https:\/\/grossklein-immobilien.de\/de\/produkt\/kleines-mfh-mit-5-wohnungen-in-neukoelln\/","og_locale":"de_DE","og_type":"article","og_title":"KLEINES MFH MIT 5 WOHNUNGEN IN NEUK\u00d6LLN! VERKAUFT! -","og_description":"Hierbei handelt es sich um ein gepflegtes Mehfamilienhaus was sich in einer ruhigen Wohnlage in Buckow befindet.","og_url":"https:\/\/grossklein-immobilien.de\/de\/produkt\/kleines-mfh-mit-5-wohnungen-in-neukoelln\/","article_publisher":"https:\/\/www.facebook.com\/TOMIC-IMMOBILIEN-110945718988806\/","article_modified_time":"2023-05-12T10:33:27+00:00","og_image":[{"width":1024,"height":683,"url":"https:\/\/grossklein-immobilien.de\/de\/wp-content\/uploads\/2018\/11\/mehrfamilienhaus-verkaufen-berlin_011.jpg","type":"image\/jpeg"}],"twitter_card":"summary_large_image","twitter_site":"@draz_tomic","twitter_misc":{"Gesch\u00e4tzte Lesezeit":"1\u00a0Minute"},"schema":{"@context":"https:\/\/schema.org","@graph":[{"@type":"WebPage","@id":"https:\/\/grossklein-immobilien.de\/de\/produkt\/kleines-mfh-mit-5-wohnungen-in-neukoelln\/","url":"https:\/\/grossklein-immobilien.de\/de\/produkt\/kleines-mfh-mit-5-wohnungen-in-neukoelln\/","name":"KLEINES MFH MIT 5 WOHNUNGEN IN NEUK\u00d6LLN! VERKAUFT! -","isPartOf":{"@id":"https:\/\/grossklein-immobilien.de\/de\/#website"},"primaryImageOfPage":{"@id":"https:\/\/grossklein-immobilien.de\/de\/produkt\/kleines-mfh-mit-5-wohnungen-in-neukoelln\/#primaryimage"},"image":{"@id":"https:\/\/grossklein-immobilien.de\/de\/produkt\/kleines-mfh-mit-5-wohnungen-in-neukoelln\/#primaryimage"},"thumbnailUrl":"https:\/\/grossklein-immobilien.de\/de\/wp-content\/uploads\/2018\/11\/mehrfamilienhaus-verkaufen-berlin_011.jpg","datePublished":"2018-11-25T22:17:55+00:00","dateModified":"2023-05-12T10:33:27+00:00","breadcrumb":{"@id":"https:\/\/grossklein-immobilien.de\/de\/produkt\/kleines-mfh-mit-5-wohnungen-in-neukoelln\/#breadcrumb"},"inLanguage":"de","potentialAction":[{"@type":"ReadAction","target":["https:\/\/grossklein-immobilien.de\/de\/produkt\/kleines-mfh-mit-5-wohnungen-in-neukoelln\/"]}]},{"@type":"ImageObject","inLanguage":"de","@id":"https:\/\/grossklein-immobilien.de\/de\/produkt\/kleines-mfh-mit-5-wohnungen-in-neukoelln\/#primaryimage","url":"https:\/\/grossklein-immobilien.de\/de\/wp-content\/uploads\/2018\/11\/mehrfamilienhaus-verkaufen-berlin_011.jpg","contentUrl":"https:\/\/grossklein-immobilien.de\/de\/wp-content\/uploads\/2018\/11\/mehrfamilienhaus-verkaufen-berlin_011.jpg","width":1024,"height":683},{"@type":"BreadcrumbList","@id":"https:\/\/grossklein-immobilien.de\/de\/produkt\/kleines-mfh-mit-5-wohnungen-in-neukoelln\/#breadcrumb","itemListElement":[{"@type":"ListItem","position":1,"name":"Home","item":"https:\/\/grossklein-immobilien.de\/de\/"},{"@type":"ListItem","position":2,"name":"Immobilienangebote","item":"https:\/\/grossklein-immobilien.de\/de\/immobilien-berlin\/"},{"@type":"ListItem","position":3,"name":"KLEINES MFH MIT 5 WOHNUNGEN IN NEUK\u00d6LLN! VERKAUFT!"}]},{"@type":"WebSite","@id":"https:\/\/grossklein-immobilien.de\/de\/#website","url":"https:\/\/grossklein-immobilien.de\/de\/","name":"","description":"","potentialAction":[{"@type":"SearchAction","target":{"@type":"EntryPoint","urlTemplate":"https:\/\/grossklein-immobilien.de\/de\/?s={search_term_string}"},"query-input":{"@type":"PropertyValueSpecification","valueRequired":true,"valueName":"search_term_string"}}],"inLanguage":"de"}]}},"uagb_featured_image_src":{"full":["https:\/\/grossklein-immobilien.de\/de\/wp-content\/uploads\/2018\/11\/mehrfamilienhaus-verkaufen-berlin_011.jpg",1024,683,false],"thumbnail":["https:\/\/grossklein-immobilien.de\/de\/wp-content\/uploads\/2018\/11\/mehrfamilienhaus-verkaufen-berlin_011-150x150.jpg",150,150,true],"medium":["https:\/\/grossklein-immobilien.de\/de\/wp-content\/uploads\/2018\/11\/mehrfamilienhaus-verkaufen-berlin_011-300x200.jpg",300,200,true],"medium_large":["https:\/\/grossklein-immobilien.de\/de\/wp-content\/uploads\/2018\/11\/mehrfamilienhaus-verkaufen-berlin_011.jpg",1024,683,false],"large":["https:\/\/grossklein-immobilien.de\/de\/wp-content\/uploads\/2018\/11\/mehrfamilienhaus-verkaufen-berlin_011-1024x683.jpg",604,403,true],"1536x1536":["https:\/\/grossklein-immobilien.de\/de\/wp-content\/uploads\/2018\/11\/mehrfamilienhaus-verkaufen-berlin_011.jpg",1024,683,false],"2048x2048":["https:\/\/grossklein-immobilien.de\/de\/wp-content\/uploads\/2018\/11\/mehrfamilienhaus-verkaufen-berlin_011.jpg",1024,683,false],"post-thumbnail":["https:\/\/grossklein-immobilien.de\/de\/wp-content\/uploads\/2018\/11\/mehrfamilienhaus-verkaufen-berlin_011-604x270.jpg",604,270,true],"woocommerce_thumbnail":["https:\/\/grossklein-immobilien.de\/de\/wp-content\/uploads\/2018\/11\/mehrfamilienhaus-verkaufen-berlin_011-300x300.jpg",300,300,true],"woocommerce_single":["https:\/\/grossklein-immobilien.de\/de\/wp-content\/uploads\/2018\/11\/mehrfamilienhaus-verkaufen-berlin_011.jpg",1024,683,false],"woocommerce_gallery_thumbnail":["https:\/\/grossklein-immobilien.de\/de\/wp-content\/uploads\/2018\/11\/mehrfamilienhaus-verkaufen-berlin_011-100x100.jpg",100,100,true]},"uagb_author_info":{"display_name":"Drazan Tomic","author_link":"https:\/\/grossklein-immobilien.de\/de\/author\/"},"uagb_comment_info":0,"uagb_excerpt":"Hierbei handelt es sich um ein gepflegtes Mehfamilienhaus was sich in einer ruhigen Wohnlage in Buckow befindet.","_links":{"self":[{"href":"https:\/\/grossklein-immobilien.de\/de\/wp-json\/wp\/v2\/product\/6192","targetHints":{"allow":["GET"]}}],"collection":[{"href":"https:\/\/grossklein-immobilien.de\/de\/wp-json\/wp\/v2\/product"}],"about":[{"href":"https:\/\/grossklein-immobilien.de\/de\/wp-json\/wp\/v2\/types\/product"}],"wp:featuredmedia":[{"embeddable":true,"href":"https:\/\/grossklein-immobilien.de\/de\/wp-json\/wp\/v2\/media\/6193"}],"wp:attachment":[{"href":"https:\/\/grossklein-immobilien.de\/de\/wp-json\/wp\/v2\/media?parent=6192"}],"wp:term":[{"taxonomy":"product_cat","embeddable":true,"href":"https:\/\/grossklein-immobilien.de\/de\/wp-json\/wp\/v2\/product_cat?post=6192"},{"taxonomy":"product_tag","embeddable":true,"href":"https:\/\/grossklein-immobilien.de\/de\/wp-json\/wp\/v2\/product_tag?post=6192"}],"curies":[{"name":"wp","href":"https:\/\/api.w.org\/{rel}","templated":true}]}}