{"id":6249,"date":"2019-05-13T12:37:44","date_gmt":"2019-05-13T10:37:44","guid":{"rendered":"http:\/\/grossklein-immobilien.de\/de\/?post_type=product&#038;p=6249"},"modified":"2026-02-06T11:10:44","modified_gmt":"2026-02-06T10:10:44","slug":"renovierte-wohnung-im-1-og-in-kreuzberg","status":"publish","type":"product","link":"https:\/\/grossklein-immobilien.de\/de\/produkt\/renovierte-wohnung-im-1-og-in-kreuzberg\/","title":{"rendered":"RENOVIERTE WOHNUNG IM 1.OG IN KREUZBERG"},"content":{"rendered":"<p style=\"text-align: justify;\">Bei dieser hellen Wohnung handelt es sich um eine renovierte 2-Zimmer Wohnung mit sehr praktischen Grundriss im 1.OG. Im Rahmen der Renovierung wurde neues Fertigparkett (Eiche) in den&nbsp;&nbsp; Wohnr\u00e4umen verlegt und die W\u00e4nde sind feinverputzt wurden. Die Wohnung bietet einen stra\u00dfenseitigen wind- und sichtgesch\u00fctzten Balkon, der zur S\u00fcdwest Seite und viel Sonne ausgerichtet ist. Die Wohnung bietet au\u00dferdem ein sehr schickes und modernes Badezimmer (mit Fenster, Badewanne,&nbsp; Lamellenheizk\u00f6rper und Fu\u00dfbodenheizung). Die Strangleitungen im Gemeinschaftseigentum bzw. im Objekt sind ebenfalls komplett erneutert worden. Eine neu geflieste (leerstehende) K\u00fcche steht bereit. Das Haus bietet allen Bewohnern einen neu installierten Aufzug. Die Heiz-und Warmwasser Erzeugung ist auf Zentralheizung bzw. Fernw\u00e4rme umgestellt worden. PKW-Stellpl\u00e4tze sind gegen Aufpreis (15.000\u20ac) separat erwerbbar.<\/p>\n<p style=\"text-align: justify;\">Das Objekt befindet sich in einer sehr zentralen aber ruhigen Lage unweit vom Moritzplatz und dem sehr beliebten Kiez rund um die Oranienstrasse.<\/p>\n<p>Vermittelt durch Gross &amp; Klein Immobilien, Ihrem <a href=\"https:\/\/grossklein-immobilien.de\/de\/immobilienmakler-berlin-kreuzberg\/\">Immobilienmakler in Berlin-Kreuzberg<\/a>.<\/p>\n<p style=\"text-align: justify;\">&nbsp;<\/p>\n","protected":false},"excerpt":{"rendered":"<p>Hierbei handelt es sich um eine renovierte 2-Zimmer Wohnung im 1.OG mit Aufzug.<\/p>\n","protected":false},"featured_media":6250,"template":"","meta":{"_uag_custom_page_level_css":"","ngg_post_thumbnail":0},"product_cat":[24,93,388,420,415],"product_tag":[],"class_list":{"0":"post-6249","1":"product","2":"type-product","3":"status-publish","4":"has-post-thumbnail","6":"product_cat-eigentumswohnungen","7":"product_cat-friedrichshain-kreuzberg","8":"product_cat-kreuzberg-friedrichshain","9":"product_cat-40-70","10":"product_cat-415","11":"pa_adresse-wassertorstrasse-20-10969-berlin","12":"pa_balkon-vorhanden","13":"pa_befeuerung-fernwaerme","14":"pa_courtage-595-inkl-mwst-vom-beurk-kaufpreis","15":"pa_etage-338","16":"pa_etagen-237","17":"pa_heizungsart-zentralheizung","18":"pa_objektzustand-renoviert","19":"pa_standort-berlin-kreuzberg-2","20":"pa_wohnflaeche-5665m","21":"pa_zimmer-52","23":"first","24":"outofstock","25":"shipping-taxable","26":"purchasable","27":"product-type-simple"},"yoast_head":"<!-- This site is optimized with the Yoast SEO plugin v26.8 - https:\/\/yoast.com\/product\/yoast-seo-wordpress\/ -->\n<title>Renovierte Wohnung in trendiger Kreuzberg Lage | Gross &amp; Klein<\/title>\n<meta name=\"description\" content=\"Sch\u00f6n renovierte Wohnung in trendiger Kreuzberg Lage nahe Moritzplatz. In ruhiger Seitenstrasse stehen mehrere Wohnung nach erfolgter Sanierung zum Verkauf.\" \/>\n<meta name=\"robots\" content=\"index, follow, max-snippet:-1, max-image-preview:large, max-video-preview:-1\" \/>\n<link rel=\"canonical\" href=\"https:\/\/grossklein-immobilien.de\/de\/produkt\/renovierte-wohnung-im-1-og-in-kreuzberg\/\" \/>\n<meta property=\"og:locale\" content=\"de_DE\" \/>\n<meta property=\"og:type\" content=\"article\" \/>\n<meta property=\"og:title\" content=\"Renovierte Wohnung in trendiger Kreuzberg Lage | Gross &amp; Klein\" \/>\n<meta property=\"og:description\" content=\"Sch\u00f6n renovierte Wohnung in trendiger Kreuzberg Lage nahe Moritzplatz. In ruhiger Seitenstrasse stehen mehrere Wohnung nach erfolgter Sanierung zum Verkauf.\" \/>\n<meta property=\"og:url\" content=\"https:\/\/grossklein-immobilien.de\/de\/produkt\/renovierte-wohnung-im-1-og-in-kreuzberg\/\" \/>\n<meta property=\"article:publisher\" content=\"https:\/\/www.facebook.com\/TOMIC-IMMOBILIEN-110945718988806\/\" \/>\n<meta property=\"article:modified_time\" content=\"2026-02-06T10:10:44+00:00\" \/>\n<meta property=\"og:image\" content=\"https:\/\/grossklein-immobilien.de\/de\/wp-content\/uploads\/2019\/05\/IMG_3714.jpg\" \/>\n\t<meta property=\"og:image:width\" content=\"1024\" \/>\n\t<meta property=\"og:image:height\" content=\"683\" \/>\n\t<meta property=\"og:image:type\" content=\"image\/jpeg\" \/>\n<meta name=\"twitter:card\" content=\"summary_large_image\" \/>\n<meta name=\"twitter:site\" content=\"@draz_tomic\" \/>\n<meta name=\"twitter:label1\" content=\"Gesch\u00e4tzte Lesezeit\" \/>\n\t<meta name=\"twitter:data1\" content=\"2\u00a0Minuten\" \/>\n<script type=\"application\/ld+json\" class=\"yoast-schema-graph\">{\"@context\":\"https:\/\/schema.org\",\"@graph\":[{\"@type\":\"WebPage\",\"@id\":\"https:\/\/grossklein-immobilien.de\/de\/produkt\/renovierte-wohnung-im-1-og-in-kreuzberg\/\",\"url\":\"https:\/\/grossklein-immobilien.de\/de\/produkt\/renovierte-wohnung-im-1-og-in-kreuzberg\/\",\"name\":\"Renovierte Wohnung in trendiger Kreuzberg Lage | Gross & Klein\",\"isPartOf\":{\"@id\":\"https:\/\/grossklein-immobilien.de\/de\/#website\"},\"primaryImageOfPage\":{\"@id\":\"https:\/\/grossklein-immobilien.de\/de\/produkt\/renovierte-wohnung-im-1-og-in-kreuzberg\/#primaryimage\"},\"image\":{\"@id\":\"https:\/\/grossklein-immobilien.de\/de\/produkt\/renovierte-wohnung-im-1-og-in-kreuzberg\/#primaryimage\"},\"thumbnailUrl\":\"https:\/\/grossklein-immobilien.de\/de\/wp-content\/uploads\/2019\/05\/IMG_3714.jpg\",\"datePublished\":\"2019-05-13T10:37:44+00:00\",\"dateModified\":\"2026-02-06T10:10:44+00:00\",\"description\":\"Sch\u00f6n renovierte Wohnung in trendiger Kreuzberg Lage nahe Moritzplatz. In ruhiger Seitenstrasse stehen mehrere Wohnung nach erfolgter Sanierung zum Verkauf.\",\"breadcrumb\":{\"@id\":\"https:\/\/grossklein-immobilien.de\/de\/produkt\/renovierte-wohnung-im-1-og-in-kreuzberg\/#breadcrumb\"},\"inLanguage\":\"de\",\"potentialAction\":[{\"@type\":\"ReadAction\",\"target\":[\"https:\/\/grossklein-immobilien.de\/de\/produkt\/renovierte-wohnung-im-1-og-in-kreuzberg\/\"]}]},{\"@type\":\"ImageObject\",\"inLanguage\":\"de\",\"@id\":\"https:\/\/grossklein-immobilien.de\/de\/produkt\/renovierte-wohnung-im-1-og-in-kreuzberg\/#primaryimage\",\"url\":\"https:\/\/grossklein-immobilien.de\/de\/wp-content\/uploads\/2019\/05\/IMG_3714.jpg\",\"contentUrl\":\"https:\/\/grossklein-immobilien.de\/de\/wp-content\/uploads\/2019\/05\/IMG_3714.jpg\",\"width\":1024,\"height\":683},{\"@type\":\"BreadcrumbList\",\"@id\":\"https:\/\/grossklein-immobilien.de\/de\/produkt\/renovierte-wohnung-im-1-og-in-kreuzberg\/#breadcrumb\",\"itemListElement\":[{\"@type\":\"ListItem\",\"position\":1,\"name\":\"Home\",\"item\":\"https:\/\/grossklein-immobilien.de\/de\/\"},{\"@type\":\"ListItem\",\"position\":2,\"name\":\"Immobilienangebote\",\"item\":\"https:\/\/grossklein-immobilien.de\/de\/immobilien-berlin\/\"},{\"@type\":\"ListItem\",\"position\":3,\"name\":\"RENOVIERTE WOHNUNG IM 1.OG IN KREUZBERG\"}]},{\"@type\":\"WebSite\",\"@id\":\"https:\/\/grossklein-immobilien.de\/de\/#website\",\"url\":\"https:\/\/grossklein-immobilien.de\/de\/\",\"name\":\"\",\"description\":\"\",\"potentialAction\":[{\"@type\":\"SearchAction\",\"target\":{\"@type\":\"EntryPoint\",\"urlTemplate\":\"https:\/\/grossklein-immobilien.de\/de\/?s={search_term_string}\"},\"query-input\":{\"@type\":\"PropertyValueSpecification\",\"valueRequired\":true,\"valueName\":\"search_term_string\"}}],\"inLanguage\":\"de\"}]}<\/script>\n<!-- \/ Yoast SEO plugin. -->","yoast_head_json":{"title":"Renovierte Wohnung in trendiger Kreuzberg Lage | Gross & Klein","description":"Sch\u00f6n renovierte Wohnung in trendiger Kreuzberg Lage nahe Moritzplatz. In ruhiger Seitenstrasse stehen mehrere Wohnung nach erfolgter Sanierung zum Verkauf.","robots":{"index":"index","follow":"follow","max-snippet":"max-snippet:-1","max-image-preview":"max-image-preview:large","max-video-preview":"max-video-preview:-1"},"canonical":"https:\/\/grossklein-immobilien.de\/de\/produkt\/renovierte-wohnung-im-1-og-in-kreuzberg\/","og_locale":"de_DE","og_type":"article","og_title":"Renovierte Wohnung in trendiger Kreuzberg Lage | Gross & Klein","og_description":"Sch\u00f6n renovierte Wohnung in trendiger Kreuzberg Lage nahe Moritzplatz. In ruhiger Seitenstrasse stehen mehrere Wohnung nach erfolgter Sanierung zum Verkauf.","og_url":"https:\/\/grossklein-immobilien.de\/de\/produkt\/renovierte-wohnung-im-1-og-in-kreuzberg\/","article_publisher":"https:\/\/www.facebook.com\/TOMIC-IMMOBILIEN-110945718988806\/","article_modified_time":"2026-02-06T10:10:44+00:00","og_image":[{"width":1024,"height":683,"url":"https:\/\/grossklein-immobilien.de\/de\/wp-content\/uploads\/2019\/05\/IMG_3714.jpg","type":"image\/jpeg"}],"twitter_card":"summary_large_image","twitter_site":"@draz_tomic","twitter_misc":{"Gesch\u00e4tzte Lesezeit":"2\u00a0Minuten"},"schema":{"@context":"https:\/\/schema.org","@graph":[{"@type":"WebPage","@id":"https:\/\/grossklein-immobilien.de\/de\/produkt\/renovierte-wohnung-im-1-og-in-kreuzberg\/","url":"https:\/\/grossklein-immobilien.de\/de\/produkt\/renovierte-wohnung-im-1-og-in-kreuzberg\/","name":"Renovierte Wohnung in trendiger Kreuzberg Lage | Gross & Klein","isPartOf":{"@id":"https:\/\/grossklein-immobilien.de\/de\/#website"},"primaryImageOfPage":{"@id":"https:\/\/grossklein-immobilien.de\/de\/produkt\/renovierte-wohnung-im-1-og-in-kreuzberg\/#primaryimage"},"image":{"@id":"https:\/\/grossklein-immobilien.de\/de\/produkt\/renovierte-wohnung-im-1-og-in-kreuzberg\/#primaryimage"},"thumbnailUrl":"https:\/\/grossklein-immobilien.de\/de\/wp-content\/uploads\/2019\/05\/IMG_3714.jpg","datePublished":"2019-05-13T10:37:44+00:00","dateModified":"2026-02-06T10:10:44+00:00","description":"Sch\u00f6n renovierte Wohnung in trendiger Kreuzberg Lage nahe Moritzplatz. In ruhiger Seitenstrasse stehen mehrere Wohnung nach erfolgter Sanierung zum Verkauf.","breadcrumb":{"@id":"https:\/\/grossklein-immobilien.de\/de\/produkt\/renovierte-wohnung-im-1-og-in-kreuzberg\/#breadcrumb"},"inLanguage":"de","potentialAction":[{"@type":"ReadAction","target":["https:\/\/grossklein-immobilien.de\/de\/produkt\/renovierte-wohnung-im-1-og-in-kreuzberg\/"]}]},{"@type":"ImageObject","inLanguage":"de","@id":"https:\/\/grossklein-immobilien.de\/de\/produkt\/renovierte-wohnung-im-1-og-in-kreuzberg\/#primaryimage","url":"https:\/\/grossklein-immobilien.de\/de\/wp-content\/uploads\/2019\/05\/IMG_3714.jpg","contentUrl":"https:\/\/grossklein-immobilien.de\/de\/wp-content\/uploads\/2019\/05\/IMG_3714.jpg","width":1024,"height":683},{"@type":"BreadcrumbList","@id":"https:\/\/grossklein-immobilien.de\/de\/produkt\/renovierte-wohnung-im-1-og-in-kreuzberg\/#breadcrumb","itemListElement":[{"@type":"ListItem","position":1,"name":"Home","item":"https:\/\/grossklein-immobilien.de\/de\/"},{"@type":"ListItem","position":2,"name":"Immobilienangebote","item":"https:\/\/grossklein-immobilien.de\/de\/immobilien-berlin\/"},{"@type":"ListItem","position":3,"name":"RENOVIERTE WOHNUNG IM 1.OG IN KREUZBERG"}]},{"@type":"WebSite","@id":"https:\/\/grossklein-immobilien.de\/de\/#website","url":"https:\/\/grossklein-immobilien.de\/de\/","name":"","description":"","potentialAction":[{"@type":"SearchAction","target":{"@type":"EntryPoint","urlTemplate":"https:\/\/grossklein-immobilien.de\/de\/?s={search_term_string}"},"query-input":{"@type":"PropertyValueSpecification","valueRequired":true,"valueName":"search_term_string"}}],"inLanguage":"de"}]}},"uagb_featured_image_src":{"full":["https:\/\/grossklein-immobilien.de\/de\/wp-content\/uploads\/2019\/05\/IMG_3714.jpg",1024,683,false],"thumbnail":["https:\/\/grossklein-immobilien.de\/de\/wp-content\/uploads\/2019\/05\/IMG_3714-150x150.jpg",150,150,true],"medium":["https:\/\/grossklein-immobilien.de\/de\/wp-content\/uploads\/2019\/05\/IMG_3714-300x200.jpg",300,200,true],"medium_large":["https:\/\/grossklein-immobilien.de\/de\/wp-content\/uploads\/2019\/05\/IMG_3714.jpg",1024,683,false],"large":["https:\/\/grossklein-immobilien.de\/de\/wp-content\/uploads\/2019\/05\/IMG_3714-1024x683.jpg",604,403,true],"1536x1536":["https:\/\/grossklein-immobilien.de\/de\/wp-content\/uploads\/2019\/05\/IMG_3714.jpg",1024,683,false],"2048x2048":["https:\/\/grossklein-immobilien.de\/de\/wp-content\/uploads\/2019\/05\/IMG_3714.jpg",1024,683,false],"post-thumbnail":["https:\/\/grossklein-immobilien.de\/de\/wp-content\/uploads\/2019\/05\/IMG_3714-604x270.jpg",604,270,true],"woocommerce_thumbnail":["https:\/\/grossklein-immobilien.de\/de\/wp-content\/uploads\/2019\/05\/IMG_3714-300x300.jpg",300,300,true],"woocommerce_single":["https:\/\/grossklein-immobilien.de\/de\/wp-content\/uploads\/2019\/05\/IMG_3714.jpg",1024,683,false],"woocommerce_gallery_thumbnail":["https:\/\/grossklein-immobilien.de\/de\/wp-content\/uploads\/2019\/05\/IMG_3714-100x100.jpg",100,100,true]},"uagb_author_info":{"display_name":"Drazan Tomic","author_link":"https:\/\/grossklein-immobilien.de\/de\/author\/"},"uagb_comment_info":0,"uagb_excerpt":"Hierbei handelt es sich um eine renovierte 2-Zimmer Wohnung im 1.OG mit Aufzug.","_links":{"self":[{"href":"https:\/\/grossklein-immobilien.de\/de\/wp-json\/wp\/v2\/product\/6249","targetHints":{"allow":["GET"]}}],"collection":[{"href":"https:\/\/grossklein-immobilien.de\/de\/wp-json\/wp\/v2\/product"}],"about":[{"href":"https:\/\/grossklein-immobilien.de\/de\/wp-json\/wp\/v2\/types\/product"}],"wp:featuredmedia":[{"embeddable":true,"href":"https:\/\/grossklein-immobilien.de\/de\/wp-json\/wp\/v2\/media\/6250"}],"wp:attachment":[{"href":"https:\/\/grossklein-immobilien.de\/de\/wp-json\/wp\/v2\/media?parent=6249"}],"wp:term":[{"taxonomy":"product_cat","embeddable":true,"href":"https:\/\/grossklein-immobilien.de\/de\/wp-json\/wp\/v2\/product_cat?post=6249"},{"taxonomy":"product_tag","embeddable":true,"href":"https:\/\/grossklein-immobilien.de\/de\/wp-json\/wp\/v2\/product_tag?post=6249"}],"curies":[{"name":"wp","href":"https:\/\/api.w.org\/{rel}","templated":true}]}}