{"id":6262,"date":"2019-05-20T11:08:14","date_gmt":"2019-05-20T09:08:14","guid":{"rendered":"http:\/\/grossklein-immobilien.de\/de\/?post_type=product&#038;p=6262"},"modified":"2023-05-12T12:33:44","modified_gmt":"2023-05-12T10:33:44","slug":"top-25-zi-wohnung-in-kreuzberg","status":"publish","type":"product","link":"https:\/\/grossklein-immobilien.de\/de\/produkt\/top-25-zi-wohnung-in-kreuzberg\/","title":{"rendered":"TOP 2,5 Zi WOHNUNG IN KREUZBERG"},"content":{"rendered":"<p style=\"text-align: justify;\">Bei diesem Angebot handelt es sich um eine sch\u00f6n renovierte 2,5-Zi Wohnung im 1.OG, die ebenfalls mit dem neu installierten Aufzug zu erreichen ist. Die Wohnung ist angenehm hell und sonnig. Der Balkon bietet viel Platz und ist zur S\u00fcdwest Seite ausgerichtet. Die Ausstattung l\u00e4sst keine W\u00fcnsche offen. Alle B\u00f6den sind mit Fertiggparkett (Eiche) ausgestattet und die W\u00e4nde sind fein verputzt worden. Das Bad ist modern augestattet und bietet eine Fu\u00dfbodenheizung,&nbsp; eine Badewanne und einen Lamellenheizk\u00f6rper. Die Decke im Flur wurde abgehangen und beinhaltet LED-Deckespots. Das Objekt ist an Fernw\u00e4rme angeschlossen, die Heiz-und Warmwasser liefert. Optional k\u00f6nnen gegen einen Aufpreis (15.000\u20ac) Stellpl\u00e4tze im Innenhof erworben werden. Das Objekt befindet sich in einer sehr zentralen aber ruhigen Lage unweit vom Moritzplatz und dem sehr beliebten Kiez rund um die Oranienstrasse.<\/p>\n","protected":false},"excerpt":{"rendered":"<p>Liebevoll sanierte 2,5-Zi Wohnung im 1.OG gelegen. Eignet sich optimal zum Eigenbedarf kann aber auch sehr gut vermietet werden aufgrund der Lage rund um der Hotspots in Kreuzberg.<\/p>\n","protected":false},"featured_media":6263,"template":"","meta":{"_uag_custom_page_level_css":"","ngg_post_thumbnail":0},"product_cat":[24,388,420,416],"product_tag":[371],"class_list":{"0":"post-6262","1":"product","2":"type-product","3":"status-publish","4":"has-post-thumbnail","6":"product_cat-eigentumswohnungen","7":"product_cat-kreuzberg-friedrichshain","8":"product_cat-40-70","9":"product_cat-416","10":"product_tag-loft-in-kreuzberg","11":"pa_adresse-10969-berlin","12":"pa_balkon-vorhanden","13":"pa_baujahr-342","14":"pa_befeuerung-fernwaerme","15":"pa_courtage-595-inkl-mwst-vom-beurk-kaufpreis","16":"pa_etage-338","17":"pa_etagen-237","18":"pa_heizungsart-zentralheizung","19":"pa_objektzustand-renoviert","20":"pa_standort-berlin-kreuzberg-2","21":"pa_wohnflaeche-340","22":"pa_zimmer-339","24":"first","25":"outofstock","26":"shipping-taxable","27":"purchasable","28":"product-type-simple"},"yoast_head":"<!-- This site is optimized with the Yoast SEO plugin v26.8 - https:\/\/yoast.com\/product\/yoast-seo-wordpress\/ -->\n<title>TOP 2,5 Zi WOHNUNG IN KREUZBERG -<\/title>\n<meta name=\"robots\" content=\"index, follow, max-snippet:-1, max-image-preview:large, max-video-preview:-1\" \/>\n<link rel=\"canonical\" href=\"https:\/\/grossklein-immobilien.de\/de\/produkt\/top-25-zi-wohnung-in-kreuzberg\/\" \/>\n<meta property=\"og:locale\" content=\"de_DE\" \/>\n<meta property=\"og:type\" content=\"article\" \/>\n<meta property=\"og:title\" content=\"TOP 2,5 Zi WOHNUNG IN KREUZBERG -\" \/>\n<meta property=\"og:description\" content=\"Liebevoll sanierte 2,5-Zi Wohnung im 1.OG gelegen. Eignet sich optimal zum Eigenbedarf kann aber auch sehr gut vermietet werden aufgrund der Lage rund um der Hotspots in Kreuzberg.\" \/>\n<meta property=\"og:url\" content=\"https:\/\/grossklein-immobilien.de\/de\/produkt\/top-25-zi-wohnung-in-kreuzberg\/\" \/>\n<meta property=\"article:publisher\" content=\"https:\/\/www.facebook.com\/TOMIC-IMMOBILIEN-110945718988806\/\" \/>\n<meta property=\"article:modified_time\" content=\"2023-05-12T10:33:44+00:00\" \/>\n<meta property=\"og:image\" content=\"https:\/\/grossklein-immobilien.de\/de\/wp-content\/uploads\/2019\/05\/IMG_3743.jpg\" \/>\n\t<meta property=\"og:image:width\" content=\"1024\" \/>\n\t<meta property=\"og:image:height\" content=\"683\" \/>\n\t<meta property=\"og:image:type\" content=\"image\/jpeg\" \/>\n<meta name=\"twitter:card\" content=\"summary_large_image\" \/>\n<meta name=\"twitter:site\" content=\"@draz_tomic\" \/>\n<meta name=\"twitter:label1\" content=\"Gesch\u00e4tzte Lesezeit\" \/>\n\t<meta name=\"twitter:data1\" content=\"1\u00a0Minute\" \/>\n<script type=\"application\/ld+json\" class=\"yoast-schema-graph\">{\"@context\":\"https:\/\/schema.org\",\"@graph\":[{\"@type\":\"WebPage\",\"@id\":\"https:\/\/grossklein-immobilien.de\/de\/produkt\/top-25-zi-wohnung-in-kreuzberg\/\",\"url\":\"https:\/\/grossklein-immobilien.de\/de\/produkt\/top-25-zi-wohnung-in-kreuzberg\/\",\"name\":\"TOP 2,5 Zi WOHNUNG IN KREUZBERG -\",\"isPartOf\":{\"@id\":\"https:\/\/grossklein-immobilien.de\/de\/#website\"},\"primaryImageOfPage\":{\"@id\":\"https:\/\/grossklein-immobilien.de\/de\/produkt\/top-25-zi-wohnung-in-kreuzberg\/#primaryimage\"},\"image\":{\"@id\":\"https:\/\/grossklein-immobilien.de\/de\/produkt\/top-25-zi-wohnung-in-kreuzberg\/#primaryimage\"},\"thumbnailUrl\":\"https:\/\/grossklein-immobilien.de\/de\/wp-content\/uploads\/2019\/05\/IMG_3743.jpg\",\"datePublished\":\"2019-05-20T09:08:14+00:00\",\"dateModified\":\"2023-05-12T10:33:44+00:00\",\"breadcrumb\":{\"@id\":\"https:\/\/grossklein-immobilien.de\/de\/produkt\/top-25-zi-wohnung-in-kreuzberg\/#breadcrumb\"},\"inLanguage\":\"de\",\"potentialAction\":[{\"@type\":\"ReadAction\",\"target\":[\"https:\/\/grossklein-immobilien.de\/de\/produkt\/top-25-zi-wohnung-in-kreuzberg\/\"]}]},{\"@type\":\"ImageObject\",\"inLanguage\":\"de\",\"@id\":\"https:\/\/grossklein-immobilien.de\/de\/produkt\/top-25-zi-wohnung-in-kreuzberg\/#primaryimage\",\"url\":\"https:\/\/grossklein-immobilien.de\/de\/wp-content\/uploads\/2019\/05\/IMG_3743.jpg\",\"contentUrl\":\"https:\/\/grossklein-immobilien.de\/de\/wp-content\/uploads\/2019\/05\/IMG_3743.jpg\",\"width\":1024,\"height\":683,\"caption\":\"Renovierte 2,5-Zimmer Wohnung in Wassertorstrasse in Berlin-Kreuzberg verkauft von Gross & Klein Immobilien\"},{\"@type\":\"BreadcrumbList\",\"@id\":\"https:\/\/grossklein-immobilien.de\/de\/produkt\/top-25-zi-wohnung-in-kreuzberg\/#breadcrumb\",\"itemListElement\":[{\"@type\":\"ListItem\",\"position\":1,\"name\":\"Home\",\"item\":\"https:\/\/grossklein-immobilien.de\/de\/\"},{\"@type\":\"ListItem\",\"position\":2,\"name\":\"Immobilienangebote\",\"item\":\"https:\/\/grossklein-immobilien.de\/de\/immobilien-berlin\/\"},{\"@type\":\"ListItem\",\"position\":3,\"name\":\"TOP 2,5 Zi WOHNUNG IN KREUZBERG\"}]},{\"@type\":\"WebSite\",\"@id\":\"https:\/\/grossklein-immobilien.de\/de\/#website\",\"url\":\"https:\/\/grossklein-immobilien.de\/de\/\",\"name\":\"\",\"description\":\"\",\"potentialAction\":[{\"@type\":\"SearchAction\",\"target\":{\"@type\":\"EntryPoint\",\"urlTemplate\":\"https:\/\/grossklein-immobilien.de\/de\/?s={search_term_string}\"},\"query-input\":{\"@type\":\"PropertyValueSpecification\",\"valueRequired\":true,\"valueName\":\"search_term_string\"}}],\"inLanguage\":\"de\"}]}<\/script>\n<!-- \/ Yoast SEO plugin. -->","yoast_head_json":{"title":"TOP 2,5 Zi WOHNUNG IN KREUZBERG -","robots":{"index":"index","follow":"follow","max-snippet":"max-snippet:-1","max-image-preview":"max-image-preview:large","max-video-preview":"max-video-preview:-1"},"canonical":"https:\/\/grossklein-immobilien.de\/de\/produkt\/top-25-zi-wohnung-in-kreuzberg\/","og_locale":"de_DE","og_type":"article","og_title":"TOP 2,5 Zi WOHNUNG IN KREUZBERG -","og_description":"Liebevoll sanierte 2,5-Zi Wohnung im 1.OG gelegen. Eignet sich optimal zum Eigenbedarf kann aber auch sehr gut vermietet werden aufgrund der Lage rund um der Hotspots in Kreuzberg.","og_url":"https:\/\/grossklein-immobilien.de\/de\/produkt\/top-25-zi-wohnung-in-kreuzberg\/","article_publisher":"https:\/\/www.facebook.com\/TOMIC-IMMOBILIEN-110945718988806\/","article_modified_time":"2023-05-12T10:33:44+00:00","og_image":[{"width":1024,"height":683,"url":"https:\/\/grossklein-immobilien.de\/de\/wp-content\/uploads\/2019\/05\/IMG_3743.jpg","type":"image\/jpeg"}],"twitter_card":"summary_large_image","twitter_site":"@draz_tomic","twitter_misc":{"Gesch\u00e4tzte Lesezeit":"1\u00a0Minute"},"schema":{"@context":"https:\/\/schema.org","@graph":[{"@type":"WebPage","@id":"https:\/\/grossklein-immobilien.de\/de\/produkt\/top-25-zi-wohnung-in-kreuzberg\/","url":"https:\/\/grossklein-immobilien.de\/de\/produkt\/top-25-zi-wohnung-in-kreuzberg\/","name":"TOP 2,5 Zi WOHNUNG IN KREUZBERG -","isPartOf":{"@id":"https:\/\/grossklein-immobilien.de\/de\/#website"},"primaryImageOfPage":{"@id":"https:\/\/grossklein-immobilien.de\/de\/produkt\/top-25-zi-wohnung-in-kreuzberg\/#primaryimage"},"image":{"@id":"https:\/\/grossklein-immobilien.de\/de\/produkt\/top-25-zi-wohnung-in-kreuzberg\/#primaryimage"},"thumbnailUrl":"https:\/\/grossklein-immobilien.de\/de\/wp-content\/uploads\/2019\/05\/IMG_3743.jpg","datePublished":"2019-05-20T09:08:14+00:00","dateModified":"2023-05-12T10:33:44+00:00","breadcrumb":{"@id":"https:\/\/grossklein-immobilien.de\/de\/produkt\/top-25-zi-wohnung-in-kreuzberg\/#breadcrumb"},"inLanguage":"de","potentialAction":[{"@type":"ReadAction","target":["https:\/\/grossklein-immobilien.de\/de\/produkt\/top-25-zi-wohnung-in-kreuzberg\/"]}]},{"@type":"ImageObject","inLanguage":"de","@id":"https:\/\/grossklein-immobilien.de\/de\/produkt\/top-25-zi-wohnung-in-kreuzberg\/#primaryimage","url":"https:\/\/grossklein-immobilien.de\/de\/wp-content\/uploads\/2019\/05\/IMG_3743.jpg","contentUrl":"https:\/\/grossklein-immobilien.de\/de\/wp-content\/uploads\/2019\/05\/IMG_3743.jpg","width":1024,"height":683,"caption":"Renovierte 2,5-Zimmer Wohnung in Wassertorstrasse in Berlin-Kreuzberg verkauft von Gross & Klein Immobilien"},{"@type":"BreadcrumbList","@id":"https:\/\/grossklein-immobilien.de\/de\/produkt\/top-25-zi-wohnung-in-kreuzberg\/#breadcrumb","itemListElement":[{"@type":"ListItem","position":1,"name":"Home","item":"https:\/\/grossklein-immobilien.de\/de\/"},{"@type":"ListItem","position":2,"name":"Immobilienangebote","item":"https:\/\/grossklein-immobilien.de\/de\/immobilien-berlin\/"},{"@type":"ListItem","position":3,"name":"TOP 2,5 Zi WOHNUNG IN KREUZBERG"}]},{"@type":"WebSite","@id":"https:\/\/grossklein-immobilien.de\/de\/#website","url":"https:\/\/grossklein-immobilien.de\/de\/","name":"","description":"","potentialAction":[{"@type":"SearchAction","target":{"@type":"EntryPoint","urlTemplate":"https:\/\/grossklein-immobilien.de\/de\/?s={search_term_string}"},"query-input":{"@type":"PropertyValueSpecification","valueRequired":true,"valueName":"search_term_string"}}],"inLanguage":"de"}]}},"uagb_featured_image_src":{"full":["https:\/\/grossklein-immobilien.de\/de\/wp-content\/uploads\/2019\/05\/IMG_3743.jpg",1024,683,false],"thumbnail":["https:\/\/grossklein-immobilien.de\/de\/wp-content\/uploads\/2019\/05\/IMG_3743-150x150.jpg",150,150,true],"medium":["https:\/\/grossklein-immobilien.de\/de\/wp-content\/uploads\/2019\/05\/IMG_3743-300x200.jpg",300,200,true],"medium_large":["https:\/\/grossklein-immobilien.de\/de\/wp-content\/uploads\/2019\/05\/IMG_3743.jpg",1024,683,false],"large":["https:\/\/grossklein-immobilien.de\/de\/wp-content\/uploads\/2019\/05\/IMG_3743-1024x683.jpg",604,403,true],"1536x1536":["https:\/\/grossklein-immobilien.de\/de\/wp-content\/uploads\/2019\/05\/IMG_3743.jpg",1024,683,false],"2048x2048":["https:\/\/grossklein-immobilien.de\/de\/wp-content\/uploads\/2019\/05\/IMG_3743.jpg",1024,683,false],"post-thumbnail":["https:\/\/grossklein-immobilien.de\/de\/wp-content\/uploads\/2019\/05\/IMG_3743-604x270.jpg",604,270,true],"woocommerce_thumbnail":["https:\/\/grossklein-immobilien.de\/de\/wp-content\/uploads\/2019\/05\/IMG_3743-300x300.jpg",300,300,true],"woocommerce_single":["https:\/\/grossklein-immobilien.de\/de\/wp-content\/uploads\/2019\/05\/IMG_3743.jpg",1024,683,false],"woocommerce_gallery_thumbnail":["https:\/\/grossklein-immobilien.de\/de\/wp-content\/uploads\/2019\/05\/IMG_3743-100x100.jpg",100,100,true]},"uagb_author_info":{"display_name":"Drazan Tomic","author_link":"https:\/\/grossklein-immobilien.de\/de\/author\/"},"uagb_comment_info":0,"uagb_excerpt":"Liebevoll sanierte 2,5-Zi Wohnung im 1.OG gelegen. Eignet sich optimal zum Eigenbedarf kann aber auch sehr gut vermietet werden aufgrund der Lage rund um der Hotspots in Kreuzberg.","_links":{"self":[{"href":"https:\/\/grossklein-immobilien.de\/de\/wp-json\/wp\/v2\/product\/6262","targetHints":{"allow":["GET"]}}],"collection":[{"href":"https:\/\/grossklein-immobilien.de\/de\/wp-json\/wp\/v2\/product"}],"about":[{"href":"https:\/\/grossklein-immobilien.de\/de\/wp-json\/wp\/v2\/types\/product"}],"wp:featuredmedia":[{"embeddable":true,"href":"https:\/\/grossklein-immobilien.de\/de\/wp-json\/wp\/v2\/media\/6263"}],"wp:attachment":[{"href":"https:\/\/grossklein-immobilien.de\/de\/wp-json\/wp\/v2\/media?parent=6262"}],"wp:term":[{"taxonomy":"product_cat","embeddable":true,"href":"https:\/\/grossklein-immobilien.de\/de\/wp-json\/wp\/v2\/product_cat?post=6262"},{"taxonomy":"product_tag","embeddable":true,"href":"https:\/\/grossklein-immobilien.de\/de\/wp-json\/wp\/v2\/product_tag?post=6262"}],"curies":[{"name":"wp","href":"https:\/\/api.w.org\/{rel}","templated":true}]}}