{"id":6753,"date":"2020-01-27T13:17:22","date_gmt":"2020-01-27T12:17:22","guid":{"rendered":"http:\/\/grossklein-immobilien.de\/de\/?post_type=product&#038;p=6753"},"modified":"2026-02-06T11:05:53","modified_gmt":"2026-02-06T10:05:53","slug":"sanierte-4-zi-wohnung-in-pankow","status":"publish","type":"product","link":"https:\/\/grossklein-immobilien.de\/de\/produkt\/sanierte-4-zi-wohnung-in-pankow\/","title":{"rendered":"SANIERTE 4-ZI WOHNUNG MIT BALKON IN BERLIN-PANKOW"},"content":{"rendered":"<p style=\"text-align: justify;\">Das 1994 erbaute Haus liegt in einer ruhigen Seitenstra\u00dfe im Herzen von Pankow,&nbsp; Ortsteil Niedersch\u00f6nhausen. Das Umfeld wird gepr\u00e4gt durch schmucke Mehrfamilienh\u00e4user und klassische Altbauvillen mit vielen Vorg\u00e4rten, Gr\u00fcnfl\u00e4chen und uwegungen. Das sehr beliebte Wohnviertel bietet im Umfeld alle Einrichtungen, die zu einer guten und urbanen Infrastruktur geh\u00f6ren. Es ist verkehrsg\u00fcnstig gelegen, Bus und Tram sind zu Fu\u00df erreichbar.<\/p>\n<p style=\"text-align: justify;\">Das moderne Wohnhaus besteht aus insgesamt 10 Wohnungen einschlie\u00dflich Dachgeschoss, die \u00fcber ein sch\u00f6nes Treppenhaus samt Aufzug erschlossen werden. Das Objekt ist voll unterkellert. Die Gr\u00f6\u00dfe und Anordnung der Wohnungen bieten stark nachgefragte Wohnungsgr\u00f6\u00dfen mit sehr praktischen Grundrissen. Viele Mieter wohnen schon seit vielen Jahren im Haus. Eine Durchfahrt f\u00fchrt zu den PKW-Stellpl\u00e4tzen, die sich auf der R\u00fcckseite des Wohngeb\u00e4udes befinden.<\/p>\n<p style=\"text-align: justify;\">Die Wohnung ist im Rahmen der Sanierung mit neuem Fertigparkettboden (Eiche) im gesammten Wohnbereich ausgestattet worden und die W\u00e4nde wurden feinverputzt und geschliffen. Der stra\u00dfenseitige Balkon mit S\u00fcdsonne ist wind- und sichtgesch\u00fctzt. Die Wohnung hat ein komplett neues und modernes Badezimmer sowie ein G\u00e4ste-WC erhalten. Die K\u00fcche wurde ebenfalls neu geflie\u00dft. Neu LED-Spots sind im Bad , Flur und in der K\u00fcche installiert worden. Die Wohnung wird \u00fcber die Zentralheizung (Heizk\u00f6rper mit Einzelraumreglung) beheitzt inklusive der zentralen Warmwasserversorgung. PKW-Stellpl\u00e4tze sind separat erwerbbar.<\/p>\n<p>Vermittelt durch Gross &amp; Klein Immobilien, Ihrem <a href=\"https:\/\/grossklein-immobilien.de\/de\/immobilienmakler-berlin-pankow\/\">Immobilienmakler in Berlin-Pankow<\/a>.<\/p>\n","protected":false},"excerpt":{"rendered":"<p>Hierbei handelt es ich um eine helle und praktisch aufgeteilte 4-Zimmer Wohnung im 1.OG, die sich in einer ruhigen Wohnlage von Berlin-Pankow (Ortsteil Niedersch\u00f6nhausen) befindet.<\/p>\n","protected":false},"featured_media":6754,"template":"","meta":{"_uag_custom_page_level_css":"","ngg_post_thumbnail":0},"product_cat":[24,356,422,417],"product_tag":[375],"class_list":{"0":"post-6753","1":"product","2":"type-product","3":"status-publish","4":"has-post-thumbnail","6":"product_cat-eigentumswohnungen","7":"product_cat-berlin-pankow","8":"product_cat-110-140","9":"product_cat-417","10":"product_tag-erstbezug-nach-sanierung","11":"pa_adresse-13156-berlin","12":"pa_balkon-ja","13":"pa_baujahr-358","14":"pa_befeuerung-zh-gas","15":"pa_courtage-595-inkl-mwst-vom-beurk-kaufpreis","16":"pa_etage-1-og-2","17":"pa_etagen-78","18":"pa_gaeste-wc-vorhanden","19":"pa_heizungsart-zentralheizung","20":"pa_objektzustand-modernisiert","21":"pa_standort-berlin-pankow","22":"pa_wohnflaeche-360","23":"pa_zimmer-276","25":"first","26":"outofstock","27":"shipping-taxable","28":"purchasable","29":"product-type-simple"},"yoast_head":"<!-- This site is optimized with the Yoast SEO plugin v26.8 - https:\/\/yoast.com\/product\/yoast-seo-wordpress\/ -->\n<title>SANIERTE 4-ZI WOHNUNG MIT BALKON IN BERLIN-PANKOW -<\/title>\n<meta name=\"robots\" content=\"index, follow, max-snippet:-1, max-image-preview:large, max-video-preview:-1\" \/>\n<link rel=\"canonical\" href=\"https:\/\/grossklein-immobilien.de\/de\/produkt\/sanierte-4-zi-wohnung-in-pankow\/\" \/>\n<meta property=\"og:locale\" content=\"de_DE\" \/>\n<meta property=\"og:type\" content=\"article\" \/>\n<meta property=\"og:title\" content=\"SANIERTE 4-ZI WOHNUNG MIT BALKON IN BERLIN-PANKOW -\" \/>\n<meta property=\"og:description\" content=\"Hierbei handelt es ich um eine helle und praktisch aufgeteilte 4-Zimmer Wohnung im 1.OG, die sich in einer ruhigen Wohnlage von Berlin-Pankow (Ortsteil Niedersch\u00f6nhausen) befindet.\" \/>\n<meta property=\"og:url\" content=\"https:\/\/grossklein-immobilien.de\/de\/produkt\/sanierte-4-zi-wohnung-in-pankow\/\" \/>\n<meta property=\"article:publisher\" content=\"https:\/\/www.facebook.com\/TOMIC-IMMOBILIEN-110945718988806\/\" \/>\n<meta property=\"article:modified_time\" content=\"2026-02-06T10:05:53+00:00\" \/>\n<meta property=\"og:image\" content=\"https:\/\/grossklein-immobilien.de\/de\/wp-content\/uploads\/2020\/01\/Foto-10.01.20-13-26-06.jpg\" \/>\n\t<meta property=\"og:image:width\" content=\"1024\" \/>\n\t<meta property=\"og:image:height\" content=\"768\" \/>\n\t<meta property=\"og:image:type\" content=\"image\/jpeg\" \/>\n<meta name=\"twitter:card\" content=\"summary_large_image\" \/>\n<meta name=\"twitter:site\" content=\"@draz_tomic\" \/>\n<meta name=\"twitter:label1\" content=\"Gesch\u00e4tzte Lesezeit\" \/>\n\t<meta name=\"twitter:data1\" content=\"2\u00a0Minuten\" \/>\n<script type=\"application\/ld+json\" class=\"yoast-schema-graph\">{\"@context\":\"https:\/\/schema.org\",\"@graph\":[{\"@type\":\"WebPage\",\"@id\":\"https:\/\/grossklein-immobilien.de\/de\/produkt\/sanierte-4-zi-wohnung-in-pankow\/\",\"url\":\"https:\/\/grossklein-immobilien.de\/de\/produkt\/sanierte-4-zi-wohnung-in-pankow\/\",\"name\":\"SANIERTE 4-ZI WOHNUNG MIT BALKON IN BERLIN-PANKOW -\",\"isPartOf\":{\"@id\":\"https:\/\/grossklein-immobilien.de\/de\/#website\"},\"primaryImageOfPage\":{\"@id\":\"https:\/\/grossklein-immobilien.de\/de\/produkt\/sanierte-4-zi-wohnung-in-pankow\/#primaryimage\"},\"image\":{\"@id\":\"https:\/\/grossklein-immobilien.de\/de\/produkt\/sanierte-4-zi-wohnung-in-pankow\/#primaryimage\"},\"thumbnailUrl\":\"https:\/\/grossklein-immobilien.de\/de\/wp-content\/uploads\/2020\/01\/Foto-10.01.20-13-26-06.jpg\",\"datePublished\":\"2020-01-27T12:17:22+00:00\",\"dateModified\":\"2026-02-06T10:05:53+00:00\",\"breadcrumb\":{\"@id\":\"https:\/\/grossklein-immobilien.de\/de\/produkt\/sanierte-4-zi-wohnung-in-pankow\/#breadcrumb\"},\"inLanguage\":\"de\",\"potentialAction\":[{\"@type\":\"ReadAction\",\"target\":[\"https:\/\/grossklein-immobilien.de\/de\/produkt\/sanierte-4-zi-wohnung-in-pankow\/\"]}]},{\"@type\":\"ImageObject\",\"inLanguage\":\"de\",\"@id\":\"https:\/\/grossklein-immobilien.de\/de\/produkt\/sanierte-4-zi-wohnung-in-pankow\/#primaryimage\",\"url\":\"https:\/\/grossklein-immobilien.de\/de\/wp-content\/uploads\/2020\/01\/Foto-10.01.20-13-26-06.jpg\",\"contentUrl\":\"https:\/\/grossklein-immobilien.de\/de\/wp-content\/uploads\/2020\/01\/Foto-10.01.20-13-26-06.jpg\",\"width\":1024,\"height\":768,\"caption\":\"Sanierte 3-Zi Neubauwohnung in Berlin-Pankow verkauft durch Gross & Klein Immobilien\"},{\"@type\":\"BreadcrumbList\",\"@id\":\"https:\/\/grossklein-immobilien.de\/de\/produkt\/sanierte-4-zi-wohnung-in-pankow\/#breadcrumb\",\"itemListElement\":[{\"@type\":\"ListItem\",\"position\":1,\"name\":\"Home\",\"item\":\"https:\/\/grossklein-immobilien.de\/de\/\"},{\"@type\":\"ListItem\",\"position\":2,\"name\":\"Immobilienangebote\",\"item\":\"https:\/\/grossklein-immobilien.de\/de\/immobilien-berlin\/\"},{\"@type\":\"ListItem\",\"position\":3,\"name\":\"SANIERTE 4-ZI WOHNUNG MIT BALKON IN BERLIN-PANKOW\"}]},{\"@type\":\"WebSite\",\"@id\":\"https:\/\/grossklein-immobilien.de\/de\/#website\",\"url\":\"https:\/\/grossklein-immobilien.de\/de\/\",\"name\":\"\",\"description\":\"\",\"potentialAction\":[{\"@type\":\"SearchAction\",\"target\":{\"@type\":\"EntryPoint\",\"urlTemplate\":\"https:\/\/grossklein-immobilien.de\/de\/?s={search_term_string}\"},\"query-input\":{\"@type\":\"PropertyValueSpecification\",\"valueRequired\":true,\"valueName\":\"search_term_string\"}}],\"inLanguage\":\"de\"}]}<\/script>\n<!-- \/ Yoast SEO plugin. -->","yoast_head_json":{"title":"SANIERTE 4-ZI WOHNUNG MIT BALKON IN BERLIN-PANKOW -","robots":{"index":"index","follow":"follow","max-snippet":"max-snippet:-1","max-image-preview":"max-image-preview:large","max-video-preview":"max-video-preview:-1"},"canonical":"https:\/\/grossklein-immobilien.de\/de\/produkt\/sanierte-4-zi-wohnung-in-pankow\/","og_locale":"de_DE","og_type":"article","og_title":"SANIERTE 4-ZI WOHNUNG MIT BALKON IN BERLIN-PANKOW -","og_description":"Hierbei handelt es ich um eine helle und praktisch aufgeteilte 4-Zimmer Wohnung im 1.OG, die sich in einer ruhigen Wohnlage von Berlin-Pankow (Ortsteil Niedersch\u00f6nhausen) befindet.","og_url":"https:\/\/grossklein-immobilien.de\/de\/produkt\/sanierte-4-zi-wohnung-in-pankow\/","article_publisher":"https:\/\/www.facebook.com\/TOMIC-IMMOBILIEN-110945718988806\/","article_modified_time":"2026-02-06T10:05:53+00:00","og_image":[{"width":1024,"height":768,"url":"https:\/\/grossklein-immobilien.de\/de\/wp-content\/uploads\/2020\/01\/Foto-10.01.20-13-26-06.jpg","type":"image\/jpeg"}],"twitter_card":"summary_large_image","twitter_site":"@draz_tomic","twitter_misc":{"Gesch\u00e4tzte Lesezeit":"2\u00a0Minuten"},"schema":{"@context":"https:\/\/schema.org","@graph":[{"@type":"WebPage","@id":"https:\/\/grossklein-immobilien.de\/de\/produkt\/sanierte-4-zi-wohnung-in-pankow\/","url":"https:\/\/grossklein-immobilien.de\/de\/produkt\/sanierte-4-zi-wohnung-in-pankow\/","name":"SANIERTE 4-ZI WOHNUNG MIT BALKON IN BERLIN-PANKOW -","isPartOf":{"@id":"https:\/\/grossklein-immobilien.de\/de\/#website"},"primaryImageOfPage":{"@id":"https:\/\/grossklein-immobilien.de\/de\/produkt\/sanierte-4-zi-wohnung-in-pankow\/#primaryimage"},"image":{"@id":"https:\/\/grossklein-immobilien.de\/de\/produkt\/sanierte-4-zi-wohnung-in-pankow\/#primaryimage"},"thumbnailUrl":"https:\/\/grossklein-immobilien.de\/de\/wp-content\/uploads\/2020\/01\/Foto-10.01.20-13-26-06.jpg","datePublished":"2020-01-27T12:17:22+00:00","dateModified":"2026-02-06T10:05:53+00:00","breadcrumb":{"@id":"https:\/\/grossklein-immobilien.de\/de\/produkt\/sanierte-4-zi-wohnung-in-pankow\/#breadcrumb"},"inLanguage":"de","potentialAction":[{"@type":"ReadAction","target":["https:\/\/grossklein-immobilien.de\/de\/produkt\/sanierte-4-zi-wohnung-in-pankow\/"]}]},{"@type":"ImageObject","inLanguage":"de","@id":"https:\/\/grossklein-immobilien.de\/de\/produkt\/sanierte-4-zi-wohnung-in-pankow\/#primaryimage","url":"https:\/\/grossklein-immobilien.de\/de\/wp-content\/uploads\/2020\/01\/Foto-10.01.20-13-26-06.jpg","contentUrl":"https:\/\/grossklein-immobilien.de\/de\/wp-content\/uploads\/2020\/01\/Foto-10.01.20-13-26-06.jpg","width":1024,"height":768,"caption":"Sanierte 3-Zi Neubauwohnung in Berlin-Pankow verkauft durch Gross & Klein Immobilien"},{"@type":"BreadcrumbList","@id":"https:\/\/grossklein-immobilien.de\/de\/produkt\/sanierte-4-zi-wohnung-in-pankow\/#breadcrumb","itemListElement":[{"@type":"ListItem","position":1,"name":"Home","item":"https:\/\/grossklein-immobilien.de\/de\/"},{"@type":"ListItem","position":2,"name":"Immobilienangebote","item":"https:\/\/grossklein-immobilien.de\/de\/immobilien-berlin\/"},{"@type":"ListItem","position":3,"name":"SANIERTE 4-ZI WOHNUNG MIT BALKON IN BERLIN-PANKOW"}]},{"@type":"WebSite","@id":"https:\/\/grossklein-immobilien.de\/de\/#website","url":"https:\/\/grossklein-immobilien.de\/de\/","name":"","description":"","potentialAction":[{"@type":"SearchAction","target":{"@type":"EntryPoint","urlTemplate":"https:\/\/grossklein-immobilien.de\/de\/?s={search_term_string}"},"query-input":{"@type":"PropertyValueSpecification","valueRequired":true,"valueName":"search_term_string"}}],"inLanguage":"de"}]}},"uagb_featured_image_src":{"full":["https:\/\/grossklein-immobilien.de\/de\/wp-content\/uploads\/2020\/01\/Foto-10.01.20-13-26-06.jpg",1024,768,false],"thumbnail":["https:\/\/grossklein-immobilien.de\/de\/wp-content\/uploads\/2020\/01\/Foto-10.01.20-13-26-06-150x150.jpg",150,150,true],"medium":["https:\/\/grossklein-immobilien.de\/de\/wp-content\/uploads\/2020\/01\/Foto-10.01.20-13-26-06-300x225.jpg",300,225,true],"medium_large":["https:\/\/grossklein-immobilien.de\/de\/wp-content\/uploads\/2020\/01\/Foto-10.01.20-13-26-06.jpg",1024,768,false],"large":["https:\/\/grossklein-immobilien.de\/de\/wp-content\/uploads\/2020\/01\/Foto-10.01.20-13-26-06.jpg",604,453,false],"1536x1536":["https:\/\/grossklein-immobilien.de\/de\/wp-content\/uploads\/2020\/01\/Foto-10.01.20-13-26-06.jpg",1024,768,false],"2048x2048":["https:\/\/grossklein-immobilien.de\/de\/wp-content\/uploads\/2020\/01\/Foto-10.01.20-13-26-06.jpg",1024,768,false],"post-thumbnail":["https:\/\/grossklein-immobilien.de\/de\/wp-content\/uploads\/2020\/01\/Foto-10.01.20-13-26-06-604x270.jpg",604,270,true],"woocommerce_thumbnail":["https:\/\/grossklein-immobilien.de\/de\/wp-content\/uploads\/2020\/01\/Foto-10.01.20-13-26-06-300x300.jpg",300,300,true],"woocommerce_single":["https:\/\/grossklein-immobilien.de\/de\/wp-content\/uploads\/2020\/01\/Foto-10.01.20-13-26-06.jpg",1024,768,false],"woocommerce_gallery_thumbnail":["https:\/\/grossklein-immobilien.de\/de\/wp-content\/uploads\/2020\/01\/Foto-10.01.20-13-26-06-100x100.jpg",100,100,true]},"uagb_author_info":{"display_name":"Drazan Tomic","author_link":"https:\/\/grossklein-immobilien.de\/de\/author\/"},"uagb_comment_info":0,"uagb_excerpt":"Hierbei handelt es ich um eine helle und praktisch aufgeteilte 4-Zimmer Wohnung im 1.OG, die sich in einer ruhigen Wohnlage von Berlin-Pankow (Ortsteil Niedersch\u00f6nhausen) befindet.","_links":{"self":[{"href":"https:\/\/grossklein-immobilien.de\/de\/wp-json\/wp\/v2\/product\/6753","targetHints":{"allow":["GET"]}}],"collection":[{"href":"https:\/\/grossklein-immobilien.de\/de\/wp-json\/wp\/v2\/product"}],"about":[{"href":"https:\/\/grossklein-immobilien.de\/de\/wp-json\/wp\/v2\/types\/product"}],"wp:featuredmedia":[{"embeddable":true,"href":"https:\/\/grossklein-immobilien.de\/de\/wp-json\/wp\/v2\/media\/6754"}],"wp:attachment":[{"href":"https:\/\/grossklein-immobilien.de\/de\/wp-json\/wp\/v2\/media?parent=6753"}],"wp:term":[{"taxonomy":"product_cat","embeddable":true,"href":"https:\/\/grossklein-immobilien.de\/de\/wp-json\/wp\/v2\/product_cat?post=6753"},{"taxonomy":"product_tag","embeddable":true,"href":"https:\/\/grossklein-immobilien.de\/de\/wp-json\/wp\/v2\/product_tag?post=6753"}],"curies":[{"name":"wp","href":"https:\/\/api.w.org\/{rel}","templated":true}]}}