{"id":6849,"date":"2020-02-07T20:53:03","date_gmt":"2020-02-07T19:53:03","guid":{"rendered":"http:\/\/grossklein-immobilien.de\/de\/?post_type=product&#038;p=6849"},"modified":"2023-05-12T12:34:41","modified_gmt":"2023-05-12T10:34:41","slug":"helle-wohnung-mit-balkon-gaeste-wc-berlin-lichtenrade","status":"publish","type":"product","link":"https:\/\/grossklein-immobilien.de\/de\/produkt\/helle-wohnung-mit-balkon-gaeste-wc-berlin-lichtenrade\/","title":{"rendered":"HELLE WOHNUNG MIT BALKON &#038; G\u00c4STE-WC IN LICHTENRADE"},"content":{"rendered":"<p style=\"text-align: justify;\">Bei diesem Angebot handelt es sich um eine Neubauwohnung im ruhigen Lichtenrade direkt am beliebten Volkspark Lichtenrade. Das in 1997 erbaute Haus besteht aus 5 Wohnungen und zwei Gewerbeeinheiten, die als Praxis vermietet sind und die ebenfalls als Kapitalanlage erworben werden k\u00f6nnen. Diese helle 3-Zimmer Wohnung befindet sich im 1.OG und ist bequem \u00fcber das Treppenhaus zu erreichen. Der praktische Grundriss \u00fcberzeugt und und zudem sind alle Zimmer separat begehbar. Ein gro\u00dfer Balkon zur Sonnenseite ist am ger\u00e4umigen Wohnzimmer angebunden. Alle R\u00e4ume verf\u00fcgen \u00fcber einen Laminatboden. Der W\u00e4nde sind wei\u00df gestrichen. Das Tageslichtbad ist mit einer Badewanne und einer Dusche ausgestattet. Ein G\u00e4ste-WC besitzt die Wohnung ebenfalls. Das Objekt wird mit einer Gas-Zentralheizung beheitzt, die auch die Warmwasserversorgung \u00fcbernimmt.<\/p>\n<p style=\"text-align: justify;\">Den Bewohnern des Hauses stehen 5 Stellpl\u00e4tze zur Verf\u00fcgung, die sich seitlich des Hauses befinden. In unmitelbarer N\u00e4he befinden sich Gesch\u00e4fte des t\u00e4glichen Bedarfs und diverse Busverbindungen, die schnell den S-Bahnhof Lichtenrade erreichen. \u00dcber die B96, die den Bezirk von Nord nach S\u00fcd durchschneidet, ist man schnell in Berlin oder auf der umliegenden Autobahn.<\/p>\n","protected":false},"excerpt":{"rendered":"<p>Hierbei handelt es sich um einen Neubau , der in 1997 erbaut wurde und bei dem in 2016\/2017 das Dach und die Fassade erneurt worden sowie das Treppenhaus einen neuen Anstrich erhielt.<\/p>\n","protected":false},"featured_media":6850,"template":"","meta":{"_uag_custom_page_level_css":"","ngg_post_thumbnail":0},"product_cat":[24,363,421,416],"product_tag":[374],"class_list":{"0":"post-6849","1":"product","2":"type-product","3":"status-publish","4":"has-post-thumbnail","6":"product_cat-eigentumswohnungen","7":"product_cat-berlin-lichtenrade","8":"product_cat-70-110","9":"product_cat-416","10":"product_tag-geldanlage","11":"pa_adresse-12309-berlin","12":"pa_balkon-vorhanden","13":"pa_baujahr-366","14":"pa_befeuerung-gas","15":"pa_courtage-595-inkl-mwst-vom-beurk-kaufpreis","16":"pa_etage-1-og-2","17":"pa_etagen-78","18":"pa_gaeste-wc-vorhanden","19":"pa_heizungsart-zentralheizung","20":"pa_objektzustand-gepflegt","21":"pa_standort-berlin-lichtenrade","22":"pa_wohnflaeche-367","23":"pa_zimmer-11","25":"first","26":"outofstock","27":"shipping-taxable","28":"purchasable","29":"product-type-simple"},"yoast_head":"<!-- This site is optimized with the Yoast SEO plugin v26.8 - https:\/\/yoast.com\/product\/yoast-seo-wordpress\/ -->\n<title>Helle 3-Zimmer Wohnung mit Sonnenbalkon und G\u00e4ste-WC in Lichtenrade<\/title>\n<meta name=\"description\" content=\"Helle Wohnung mit 3-Zimmern im 1.OG mit Sonnenbalkon und G\u00e4ste-WC im ruhigen Lichtenrade. Praktischer Grundriss mit separaten Zimmern. Gelegenheit!\" \/>\n<meta name=\"robots\" content=\"index, follow, max-snippet:-1, max-image-preview:large, max-video-preview:-1\" \/>\n<link rel=\"canonical\" href=\"https:\/\/grossklein-immobilien.de\/de\/produkt\/helle-wohnung-mit-balkon-gaeste-wc-berlin-lichtenrade\/\" \/>\n<meta property=\"og:locale\" content=\"de_DE\" \/>\n<meta property=\"og:type\" content=\"article\" \/>\n<meta property=\"og:title\" content=\"Helle 3-Zimmer Wohnung mit Sonnenbalkon und G\u00e4ste-WC in Lichtenrade\" \/>\n<meta property=\"og:description\" content=\"Helle Wohnung mit 3-Zimmern im 1.OG mit Sonnenbalkon und G\u00e4ste-WC im ruhigen Lichtenrade. Praktischer Grundriss mit separaten Zimmern. Gelegenheit!\" \/>\n<meta property=\"og:url\" content=\"https:\/\/grossklein-immobilien.de\/de\/produkt\/helle-wohnung-mit-balkon-gaeste-wc-berlin-lichtenrade\/\" \/>\n<meta property=\"article:publisher\" content=\"https:\/\/www.facebook.com\/TOMIC-IMMOBILIEN-110945718988806\/\" \/>\n<meta property=\"article:modified_time\" content=\"2023-05-12T10:34:41+00:00\" \/>\n<meta property=\"og:image\" content=\"https:\/\/grossklein-immobilien.de\/de\/wp-content\/uploads\/2020\/02\/Wohnzimmer-mit-Balkon.jpg\" \/>\n\t<meta property=\"og:image:width\" content=\"1024\" \/>\n\t<meta property=\"og:image:height\" content=\"683\" \/>\n\t<meta property=\"og:image:type\" content=\"image\/jpeg\" \/>\n<meta name=\"twitter:card\" content=\"summary_large_image\" \/>\n<meta name=\"twitter:site\" content=\"@draz_tomic\" \/>\n<meta name=\"twitter:label1\" content=\"Gesch\u00e4tzte Lesezeit\" \/>\n\t<meta name=\"twitter:data1\" content=\"1\u00a0Minute\" \/>\n<script type=\"application\/ld+json\" class=\"yoast-schema-graph\">{\"@context\":\"https:\/\/schema.org\",\"@graph\":[{\"@type\":\"WebPage\",\"@id\":\"https:\/\/grossklein-immobilien.de\/de\/produkt\/helle-wohnung-mit-balkon-gaeste-wc-berlin-lichtenrade\/\",\"url\":\"https:\/\/grossklein-immobilien.de\/de\/produkt\/helle-wohnung-mit-balkon-gaeste-wc-berlin-lichtenrade\/\",\"name\":\"Helle 3-Zimmer Wohnung mit Sonnenbalkon und G\u00e4ste-WC in Lichtenrade\",\"isPartOf\":{\"@id\":\"https:\/\/grossklein-immobilien.de\/de\/#website\"},\"primaryImageOfPage\":{\"@id\":\"https:\/\/grossklein-immobilien.de\/de\/produkt\/helle-wohnung-mit-balkon-gaeste-wc-berlin-lichtenrade\/#primaryimage\"},\"image\":{\"@id\":\"https:\/\/grossklein-immobilien.de\/de\/produkt\/helle-wohnung-mit-balkon-gaeste-wc-berlin-lichtenrade\/#primaryimage\"},\"thumbnailUrl\":\"https:\/\/grossklein-immobilien.de\/de\/wp-content\/uploads\/2020\/02\/Wohnzimmer-mit-Balkon.jpg\",\"datePublished\":\"2020-02-07T19:53:03+00:00\",\"dateModified\":\"2023-05-12T10:34:41+00:00\",\"description\":\"Helle Wohnung mit 3-Zimmern im 1.OG mit Sonnenbalkon und G\u00e4ste-WC im ruhigen Lichtenrade. Praktischer Grundriss mit separaten Zimmern. Gelegenheit!\",\"breadcrumb\":{\"@id\":\"https:\/\/grossklein-immobilien.de\/de\/produkt\/helle-wohnung-mit-balkon-gaeste-wc-berlin-lichtenrade\/#breadcrumb\"},\"inLanguage\":\"de\",\"potentialAction\":[{\"@type\":\"ReadAction\",\"target\":[\"https:\/\/grossklein-immobilien.de\/de\/produkt\/helle-wohnung-mit-balkon-gaeste-wc-berlin-lichtenrade\/\"]}]},{\"@type\":\"ImageObject\",\"inLanguage\":\"de\",\"@id\":\"https:\/\/grossklein-immobilien.de\/de\/produkt\/helle-wohnung-mit-balkon-gaeste-wc-berlin-lichtenrade\/#primaryimage\",\"url\":\"https:\/\/grossklein-immobilien.de\/de\/wp-content\/uploads\/2020\/02\/Wohnzimmer-mit-Balkon.jpg\",\"contentUrl\":\"https:\/\/grossklein-immobilien.de\/de\/wp-content\/uploads\/2020\/02\/Wohnzimmer-mit-Balkon.jpg\",\"width\":1024,\"height\":683,\"caption\":\"helle wohnung\"},{\"@type\":\"BreadcrumbList\",\"@id\":\"https:\/\/grossklein-immobilien.de\/de\/produkt\/helle-wohnung-mit-balkon-gaeste-wc-berlin-lichtenrade\/#breadcrumb\",\"itemListElement\":[{\"@type\":\"ListItem\",\"position\":1,\"name\":\"Home\",\"item\":\"https:\/\/grossklein-immobilien.de\/de\/\"},{\"@type\":\"ListItem\",\"position\":2,\"name\":\"Immobilienangebote\",\"item\":\"https:\/\/grossklein-immobilien.de\/de\/immobilien-berlin\/\"},{\"@type\":\"ListItem\",\"position\":3,\"name\":\"HELLE WOHNUNG MIT BALKON &#038; G\u00c4STE-WC IN LICHTENRADE\"}]},{\"@type\":\"WebSite\",\"@id\":\"https:\/\/grossklein-immobilien.de\/de\/#website\",\"url\":\"https:\/\/grossklein-immobilien.de\/de\/\",\"name\":\"\",\"description\":\"\",\"potentialAction\":[{\"@type\":\"SearchAction\",\"target\":{\"@type\":\"EntryPoint\",\"urlTemplate\":\"https:\/\/grossklein-immobilien.de\/de\/?s={search_term_string}\"},\"query-input\":{\"@type\":\"PropertyValueSpecification\",\"valueRequired\":true,\"valueName\":\"search_term_string\"}}],\"inLanguage\":\"de\"}]}<\/script>\n<!-- \/ Yoast SEO plugin. -->","yoast_head_json":{"title":"Helle 3-Zimmer Wohnung mit Sonnenbalkon und G\u00e4ste-WC in Lichtenrade","description":"Helle Wohnung mit 3-Zimmern im 1.OG mit Sonnenbalkon und G\u00e4ste-WC im ruhigen Lichtenrade. Praktischer Grundriss mit separaten Zimmern. Gelegenheit!","robots":{"index":"index","follow":"follow","max-snippet":"max-snippet:-1","max-image-preview":"max-image-preview:large","max-video-preview":"max-video-preview:-1"},"canonical":"https:\/\/grossklein-immobilien.de\/de\/produkt\/helle-wohnung-mit-balkon-gaeste-wc-berlin-lichtenrade\/","og_locale":"de_DE","og_type":"article","og_title":"Helle 3-Zimmer Wohnung mit Sonnenbalkon und G\u00e4ste-WC in Lichtenrade","og_description":"Helle Wohnung mit 3-Zimmern im 1.OG mit Sonnenbalkon und G\u00e4ste-WC im ruhigen Lichtenrade. Praktischer Grundriss mit separaten Zimmern. Gelegenheit!","og_url":"https:\/\/grossklein-immobilien.de\/de\/produkt\/helle-wohnung-mit-balkon-gaeste-wc-berlin-lichtenrade\/","article_publisher":"https:\/\/www.facebook.com\/TOMIC-IMMOBILIEN-110945718988806\/","article_modified_time":"2023-05-12T10:34:41+00:00","og_image":[{"width":1024,"height":683,"url":"https:\/\/grossklein-immobilien.de\/de\/wp-content\/uploads\/2020\/02\/Wohnzimmer-mit-Balkon.jpg","type":"image\/jpeg"}],"twitter_card":"summary_large_image","twitter_site":"@draz_tomic","twitter_misc":{"Gesch\u00e4tzte Lesezeit":"1\u00a0Minute"},"schema":{"@context":"https:\/\/schema.org","@graph":[{"@type":"WebPage","@id":"https:\/\/grossklein-immobilien.de\/de\/produkt\/helle-wohnung-mit-balkon-gaeste-wc-berlin-lichtenrade\/","url":"https:\/\/grossklein-immobilien.de\/de\/produkt\/helle-wohnung-mit-balkon-gaeste-wc-berlin-lichtenrade\/","name":"Helle 3-Zimmer Wohnung mit Sonnenbalkon und G\u00e4ste-WC in Lichtenrade","isPartOf":{"@id":"https:\/\/grossklein-immobilien.de\/de\/#website"},"primaryImageOfPage":{"@id":"https:\/\/grossklein-immobilien.de\/de\/produkt\/helle-wohnung-mit-balkon-gaeste-wc-berlin-lichtenrade\/#primaryimage"},"image":{"@id":"https:\/\/grossklein-immobilien.de\/de\/produkt\/helle-wohnung-mit-balkon-gaeste-wc-berlin-lichtenrade\/#primaryimage"},"thumbnailUrl":"https:\/\/grossklein-immobilien.de\/de\/wp-content\/uploads\/2020\/02\/Wohnzimmer-mit-Balkon.jpg","datePublished":"2020-02-07T19:53:03+00:00","dateModified":"2023-05-12T10:34:41+00:00","description":"Helle Wohnung mit 3-Zimmern im 1.OG mit Sonnenbalkon und G\u00e4ste-WC im ruhigen Lichtenrade. Praktischer Grundriss mit separaten Zimmern. Gelegenheit!","breadcrumb":{"@id":"https:\/\/grossklein-immobilien.de\/de\/produkt\/helle-wohnung-mit-balkon-gaeste-wc-berlin-lichtenrade\/#breadcrumb"},"inLanguage":"de","potentialAction":[{"@type":"ReadAction","target":["https:\/\/grossklein-immobilien.de\/de\/produkt\/helle-wohnung-mit-balkon-gaeste-wc-berlin-lichtenrade\/"]}]},{"@type":"ImageObject","inLanguage":"de","@id":"https:\/\/grossklein-immobilien.de\/de\/produkt\/helle-wohnung-mit-balkon-gaeste-wc-berlin-lichtenrade\/#primaryimage","url":"https:\/\/grossklein-immobilien.de\/de\/wp-content\/uploads\/2020\/02\/Wohnzimmer-mit-Balkon.jpg","contentUrl":"https:\/\/grossklein-immobilien.de\/de\/wp-content\/uploads\/2020\/02\/Wohnzimmer-mit-Balkon.jpg","width":1024,"height":683,"caption":"helle wohnung"},{"@type":"BreadcrumbList","@id":"https:\/\/grossklein-immobilien.de\/de\/produkt\/helle-wohnung-mit-balkon-gaeste-wc-berlin-lichtenrade\/#breadcrumb","itemListElement":[{"@type":"ListItem","position":1,"name":"Home","item":"https:\/\/grossklein-immobilien.de\/de\/"},{"@type":"ListItem","position":2,"name":"Immobilienangebote","item":"https:\/\/grossklein-immobilien.de\/de\/immobilien-berlin\/"},{"@type":"ListItem","position":3,"name":"HELLE WOHNUNG MIT BALKON &#038; G\u00c4STE-WC IN LICHTENRADE"}]},{"@type":"WebSite","@id":"https:\/\/grossklein-immobilien.de\/de\/#website","url":"https:\/\/grossklein-immobilien.de\/de\/","name":"","description":"","potentialAction":[{"@type":"SearchAction","target":{"@type":"EntryPoint","urlTemplate":"https:\/\/grossklein-immobilien.de\/de\/?s={search_term_string}"},"query-input":{"@type":"PropertyValueSpecification","valueRequired":true,"valueName":"search_term_string"}}],"inLanguage":"de"}]}},"uagb_featured_image_src":{"full":["https:\/\/grossklein-immobilien.de\/de\/wp-content\/uploads\/2020\/02\/Wohnzimmer-mit-Balkon.jpg",1024,683,false],"thumbnail":["https:\/\/grossklein-immobilien.de\/de\/wp-content\/uploads\/2020\/02\/Wohnzimmer-mit-Balkon-150x150.jpg",150,150,true],"medium":["https:\/\/grossklein-immobilien.de\/de\/wp-content\/uploads\/2020\/02\/Wohnzimmer-mit-Balkon-300x200.jpg",300,200,true],"medium_large":["https:\/\/grossklein-immobilien.de\/de\/wp-content\/uploads\/2020\/02\/Wohnzimmer-mit-Balkon.jpg",1024,683,false],"large":["https:\/\/grossklein-immobilien.de\/de\/wp-content\/uploads\/2020\/02\/Wohnzimmer-mit-Balkon.jpg",604,403,false],"1536x1536":["https:\/\/grossklein-immobilien.de\/de\/wp-content\/uploads\/2020\/02\/Wohnzimmer-mit-Balkon.jpg",1024,683,false],"2048x2048":["https:\/\/grossklein-immobilien.de\/de\/wp-content\/uploads\/2020\/02\/Wohnzimmer-mit-Balkon.jpg",1024,683,false],"post-thumbnail":["https:\/\/grossklein-immobilien.de\/de\/wp-content\/uploads\/2020\/02\/Wohnzimmer-mit-Balkon-604x270.jpg",604,270,true],"woocommerce_thumbnail":["https:\/\/grossklein-immobilien.de\/de\/wp-content\/uploads\/2020\/02\/Wohnzimmer-mit-Balkon-300x300.jpg",300,300,true],"woocommerce_single":["https:\/\/grossklein-immobilien.de\/de\/wp-content\/uploads\/2020\/02\/Wohnzimmer-mit-Balkon.jpg",1024,683,false],"woocommerce_gallery_thumbnail":["https:\/\/grossklein-immobilien.de\/de\/wp-content\/uploads\/2020\/02\/Wohnzimmer-mit-Balkon-100x100.jpg",100,100,true]},"uagb_author_info":{"display_name":"Drazan Tomic","author_link":"https:\/\/grossklein-immobilien.de\/de\/author\/"},"uagb_comment_info":0,"uagb_excerpt":"Hierbei handelt es sich um einen Neubau , der in 1997 erbaut wurde und bei dem in 2016\/2017 das Dach und die Fassade erneurt worden sowie das Treppenhaus einen neuen Anstrich erhielt.","_links":{"self":[{"href":"https:\/\/grossklein-immobilien.de\/de\/wp-json\/wp\/v2\/product\/6849","targetHints":{"allow":["GET"]}}],"collection":[{"href":"https:\/\/grossklein-immobilien.de\/de\/wp-json\/wp\/v2\/product"}],"about":[{"href":"https:\/\/grossklein-immobilien.de\/de\/wp-json\/wp\/v2\/types\/product"}],"wp:featuredmedia":[{"embeddable":true,"href":"https:\/\/grossklein-immobilien.de\/de\/wp-json\/wp\/v2\/media\/6850"}],"wp:attachment":[{"href":"https:\/\/grossklein-immobilien.de\/de\/wp-json\/wp\/v2\/media?parent=6849"}],"wp:term":[{"taxonomy":"product_cat","embeddable":true,"href":"https:\/\/grossklein-immobilien.de\/de\/wp-json\/wp\/v2\/product_cat?post=6849"},{"taxonomy":"product_tag","embeddable":true,"href":"https:\/\/grossklein-immobilien.de\/de\/wp-json\/wp\/v2\/product_tag?post=6849"}],"curies":[{"name":"wp","href":"https:\/\/api.w.org\/{rel}","templated":true}]}}