{"id":7075,"date":"2020-10-18T14:24:13","date_gmt":"2020-10-18T12:24:13","guid":{"rendered":"http:\/\/grossklein-immobilien.de\/de\/?post_type=product&#038;p=7075"},"modified":"2023-05-12T12:34:49","modified_gmt":"2023-05-12T10:34:49","slug":"solide-vemietet-im-1-og-in-lichtenrade","status":"publish","type":"product","link":"https:\/\/grossklein-immobilien.de\/de\/produkt\/solide-vemietet-im-1-og-in-lichtenrade\/","title":{"rendered":"SOLIDE VEMIETET IM 1.OG IN LICHTENRADE"},"content":{"rendered":"<p>Bei dieser Immobilie handelt es sich um eine solide vermietete 3-Zimmer Wohnung im 1.OG. Das Objekt besteht insgesamt aus 7 Einheiten davon sind 5 Wohnungen und 2 Gewerbe bzw. eine Arztpraxis und eine Physiopraxis, jeweils im Erdgeschoss des Objekts. Das Geb\u00e4ude von 1997 hat in 2016\/2017 eine neue Fassade erhalten, des Weiteren wurde das Dach neu isoliert und dassTreppenhaus wurde erneuert. Die hier angebotene Wohnung ist seit 2003 vermietet. Sie verf\u00fcgt neben dem gro\u00dfz\u00fcgigem Wohnzimmer \u00fcber 2 separate Schlafzimmer, einem Bad mit Dusche und einem G\u00e4ste-WC. Der Balkon ist zum S\u00fcdwesten augerichtet und bietet angenehme Sonne. Der Grundriss der Wohnung ist sehr praktisch. Die Zimmer habe alle eine angemessenen Wohnfl\u00e4che von mindestens 18 m\u00b2 und mehr. Die aktuelle netto Kaltmiete betr\u00e4gt ca. 575,00\u20ac im Monat bzw. 6.900\u20ac im Jahr. Besichtigungstermine sind nach Absprache m\u00f6glich.<\/p>\n","protected":false},"excerpt":{"rendered":"<p>Es handelt sich hierbei um eine vermietete 3-Zimmer Wohnung mit praktischem Grundriss, Sonnenbalkon G\u00e4ste-WC.<\/p>\n","protected":false},"featured_media":7079,"template":"","meta":{"_uag_custom_page_level_css":"","ngg_post_thumbnail":0},"product_cat":[24,27,363,421,416],"product_tag":[377],"class_list":{"0":"post-7075","1":"product","2":"type-product","3":"status-publish","4":"has-post-thumbnail","6":"product_cat-eigentumswohnungen","7":"product_cat-kapitalanlage","8":"product_cat-berlin-lichtenrade","9":"product_cat-70-110","10":"product_cat-416","11":"product_tag-kapitalanlage","12":"pa_adresse-12309-berlin","13":"pa_balkon-ja","14":"pa_baujahr-366","15":"pa_courtage-714-inkl-mwst-vom-beurk-kaufpreis","16":"pa_etage-338","17":"pa_etagen-78","18":"pa_gaeste-wc-ja","19":"pa_heizungsart-zh-gas-mit-warmwasseraufbereitung","20":"pa_lage-1-og","21":"pa_mieteinnahmen-376","22":"pa_objektzustand-gepflegt","23":"pa_standort-berlin-lichtenrade","24":"pa_wohnflaeche-95-m","25":"pa_zimmer-11","27":"first","28":"outofstock","29":"shipping-taxable","30":"purchasable","31":"product-type-simple"},"yoast_head":"<!-- This site is optimized with the Yoast SEO plugin v26.8 - https:\/\/yoast.com\/product\/yoast-seo-wordpress\/ -->\n<title>SOLIDE VEMIETET IM 1.OG IN LICHTENRADE -<\/title>\n<meta name=\"robots\" content=\"index, follow, max-snippet:-1, max-image-preview:large, max-video-preview:-1\" \/>\n<link rel=\"canonical\" href=\"https:\/\/grossklein-immobilien.de\/de\/produkt\/solide-vemietet-im-1-og-in-lichtenrade\/\" \/>\n<meta property=\"og:locale\" content=\"de_DE\" \/>\n<meta property=\"og:type\" content=\"article\" \/>\n<meta property=\"og:title\" content=\"SOLIDE VEMIETET IM 1.OG IN LICHTENRADE -\" \/>\n<meta property=\"og:description\" content=\"Es handelt sich hierbei um eine vermietete 3-Zimmer Wohnung mit praktischem Grundriss, Sonnenbalkon G\u00e4ste-WC.\" \/>\n<meta property=\"og:url\" content=\"https:\/\/grossklein-immobilien.de\/de\/produkt\/solide-vemietet-im-1-og-in-lichtenrade\/\" \/>\n<meta property=\"article:publisher\" content=\"https:\/\/www.facebook.com\/TOMIC-IMMOBILIEN-110945718988806\/\" \/>\n<meta property=\"article:modified_time\" content=\"2023-05-12T10:34:49+00:00\" \/>\n<meta property=\"og:image\" content=\"https:\/\/grossklein-immobilien.de\/de\/wp-content\/uploads\/2020\/10\/Wohnzimmer-mit-Balkon.jpg\" \/>\n\t<meta property=\"og:image:width\" content=\"1024\" \/>\n\t<meta property=\"og:image:height\" content=\"683\" \/>\n\t<meta property=\"og:image:type\" content=\"image\/jpeg\" \/>\n<meta name=\"twitter:card\" content=\"summary_large_image\" \/>\n<meta name=\"twitter:site\" content=\"@draz_tomic\" \/>\n<meta name=\"twitter:label1\" content=\"Gesch\u00e4tzte Lesezeit\" \/>\n\t<meta name=\"twitter:data1\" content=\"1\u00a0Minute\" \/>\n<script type=\"application\/ld+json\" class=\"yoast-schema-graph\">{\"@context\":\"https:\/\/schema.org\",\"@graph\":[{\"@type\":\"WebPage\",\"@id\":\"https:\/\/grossklein-immobilien.de\/de\/produkt\/solide-vemietet-im-1-og-in-lichtenrade\/\",\"url\":\"https:\/\/grossklein-immobilien.de\/de\/produkt\/solide-vemietet-im-1-og-in-lichtenrade\/\",\"name\":\"SOLIDE VEMIETET IM 1.OG IN LICHTENRADE -\",\"isPartOf\":{\"@id\":\"https:\/\/grossklein-immobilien.de\/de\/#website\"},\"primaryImageOfPage\":{\"@id\":\"https:\/\/grossklein-immobilien.de\/de\/produkt\/solide-vemietet-im-1-og-in-lichtenrade\/#primaryimage\"},\"image\":{\"@id\":\"https:\/\/grossklein-immobilien.de\/de\/produkt\/solide-vemietet-im-1-og-in-lichtenrade\/#primaryimage\"},\"thumbnailUrl\":\"https:\/\/grossklein-immobilien.de\/de\/wp-content\/uploads\/2020\/10\/Wohnzimmer-mit-Balkon.jpg\",\"datePublished\":\"2020-10-18T12:24:13+00:00\",\"dateModified\":\"2023-05-12T10:34:49+00:00\",\"breadcrumb\":{\"@id\":\"https:\/\/grossklein-immobilien.de\/de\/produkt\/solide-vemietet-im-1-og-in-lichtenrade\/#breadcrumb\"},\"inLanguage\":\"de\",\"potentialAction\":[{\"@type\":\"ReadAction\",\"target\":[\"https:\/\/grossklein-immobilien.de\/de\/produkt\/solide-vemietet-im-1-og-in-lichtenrade\/\"]}]},{\"@type\":\"ImageObject\",\"inLanguage\":\"de\",\"@id\":\"https:\/\/grossklein-immobilien.de\/de\/produkt\/solide-vemietet-im-1-og-in-lichtenrade\/#primaryimage\",\"url\":\"https:\/\/grossklein-immobilien.de\/de\/wp-content\/uploads\/2020\/10\/Wohnzimmer-mit-Balkon.jpg\",\"contentUrl\":\"https:\/\/grossklein-immobilien.de\/de\/wp-content\/uploads\/2020\/10\/Wohnzimmer-mit-Balkon.jpg\",\"width\":1024,\"height\":683},{\"@type\":\"BreadcrumbList\",\"@id\":\"https:\/\/grossklein-immobilien.de\/de\/produkt\/solide-vemietet-im-1-og-in-lichtenrade\/#breadcrumb\",\"itemListElement\":[{\"@type\":\"ListItem\",\"position\":1,\"name\":\"Home\",\"item\":\"https:\/\/grossklein-immobilien.de\/de\/\"},{\"@type\":\"ListItem\",\"position\":2,\"name\":\"Immobilienangebote\",\"item\":\"https:\/\/grossklein-immobilien.de\/de\/immobilien-berlin\/\"},{\"@type\":\"ListItem\",\"position\":3,\"name\":\"SOLIDE VEMIETET IM 1.OG IN LICHTENRADE\"}]},{\"@type\":\"WebSite\",\"@id\":\"https:\/\/grossklein-immobilien.de\/de\/#website\",\"url\":\"https:\/\/grossklein-immobilien.de\/de\/\",\"name\":\"\",\"description\":\"\",\"potentialAction\":[{\"@type\":\"SearchAction\",\"target\":{\"@type\":\"EntryPoint\",\"urlTemplate\":\"https:\/\/grossklein-immobilien.de\/de\/?s={search_term_string}\"},\"query-input\":{\"@type\":\"PropertyValueSpecification\",\"valueRequired\":true,\"valueName\":\"search_term_string\"}}],\"inLanguage\":\"de\"}]}<\/script>\n<!-- \/ Yoast SEO plugin. -->","yoast_head_json":{"title":"SOLIDE VEMIETET IM 1.OG IN LICHTENRADE -","robots":{"index":"index","follow":"follow","max-snippet":"max-snippet:-1","max-image-preview":"max-image-preview:large","max-video-preview":"max-video-preview:-1"},"canonical":"https:\/\/grossklein-immobilien.de\/de\/produkt\/solide-vemietet-im-1-og-in-lichtenrade\/","og_locale":"de_DE","og_type":"article","og_title":"SOLIDE VEMIETET IM 1.OG IN LICHTENRADE -","og_description":"Es handelt sich hierbei um eine vermietete 3-Zimmer Wohnung mit praktischem Grundriss, Sonnenbalkon G\u00e4ste-WC.","og_url":"https:\/\/grossklein-immobilien.de\/de\/produkt\/solide-vemietet-im-1-og-in-lichtenrade\/","article_publisher":"https:\/\/www.facebook.com\/TOMIC-IMMOBILIEN-110945718988806\/","article_modified_time":"2023-05-12T10:34:49+00:00","og_image":[{"width":1024,"height":683,"url":"https:\/\/grossklein-immobilien.de\/de\/wp-content\/uploads\/2020\/10\/Wohnzimmer-mit-Balkon.jpg","type":"image\/jpeg"}],"twitter_card":"summary_large_image","twitter_site":"@draz_tomic","twitter_misc":{"Gesch\u00e4tzte Lesezeit":"1\u00a0Minute"},"schema":{"@context":"https:\/\/schema.org","@graph":[{"@type":"WebPage","@id":"https:\/\/grossklein-immobilien.de\/de\/produkt\/solide-vemietet-im-1-og-in-lichtenrade\/","url":"https:\/\/grossklein-immobilien.de\/de\/produkt\/solide-vemietet-im-1-og-in-lichtenrade\/","name":"SOLIDE VEMIETET IM 1.OG IN LICHTENRADE -","isPartOf":{"@id":"https:\/\/grossklein-immobilien.de\/de\/#website"},"primaryImageOfPage":{"@id":"https:\/\/grossklein-immobilien.de\/de\/produkt\/solide-vemietet-im-1-og-in-lichtenrade\/#primaryimage"},"image":{"@id":"https:\/\/grossklein-immobilien.de\/de\/produkt\/solide-vemietet-im-1-og-in-lichtenrade\/#primaryimage"},"thumbnailUrl":"https:\/\/grossklein-immobilien.de\/de\/wp-content\/uploads\/2020\/10\/Wohnzimmer-mit-Balkon.jpg","datePublished":"2020-10-18T12:24:13+00:00","dateModified":"2023-05-12T10:34:49+00:00","breadcrumb":{"@id":"https:\/\/grossklein-immobilien.de\/de\/produkt\/solide-vemietet-im-1-og-in-lichtenrade\/#breadcrumb"},"inLanguage":"de","potentialAction":[{"@type":"ReadAction","target":["https:\/\/grossklein-immobilien.de\/de\/produkt\/solide-vemietet-im-1-og-in-lichtenrade\/"]}]},{"@type":"ImageObject","inLanguage":"de","@id":"https:\/\/grossklein-immobilien.de\/de\/produkt\/solide-vemietet-im-1-og-in-lichtenrade\/#primaryimage","url":"https:\/\/grossklein-immobilien.de\/de\/wp-content\/uploads\/2020\/10\/Wohnzimmer-mit-Balkon.jpg","contentUrl":"https:\/\/grossklein-immobilien.de\/de\/wp-content\/uploads\/2020\/10\/Wohnzimmer-mit-Balkon.jpg","width":1024,"height":683},{"@type":"BreadcrumbList","@id":"https:\/\/grossklein-immobilien.de\/de\/produkt\/solide-vemietet-im-1-og-in-lichtenrade\/#breadcrumb","itemListElement":[{"@type":"ListItem","position":1,"name":"Home","item":"https:\/\/grossklein-immobilien.de\/de\/"},{"@type":"ListItem","position":2,"name":"Immobilienangebote","item":"https:\/\/grossklein-immobilien.de\/de\/immobilien-berlin\/"},{"@type":"ListItem","position":3,"name":"SOLIDE VEMIETET IM 1.OG IN LICHTENRADE"}]},{"@type":"WebSite","@id":"https:\/\/grossklein-immobilien.de\/de\/#website","url":"https:\/\/grossklein-immobilien.de\/de\/","name":"","description":"","potentialAction":[{"@type":"SearchAction","target":{"@type":"EntryPoint","urlTemplate":"https:\/\/grossklein-immobilien.de\/de\/?s={search_term_string}"},"query-input":{"@type":"PropertyValueSpecification","valueRequired":true,"valueName":"search_term_string"}}],"inLanguage":"de"}]}},"uagb_featured_image_src":{"full":["https:\/\/grossklein-immobilien.de\/de\/wp-content\/uploads\/2020\/10\/Wohnzimmer-mit-Balkon.jpg",1024,683,false],"thumbnail":["https:\/\/grossklein-immobilien.de\/de\/wp-content\/uploads\/2020\/10\/Wohnzimmer-mit-Balkon-150x150.jpg",150,150,true],"medium":["https:\/\/grossklein-immobilien.de\/de\/wp-content\/uploads\/2020\/10\/Wohnzimmer-mit-Balkon-300x200.jpg",300,200,true],"medium_large":["https:\/\/grossklein-immobilien.de\/de\/wp-content\/uploads\/2020\/10\/Wohnzimmer-mit-Balkon.jpg",1024,683,false],"large":["https:\/\/grossklein-immobilien.de\/de\/wp-content\/uploads\/2020\/10\/Wohnzimmer-mit-Balkon.jpg",604,403,false],"1536x1536":["https:\/\/grossklein-immobilien.de\/de\/wp-content\/uploads\/2020\/10\/Wohnzimmer-mit-Balkon.jpg",1024,683,false],"2048x2048":["https:\/\/grossklein-immobilien.de\/de\/wp-content\/uploads\/2020\/10\/Wohnzimmer-mit-Balkon.jpg",1024,683,false],"post-thumbnail":["https:\/\/grossklein-immobilien.de\/de\/wp-content\/uploads\/2020\/10\/Wohnzimmer-mit-Balkon-604x270.jpg",604,270,true],"woocommerce_thumbnail":["https:\/\/grossklein-immobilien.de\/de\/wp-content\/uploads\/2020\/10\/Wohnzimmer-mit-Balkon-300x300.jpg",300,300,true],"woocommerce_single":["https:\/\/grossklein-immobilien.de\/de\/wp-content\/uploads\/2020\/10\/Wohnzimmer-mit-Balkon.jpg",1024,683,false],"woocommerce_gallery_thumbnail":["https:\/\/grossklein-immobilien.de\/de\/wp-content\/uploads\/2020\/10\/Wohnzimmer-mit-Balkon-100x100.jpg",100,100,true]},"uagb_author_info":{"display_name":"Drazan Tomic","author_link":"https:\/\/grossklein-immobilien.de\/de\/author\/"},"uagb_comment_info":0,"uagb_excerpt":"Es handelt sich hierbei um eine vermietete 3-Zimmer Wohnung mit praktischem Grundriss, Sonnenbalkon G\u00e4ste-WC.","_links":{"self":[{"href":"https:\/\/grossklein-immobilien.de\/de\/wp-json\/wp\/v2\/product\/7075","targetHints":{"allow":["GET"]}}],"collection":[{"href":"https:\/\/grossklein-immobilien.de\/de\/wp-json\/wp\/v2\/product"}],"about":[{"href":"https:\/\/grossklein-immobilien.de\/de\/wp-json\/wp\/v2\/types\/product"}],"wp:featuredmedia":[{"embeddable":true,"href":"https:\/\/grossklein-immobilien.de\/de\/wp-json\/wp\/v2\/media\/7079"}],"wp:attachment":[{"href":"https:\/\/grossklein-immobilien.de\/de\/wp-json\/wp\/v2\/media?parent=7075"}],"wp:term":[{"taxonomy":"product_cat","embeddable":true,"href":"https:\/\/grossklein-immobilien.de\/de\/wp-json\/wp\/v2\/product_cat?post=7075"},{"taxonomy":"product_tag","embeddable":true,"href":"https:\/\/grossklein-immobilien.de\/de\/wp-json\/wp\/v2\/product_tag?post=7075"}],"curies":[{"name":"wp","href":"https:\/\/api.w.org\/{rel}","templated":true}]}}